{"id":3136,"date":"2017-04-07T16:54:28","date_gmt":"2017-04-07T16:54:28","guid":{"rendered":"https:\/\/www.villaalcaldelanzarote.com\/kontakt\/"},"modified":"2025-06-27T11:23:45","modified_gmt":"2025-06-27T11:23:45","slug":"kontakt","status":"publish","type":"page","link":"https:\/\/villaalcaldelanzarote.com\/de\/kontakt\/","title":{"rendered":"Kontakt"},"content":{"rendered":"<div class=\"wpb-content-wrapper\"><p>[vc_row full_width=&#8220;stretch_row&#8220; type=&#8220;vc_default&#8220; css=&#8220;.vc_custom_1739541298213{margin-top: -152px !important;}&#8220; el_class=&#8220;custom-row-2&#8243;][vc_column css=&#8220;.vc_custom_1492705329900{padding-top: 0px !important;}&#8220;][vc_row_inner css=&#8220;.vc_custom_1492705400904{padding-top: 0px !important;}&#8220;][vc_column_inner width=&#8220;1\/2&#8243; css=&#8220;.vc_custom_1489252094501{padding-top: 70px !important;padding-right: 0px !important;}&#8220;][\/vc_column_inner][vc_column_inner width=&#8220;1\/2&#8243; css=&#8220;.vc_custom_1739205492688{padding-right: 0px !important;padding-left: 0px !important;}&#8220;][vc_column_text css=&#8220;.vc_custom_1740660405203{margin-bottom: 0px !important;padding-top: 30px !important;padding-right: 30px !important;padding-bottom: 30px !important;padding-left: 30px !important;background-color: #f3eee9 !important;}&#8220;]<\/p>\n<h1>Kontakt<\/h1>\n<p>[\/vc_column_text][vc_separator color=&#8220;black&#8220; el_width=&#8220;90&#8243;][\/vc_column_inner][\/vc_row_inner][\/vc_column][\/vc_row][vc_row full_width=&#8220;stretch_row&#8220; type=&#8220;vc_default&#8220; el_id=&#8220;Standort&#8220; el_class=&#8220;main_row&#8220;][vc_column css=&#8220;.vc_custom_1742999715826{padding-top: 30px !important;padding-bottom: 85px !important;}&#8220;][vc_row_inner content_placement=&#8220;top&#8220;][vc_column_inner width=&#8220;1\/2&#8243; css=&#8220;.vc_custom_1739442609072{margin-bottom: 0px !important;padding-right: 30px !important;}&#8220;][vc_gmaps link=&#8220;#E-8_JTNDaWZyYW1lJTIwc3JjJTNEJTIyaHR0cHMlM0ElMkYlMkZ3d3cuZ29vZ2xlLmNvbSUyRm1hcHMlMkZlbWJlZCUzRnBiJTNEJTIxMW0xOCUyMTFtMTIlMjExbTMlMjExZDExMTcyMy43MzYwNjQzMTA4MSUyMTJkLTEzLjc1MTMwMDM3MzAwNjI0JTIxM2QyOC45NDY4NDQ2MDYwODg0OCUyMTJtMyUyMTFmMCUyMTJmMCUyMTNmMCUyMTNtMiUyMTFpMTAyNCUyMTJpNzY4JTIxNGYxMy4xJTIxM20zJTIxMW0yJTIxMXMweGM0NjI0NTU1MDA0MmYwOSUyNTNBMHg0ZWE3MGZhOWQwNWRmYzYzJTIxMnNWaWxsYSUyNTIwQWxjYWxkZSUyMTVlMCUyMTNtMiUyMTFzZW4lMjEyc3VrJTIxNHYxNzM5Mjc4MzQ4MjYwJTIxNW0yJTIxMXNlbiUyMTJzdWslMjIlMjB3aWR0aCUzRCUyMjYwMCUyMiUyMGhlaWdodCUzRCUyMjQ1MCUyMiUyMHN0eWxlJTNEJTIyYm9yZGVyJTNBMCUzQiUyMiUyMGFsbG93ZnVsbHNjcmVlbiUzRCUyMiUyMiUyMGxvYWRpbmclM0QlMjJsYXp5JTIyJTIwcmVmZXJyZXJwb2xpY3klM0QlMjJuby1yZWZlcnJlci13aGVuLWRvd25ncmFkZSUyMiUzRSUzQyUyRmlmcmFtZSUzRQ==&#8220; size=&#8220;380&#8243; css=&#8220;.vc_custom_1740660290388{margin-bottom: 0px !important;}&#8220;][\/vc_column_inner][vc_column_inner width=&#8220;1\/2&#8243; css=&#8220;.vc_custom_1739490718020{padding-right: 40px !important;padding-left: 30px !important;}&#8220;][vc_column_text css=&#8220;&#8220;]<\/p>\n<p style=\"margin-top: 0;\"><strong>Villa Alcalde<\/strong><br \/>\nCam. del Volc\u00e1n L, 29, 35571 Macher, Las Palmas, Spanien<\/p>\n<p><strong>Mailen Sie uns:<\/strong><br \/>\n<a href=\"mailto:team@villaalcaldelanzarote.com\">team@villaalcaldelanzarote.com<\/a><\/p>\n<p><strong>Rufen Sie uns an:<\/strong><br \/>\n<a href=\"tel:+34672028771\">+34 672 028 771<\/a>[\/vc_column_text][vc_separator color=&#8220;black&#8220; css=&#8220;&#8220;]\n<div class=\"wpcf7 no-js\" id=\"wpcf7-f7-o1\" lang=\"en-US\" dir=\"ltr\" data-wpcf7-id=\"7\">\n<div class=\"screen-reader-response\"><p role=\"status\" aria-live=\"polite\" aria-atomic=\"true\"><\/p> <ul><\/ul><\/div>\n<form action=\"\/de\/wp-json\/wp\/v2\/pages\/3136#wpcf7-f7-o1\" method=\"post\" class=\"wpcf7-form init\" aria-label=\"Contact form\" novalidate=\"novalidate\" data-status=\"init\">\n<fieldset class=\"hidden-fields-container\"><input type=\"hidden\" name=\"_wpcf7\" value=\"7\" \/><input type=\"hidden\" name=\"_wpcf7_version\" value=\"6.1.5\" \/><input type=\"hidden\" name=\"_wpcf7_locale\" value=\"en_US\" \/><input type=\"hidden\" name=\"_wpcf7_unit_tag\" value=\"wpcf7-f7-o1\" \/><input type=\"hidden\" name=\"_wpcf7_container_post\" value=\"0\" \/><input type=\"hidden\" name=\"_wpcf7_posted_data_hash\" value=\"\" \/><input type=\"hidden\" name=\"_wpcf7_recaptcha_response\" value=\"\" \/>\n<\/fieldset>\n<p><label> Your Name (required)<br \/>\n<span class=\"wpcf7-form-control-wrap\" data-name=\"your-name\"><input size=\"40\" maxlength=\"400\" class=\"wpcf7-form-control wpcf7-text wpcf7-validates-as-required\" aria-required=\"true\" aria-invalid=\"false\" value=\"\" type=\"text\" name=\"your-name\" \/><\/span> <\/label>\n<\/p>\n<p><label> Your Email (required)<br \/>\n<span class=\"wpcf7-form-control-wrap\" data-name=\"your-email\"><input size=\"40\" maxlength=\"400\" class=\"wpcf7-form-control wpcf7-email wpcf7-validates-as-required wpcf7-text wpcf7-validates-as-email\" aria-required=\"true\" aria-invalid=\"false\" value=\"\" type=\"email\" name=\"your-email\" \/><\/span> <\/label>\n<\/p>\n<p><label> Subject<br \/>\n<span class=\"wpcf7-form-control-wrap\" data-name=\"your-subject\"><input size=\"40\" maxlength=\"400\" class=\"wpcf7-form-control wpcf7-text\" aria-invalid=\"false\" value=\"\" type=\"text\" name=\"your-subject\" \/><\/span> <\/label>\n<\/p>\n<p><label> Your Message<br \/>\n<span class=\"wpcf7-form-control-wrap\" data-name=\"your-message\"><textarea cols=\"40\" rows=\"10\" maxlength=\"2000\" class=\"wpcf7-form-control wpcf7-textarea\" aria-invalid=\"false\" name=\"your-message\"><\/textarea><\/span> <\/label>\n<\/p>\n<p><input class=\"wpcf7-form-control wpcf7-submit has-spinner\" type=\"submit\" value=\"Send\" \/>\n<\/p><div class=\"wpcf7-response-output\" aria-hidden=\"true\"><\/div>\n<\/form>\n<\/div>\n[\/vc_column_inner][\/vc_row_inner][\/vc_column][\/vc_row][vc_row full_width=&#8220;stretch_row&#8220; bg_type=&#8220;bg_color&#8220; bg_override=&#8220;ex-full&#8220; type=&#8220;vc_default&#8220; el_id=&#8220;kiposhi&#8220; el_class=&#8220;main_row last_row&#8220; css=&#8220;.vc_custom_1742912288065{padding-top: 20px !important;padding-bottom: 20px !important;background-color: #DDD5CA !important;}&#8220; bg_color_value=&#8220;#DDD5CA&#8220;][vc_column css=&#8220;.vc_custom_1742999696687{padding-top: 35px !important;padding-right: 30px !important;padding-bottom: 35px !important;padding-left: 30px !important;}&#8220;][vc_row_inner equal_height=&#8220;yes&#8220; content_placement=&#8220;middle&#8220;][vc_column_inner el_class=&#8220;swap_text_image&#8220; width=&#8220;2\/3&#8243; css=&#8220;.vc_custom_1742999687650{padding-right: 30px !important;}&#8220;][vc_column_text css=&#8220;.vc_custom_1744989415854{margin-bottom: 0px !important;border-radius: 1px !important;}&#8220;]<\/p>\n<h2><span style=\"font-weight: 800;\">Neue Immobilien:<\/span><br \/>\nKiposhi Beachside Apartments, Punta Mujeres<\/h2>\n<p>Zwei neue Appartements am Strand in ruhiger, l\u00e4ndlicher Lage in der N\u00e4he der traditionellen kanarischen Fischerd\u00f6rfer Punta Mujeres und Arrieta. Das kristallklare Meer, das vom Massentourismus unber\u00fchrt ist, erwartet Sie nur wenige Schritte von Ihrem Apartment entfernt.[\/vc_column_text]<div class=\" vc_custom_1740407704110 ubtn-ctn-left cta_button\"><a class=\"ubtn-link ult-adjust-bottom-margin ubtn-left ubtn-small cta_button\" href=\"https:\/\/villaalcaldelanzarote.com\/kiposhi-apartments\/\" title=\"Read more\" ><button type=\"button\" id=\"ubtn-7141\"  class=\"ubtn ult-adjust-bottom-margin ult-responsive ubtn-small ubtn-fade-bg  none  ubtn-left   tooltip-69e48cf0a01e0\"  data-hover=\"\" data-border-color=\"\" data-bg=\"\" data-hover-bg=\"#dfd5c9\" data-border-hover=\"\" data-shadow-hover=\"\" data-shadow-click=\"none\" data-shadow=\"\" data-shd-shadow=\"\"  data-ultimate-target='#ubtn-7141'  data-responsive-json-new='{\"font-size\":\"\",\"line-height\":\"\"}'  style=\"font-weight:normal;border-radius:0px;border-width:1px;border-color:;border-style:solid;\"><span class=\"ubtn-hover\" style=\"background-color:#dfd5c9\"><\/span><span class=\"ubtn-data ubtn-text \" >Mehr lesen<\/span><\/button><\/a><\/div>[\/vc_column_inner][vc_column_inner width=&#8220;1\/3&#8243; css=&#8220;.vc_custom_1742912278264{margin-bottom: 10px !important;padding-left: 30px !important;}&#8220;][vc_single_image image=&#8220;5643&#8243; img_size=&#8220;full&#8220; css=&#8220;&#8220; lazy_loading=&#8220;true&#8220;][\/vc_column_inner][\/vc_row_inner][\/vc_column][\/vc_row]<\/p>\n<\/div>","protected":false},"excerpt":{"rendered":"<p>[vc_row full_width=&#8220;stretch_row&#8220; type=&#8220;vc_default&#8220; css=&#8220;.vc_custom_1739541298213{margin-top: -152px !important;}&#8220; el_class=&#8220;custom-row-2&#8243;][vc_column css=&#8220;.vc_custom_1492705329900{padding-top: 0px !important;}&#8220;][vc_row_inner css=&#8220;.vc_custom_1492705400904{padding-top: 0px !important;}&#8220;][vc_column_inner width=&#8220;1\/2&#8243; css=&#8220;.vc_custom_1489252094501{padding-top: 70px !important;padding-right: 0px !important;}&#8220;][\/vc_column_inner][vc_column_inner width=&#8220;1\/2&#8243; css=&#8220;.vc_custom_1739205492688{padding-right: 0px !important;padding-left: 0px !important;}&#8220;][vc_column_text css=&#8220;.vc_custom_1740660405203{margin-bottom: 0px !important;padding-top: 30px !important;padding-right: 30px !important;padding-bottom: 30px !important;padding-left: 30px !important;background-color: #f3eee9 !important;}&#8220;] Kontakt [\/vc_column_text][vc_separator color=&#8220;black&#8220; el_width=&#8220;90&#8243;][\/vc_column_inner][\/vc_row_inner][\/vc_column][\/vc_row][vc_row full_width=&#8220;stretch_row&#8220; type=&#8220;vc_default&#8220; el_id=&#8220;Standort&#8220; el_class=&#8220;main_row&#8220;][vc_column css=&#8220;.vc_custom_1742999715826{padding-top: 30px !important;padding-bottom: 85px !important;}&#8220;][vc_row_inner content_placement=&#8220;top&#8220;][vc_column_inner width=&#8220;1\/2&#8243; css=&#8220;.vc_custom_1739442609072{margin-bottom: 0px&hellip;<\/p>\n","protected":false},"author":1,"featured_media":0,"parent":0,"menu_order":0,"comment_status":"closed","ping_status":"closed","template":"","meta":{"footnotes":""},"class_list":["post-3136","page","type-page","status-publish","hentry","description-off"],"acf":[],"_links":{"self":[{"href":"https:\/\/villaalcaldelanzarote.com\/de\/wp-json\/wp\/v2\/pages\/3136","targetHints":{"allow":["GET"]}}],"collection":[{"href":"https:\/\/villaalcaldelanzarote.com\/de\/wp-json\/wp\/v2\/pages"}],"about":[{"href":"https:\/\/villaalcaldelanzarote.com\/de\/wp-json\/wp\/v2\/types\/page"}],"author":[{"embeddable":true,"href":"https:\/\/villaalcaldelanzarote.com\/de\/wp-json\/wp\/v2\/users\/1"}],"replies":[{"embeddable":true,"href":"https:\/\/villaalcaldelanzarote.com\/de\/wp-json\/wp\/v2\/comments?post=3136"}],"version-history":[{"count":4,"href":"https:\/\/villaalcaldelanzarote.com\/de\/wp-json\/wp\/v2\/pages\/3136\/revisions"}],"predecessor-version":[{"id":5751,"href":"https:\/\/villaalcaldelanzarote.com\/de\/wp-json\/wp\/v2\/pages\/3136\/revisions\/5751"}],"wp:attachment":[{"href":"https:\/\/villaalcaldelanzarote.com\/de\/wp-json\/wp\/v2\/media?parent=3136"}],"curies":[{"name":"wp","href":"https:\/\/api.w.org\/{rel}","templated":true}]}}