{"id":3150,"date":"2017-03-12T14:47:41","date_gmt":"2017-03-12T14:47:41","guid":{"rendered":"https:\/\/www.villaalcaldelanzarote.com\/extra-dienstleistungen\/"},"modified":"2025-07-22T08:44:27","modified_gmt":"2025-07-22T08:44:27","slug":"extra-dienstleistungen","status":"publish","type":"page","link":"https:\/\/villaalcaldelanzarote.com\/de\/extra-dienstleistungen\/","title":{"rendered":"Extra-Dienstleistungen"},"content":{"rendered":"<div class=\"wpb-content-wrapper\"><p>[vc_row full_width=&#8220;stretch_row&#8220; type=&#8220;vc_default&#8220; css=&#8220;.vc_custom_1739541298213{margin-top: -152px !important;}&#8220; el_class=&#8220;custom-row-2&#8243;][vc_column css=&#8220;.vc_custom_1492705329900{padding-top: 0px !important;}&#8220;][vc_row_inner css=&#8220;.vc_custom_1492705400904{padding-top: 0px !important;}&#8220;][vc_column_inner width=&#8220;1\/2&#8243; css=&#8220;.vc_custom_1489252094501{padding-top: 70px !important;padding-right: 0px !important;}&#8220;][\/vc_column_inner][vc_column_inner width=&#8220;1\/2&#8243; css=&#8220;.vc_custom_1739205492688{padding-right: 0px !important;padding-left: 0px !important;}&#8220;][vc_column_text css=&#8220;.vc_custom_1740412522276{margin-bottom: 0px !important;padding-top: 30px !important;padding-right: 30px !important;padding-bottom: 30px !important;padding-left: 30px !important;background-color: #f3eee9 !important;}&#8220;]<\/p>\n<h1>Extra-Dienstleistungen<\/h1>\n<p>[\/vc_column_text][vc_separator color=&#8220;black&#8220; el_width=&#8220;90&#8243;][\/vc_column_inner][\/vc_row_inner][\/vc_column][\/vc_row][vc_row full_width=&#8220;stretch_row&#8220; type=&#8220;vc_default&#8220; el_class=&#8220;main_row&#8220;][vc_column css=&#8220;.vc_custom_1740414699890{padding-top: 30px !important;}&#8220;][vc_row_inner equal_height=&#8220;yes&#8220; content_placement=&#8220;middle&#8220;][vc_column_inner width=&#8220;1\/2&#8243; css=&#8220;.vc_custom_1739403152013{padding-right: 30px !important;}&#8220;]<div id=\"ult-carousel-8117637006a04bcf816c92\" class=\"ult-carousel-wrapper  custom-gallery-bottom ult_horizontal\" data-gutter=\"0\" data-rtl=\"false\" ><div class=\"ult-carousel-30101736606a04bcf816b57 \" >[vc_single_image image=&#8220;5523&#8243; img_size=&#8220;full&#8220; css=&#8220;.vc_custom_1740746817754{margin-bottom: 0px !important;}&#8220; lazy_loading=&#8220;true&#8220;][vc_single_image image=&#8220;5495&#8243; img_size=&#8220;full&#8220; css=&#8220;.vc_custom_1740746823935{margin-bottom: 0px !important;}&#8220; lazy_loading=&#8220;true&#8220;][vc_single_image image=&#8220;5512&#8243; img_size=&#8220;full&#8220; css=&#8220;.vc_custom_1740746829480{margin-bottom: 0px !important;}&#8220; lazy_loading=&#8220;true&#8220;]<\/div><\/div>\t\t\t<script type=\"text\/javascript\">\n\t\t\t\tjQuery(document).ready(function ($) {\n\t\t\t\t\tif( typeof jQuery('.ult-carousel-30101736606a04bcf816b57').slick == \"function\"){\n\t\t\t\t\t\t$('.ult-carousel-30101736606a04bcf816b57').slick({dots: false,autoplaySpeed: \"5000\",speed: \"600\",infinite: true,arrows: true,nextArrow: '<button type=\"button\" role=\"button\" aria-label=\"Next\" style=\"color:#FFFFFF; font-size:18px;background:#352F2D;\" class=\"slick-next square-bg\"><i class=\"ultsl-arrow-right6\"><\/i><\/button>',prevArrow: '<button type=\"button\" role=\"button\" aria-label=\"Previous\" style=\"color:#FFFFFF; font-size:18px;background:#352F2D;\" class=\"slick-prev square-bg\"><i class=\"ultsl-arrow-left6\"><\/i><\/button>',slidesToScroll:1,slidesToShow:1,swipe: true,draggable: true,touchMove: true,pauseOnHover: true,pauseOnFocus: false,responsive: [\n\t\t\t\t\t\t\t{\n\t\t\t\t\t\t\t  breakpoint: 1026,\n\t\t\t\t\t\t\t  settings: {\n\t\t\t\t\t\t\t\tslidesToShow: 1,\n\t\t\t\t\t\t\t\tslidesToScroll: 1,  \n\t\t\t\t\t\t\t  }\n\t\t\t\t\t\t\t},\n\t\t\t\t\t\t\t{\n\t\t\t\t\t\t\t  breakpoint: 1025,\n\t\t\t\t\t\t\t  settings: {\n\t\t\t\t\t\t\t\tslidesToShow: 1,\n\t\t\t\t\t\t\t\tslidesToScroll: 1\n\t\t\t\t\t\t\t  }\n\t\t\t\t\t\t\t},\n\t\t\t\t\t\t\t{\n\t\t\t\t\t\t\t  breakpoint: 760,\n\t\t\t\t\t\t\t  settings: {\n\t\t\t\t\t\t\t\tslidesToShow: 1,\n\t\t\t\t\t\t\t\tslidesToScroll: 1\n\t\t\t\t\t\t\t  }\n\t\t\t\t\t\t\t}\n\t\t\t\t\t\t],pauseOnDotsHover: true,customPaging: function(slider, i) {\n                   return '<i type=\"button\" style= \"color:#333333;\" class=\"ultsl-record\" data-role=\"none\"><\/i>';\n                },});\n\t\t\t\t\t}\n\t\t\t\t});\n\t\t\t<\/script>\n\t\t\t[\/vc_column_inner][vc_column_inner width=&#8220;1\/2&#8243; css=&#8220;.vc_custom_1739490736329{padding-right: 40px !important;padding-left: 30px !important;}&#8220;][vc_column_text css=&#8220;.vc_custom_1740413511006{margin-bottom: 0px !important;border-radius: 1px !important;}&#8220;]<strong>Mit der Villa Alcalde wollen wir das sch\u00f6nste Ferienhaus auf der Insel zur Verf\u00fcgung stellen. Eine einzigartige Umgebung, in der Familien und Freunde sich entspannen, Kontakte kn\u00fcpfen und neue Kontakte kn\u00fcpfen k\u00f6nnen. Wir m\u00f6chten die Kulisse f\u00fcr Erinnerungen schaffen, die ein Leben lang halten.<\/strong><\/p>\n<p>Aber wir sind viel mehr als nur die Anbieter einer Luxusimmobilie. Wir sind hier, um Ihnen auf jede erdenkliche Weise zu helfen. Unvergessliche Erinnerungen erfordern wunderbare Erlebnisse und jeder Gast hat seine eigenen Vorstellungen davon, was ein wunderbares Erlebnis ausmacht.  <\/p>\n<p>Anstatt also zu versuchen, jeden zus\u00e4tzlichen Service hier zu beschreiben, sagen wir einfach, dass <strong>wir<\/strong> der zus\u00e4tzliche Service sind &#8211; was wir Ihnen bei der Planung helfen k\u00f6nnen, wird nur durch Ihre Vorstellungskraft f\u00fcr Spa\u00df begrenzt![\/vc_column_text][\/vc_column_inner][\/vc_row_inner][\/vc_column][\/vc_row][vc_row full_width=&#8220;stretch_row&#8220; type=&#8220;vc_default&#8220; el_id=&#8220;Wohnung1&#8243; el_class=&#8220;main_row&#8220;][vc_column css=&#8220;.vc_custom_1740414009273{padding-top: 55px !important;}&#8220;][vc_row_inner equal_height=&#8220;yes&#8220; content_placement=&#8220;middle&#8220;][vc_column_inner el_class=&#8220;swap_text_image&#8220; width=&#8220;1\/2&#8243; css=&#8220;.vc_custom_1739743427866{padding-right: 30px !important;padding-left: 40px !important;}&#8220;][vc_column_text css=&#8220;.vc_custom_1740748530212{margin-bottom: 0px !important;border-radius: 1px !important;}&#8220;]Wir sind f\u00fcr Sie da und bieten Ihnen un\u00fcbertroffene Ortskenntnisse, also z\u00f6gern Sie nicht, uns um Hilfe zu bitten.<\/p>\n<p>Im Gegensatz zu anderen Immobilieneigent\u00fcmern und Ferienvermietern schlie\u00dfen wir niemals Kommissionsvereinbarungen mit Drittunternehmen ab. Wo es einen Vorteil \/ Rabatt gibt, werden wir ihn an Sie weitergeben. Wo wir Sie in direkte Kommunikation mit jedem Anbieter, den wir tun, setzen k\u00f6nnen. Auf diese Weise k\u00f6nnen Sie sicher sein, dass wir das Beste f\u00fcr Sie arrangieren und nicht das Profitabelste f\u00fcr uns.<\/p>\n<p><strong>Wir haben empfohlene Partner f\u00fcr die folgenden und viele, viele mehr&#8230;<\/strong>[\/vc_column_text][\/vc_column_inner][vc_column_inner width=&#8220;1\/2&#8243; css=&#8220;.vc_custom_1739281172147{padding-left: 30px !important;}&#8220;]<div id=\"ult-carousel-10952050736a04bcf816e47\" class=\"ult-carousel-wrapper  custom-gallery-bottom custom-gallery-bottom-right ult_horizontal\" data-gutter=\"0\" data-rtl=\"false\" ><div class=\"ult-carousel-3733838456a04bcf816e04 \" >[vc_single_image image=&#8220;5527&#8243; img_size=&#8220;full&#8220; onclick=&#8220;link_image&#8220; css=&#8220;.vc_custom_1740747102028{margin-top: 0px !important;margin-right: 0px !important;margin-bottom: 0px !important;margin-left: 0px !important;border-top-width: 0px !important;border-right-width: 0px !important;border-bottom-width: 0px !important;border-left-width: 0px !important;padding-top: 0px !important;padding-right: 0px !important;padding-bottom: 0px !important;padding-left: 0px !important;}&#8220; lazy_loading=&#8220;true&#8220;][vc_single_image image=&#8220;5524&#8243; img_size=&#8220;full&#8220; onclick=&#8220;link_image&#8220; css=&#8220;.vc_custom_1740746809993{margin-top: 0px !important;margin-right: 0px !important;margin-bottom: 0px !important;margin-left: 0px !important;border-top-width: 0px !important;border-right-width: 0px !important;border-bottom-width: 0px !important;border-left-width: 0px !important;padding-top: 0px !important;padding-right: 0px !important;padding-bottom: 0px !important;padding-left: 0px !important;}&#8220; lazy_loading=&#8220;true&#8220;][vc_single_image image=&#8220;5526&#8243; img_size=&#8220;full&#8220; onclick=&#8220;link_image&#8220; css=&#8220;.vc_custom_1740746968351{margin-top: 0px !important;margin-right: 0px !important;margin-bottom: 0px !important;margin-left: 0px !important;border-top-width: 0px !important;border-right-width: 0px !important;border-bottom-width: 0px !important;border-left-width: 0px !important;padding-top: 0px !important;padding-right: 0px !important;padding-bottom: 0px !important;padding-left: 0px !important;}&#8220; lazy_loading=&#8220;true&#8220;]<\/div><\/div>\t\t\t<script type=\"text\/javascript\">\n\t\t\t\tjQuery(document).ready(function ($) {\n\t\t\t\t\tif( typeof jQuery('.ult-carousel-3733838456a04bcf816e04').slick == \"function\"){\n\t\t\t\t\t\t$('.ult-carousel-3733838456a04bcf816e04').slick({dots: false,autoplaySpeed: \"5000\",speed: \"600\",infinite: true,arrows: true,nextArrow: '<button type=\"button\" role=\"button\" aria-label=\"Next\" style=\"color:#FFFFFF; font-size:18px;background:#352F2D;\" class=\"slick-next square-bg\"><i class=\"ultsl-arrow-right6\"><\/i><\/button>',prevArrow: '<button type=\"button\" role=\"button\" aria-label=\"Previous\" style=\"color:#FFFFFF; font-size:18px;background:#352F2D;\" class=\"slick-prev square-bg\"><i class=\"ultsl-arrow-left6\"><\/i><\/button>',slidesToScroll:1,slidesToShow:1,swipe: true,draggable: true,touchMove: true,pauseOnHover: true,pauseOnFocus: false,responsive: [\n\t\t\t\t\t\t\t{\n\t\t\t\t\t\t\t  breakpoint: 1026,\n\t\t\t\t\t\t\t  settings: {\n\t\t\t\t\t\t\t\tslidesToShow: 1,\n\t\t\t\t\t\t\t\tslidesToScroll: 1,  \n\t\t\t\t\t\t\t  }\n\t\t\t\t\t\t\t},\n\t\t\t\t\t\t\t{\n\t\t\t\t\t\t\t  breakpoint: 1025,\n\t\t\t\t\t\t\t  settings: {\n\t\t\t\t\t\t\t\tslidesToShow: 1,\n\t\t\t\t\t\t\t\tslidesToScroll: 1\n\t\t\t\t\t\t\t  }\n\t\t\t\t\t\t\t},\n\t\t\t\t\t\t\t{\n\t\t\t\t\t\t\t  breakpoint: 760,\n\t\t\t\t\t\t\t  settings: {\n\t\t\t\t\t\t\t\tslidesToShow: 1,\n\t\t\t\t\t\t\t\tslidesToScroll: 1\n\t\t\t\t\t\t\t  }\n\t\t\t\t\t\t\t}\n\t\t\t\t\t\t],pauseOnDotsHover: true,customPaging: function(slider, i) {\n                   return '<i type=\"button\" style= \"color:#333333;\" class=\"ultsl-record\" data-role=\"none\"><\/i>';\n                },});\n\t\t\t\t\t}\n\t\t\t\t});\n\t\t\t<\/script>\n\t\t\t[\/vc_column_inner][\/vc_row_inner][\/vc_column][\/vc_row][vc_row full_width=&#8220;stretch_row&#8220; content_placement=&#8220;top&#8220; type=&#8220;vc_default&#8220; el_class=&#8220;main_row&#8220; css=&#8220;.vc_custom_1740748275179{margin-top: 55px !important;}&#8220;][vc_column css=&#8220;.vc_custom_1740748382812{padding-bottom: 55px !important;}&#8220;][vc_separator color=&#8220;black&#8220; css=&#8220;&#8220;][vc_row_inner equal_height=&#8220;yes&#8220; content_placement=&#8220;top&#8220;][vc_column_inner width=&#8220;1\/4&#8243; css=&#8220;.vc_custom_1740748551418{padding-right: 30px !important;padding-left: 40px !important;}&#8220;][vc_column_text css=&#8220;.vc_custom_1740748628326{margin-bottom: 0px !important;border-radius: 1px !important;}&#8220;]<a href=\"http:\/\/labocainacatering.com\/\" target=\"_blank\" rel=\"noopener noreferrer\">Privatkoch<\/a><br \/>\nDining-in<br \/>\nKinderaktivit\u00e4ten<br \/>\nBabysitting<br \/>\nVip-Autovermietung[\/vc_column_text][\/vc_column_inner][vc_column_inner width=&#8220;1\/4&#8243; css=&#8220;.vc_custom_1740748577870{padding-right: 30px !important;padding-left: 30px !important;}&#8220;][vc_column_text css=&#8220;&#8220;]<a href=\"http:\/\/www.lanzaroteosteopath.com\/about-me\" target=\"_blank\" rel=\"noopener noreferrer\">Osteopath<\/a><br \/>\n<a href=\"http:\/\/itziargoikolea.com\/\" target=\"_blank\" rel=\"noopener noreferrer\">Yoga<\/a><br \/>\n yogische<a href=\"https:\/\/www.facebook.com\/NeneEstupidoIdiota\" target=\"_blank\" rel=\"noopener noreferrer\">Masseurin<\/a><br \/>\nganzheitlicher Therapeut<br \/>\nPersonal Trainer[\/vc_column_text][\/vc_column_inner][vc_column_inner width=&#8220;1\/4&#8243; css=&#8220;.vc_custom_1740748583236{padding-right: 30px !important;padding-left: 30px !important;}&#8220;][vc_column_text css=&#8220;&#8220;]Privater Surfunterricht\/F\u00fchrer<br \/>\nKite Surfing Unterricht\/F\u00fchrer<br \/>\nPaddle Boarding<br \/>\nWindsurfen<br \/>\n<a href=\"http:\/\/volcanofly-lanzarote.com\/home-en.html\" target=\"_blank\" rel=\"noopener noreferrer\">Paragliding<\/a>[\/vc_column_text][\/vc_column_inner][vc_column_inner width=&#8220;1\/4&#8243; css=&#8220;.vc_custom_1740748588252{padding-right: 40px !important;padding-left: 30px !important;}&#8220;][vc_column_text css=&#8220;&#8220;]Kajakfahren<br \/>\nSportfischen<br \/>\nRadfahren<br \/>\nSchnorcheln\/Tauchen<br \/>\n<a href=\"http:\/\/www.blackstonetreks.com\/\" target=\"_blank\" rel=\"noopener noreferrer\">Wandern\/Trekking<\/a>[\/vc_column_text][\/vc_column_inner][\/vc_row_inner][\/vc_column][\/vc_row][vc_row full_width=&#8220;stretch_row&#8220; bg_type=&#8220;bg_color&#8220; bg_override=&#8220;ex-full&#8220; type=&#8220;vc_default&#8220; el_id=&#8220;kiposhi&#8220; el_class=&#8220;main_row last_row&#8220; css=&#8220;.vc_custom_1742912288065{padding-top: 20px !important;padding-bottom: 20px !important;background-color: #DDD5CA !important;}&#8220; bg_color_value=&#8220;#DDD5CA&#8220;][vc_column css=&#8220;.vc_custom_1742942988076{padding-top: 35px !important;padding-right: 30px !important;padding-bottom: 35px !important;padding-left: 30px !important;}&#8220;][vc_row_inner equal_height=&#8220;yes&#8220; content_placement=&#8220;middle&#8220;][vc_column_inner el_class=&#8220;swap_text_image&#8220; width=&#8220;2\/3&#8243; css=&#8220;.vc_custom_1742943000506{padding-right: 30px !important;}&#8220;][vc_column_text css=&#8220;.vc_custom_1744989560005{margin-bottom: 0px !important;border-radius: 1px !important;}&#8220;]<\/p>\n<h2><span style=\"font-weight: 800;\">Neue Immobilien:<\/span><br \/>\nKiposhi Beachside Apartments, Punta Mujeres<\/h2>\n<p>Zwei neue Strandappartements in ruhiger, l\u00e4ndlicher Lage in der N\u00e4he der traditionellen kanarischen Fischerd\u00f6rfer Punta Mujeres und Arrieta. Das kristallklare Meer, das vom Massentourismus unber\u00fchrt ist, erwartet Sie nur wenige Schritte von Ihrem Apartment entfernt.[\/vc_column_text]<div class=\" vc_custom_1740407704110 ubtn-ctn-left cta_button\"><a class=\"ubtn-link ult-adjust-bottom-margin ubtn-left ubtn-small cta_button\" href=\"https:\/\/villaalcaldelanzarote.com\/kiposhi-apartments\/\" title=\"Read more\" ><button type=\"button\" id=\"ubtn-5216\"  class=\"ubtn ult-adjust-bottom-margin ult-responsive ubtn-small ubtn-fade-bg  none  ubtn-left   tooltip-6a04bcf816f34\"  data-hover=\"\" data-border-color=\"\" data-bg=\"\" data-hover-bg=\"#dfd5c9\" data-border-hover=\"\" data-shadow-hover=\"\" data-shadow-click=\"none\" data-shadow=\"\" data-shd-shadow=\"\"  data-ultimate-target='#ubtn-5216'  data-responsive-json-new='{\"font-size\":\"\",\"line-height\":\"\"}'  style=\"font-weight:normal;border-radius:0px;border-width:1px;border-color:;border-style:solid;\"><span class=\"ubtn-hover\" style=\"background-color:#dfd5c9\"><\/span><span class=\"ubtn-data ubtn-text \" >Mehr lesen<\/span><\/button><\/a><\/div>[\/vc_column_inner][vc_column_inner width=&#8220;1\/3&#8243; css=&#8220;.vc_custom_1742912278264{margin-bottom: 10px !important;padding-left: 30px !important;}&#8220;][vc_single_image image=&#8220;5643&#8243; img_size=&#8220;full&#8220; css=&#8220;&#8220; lazy_loading=&#8220;true&#8220;][\/vc_column_inner][\/vc_row_inner][\/vc_column][\/vc_row]<\/p>\n<\/div>","protected":false},"excerpt":{"rendered":"<p>[vc_row full_width=&#8220;stretch_row&#8220; type=&#8220;vc_default&#8220; css=&#8220;.vc_custom_1739541298213{margin-top: -152px !important;}&#8220; el_class=&#8220;custom-row-2&#8243;][vc_column css=&#8220;.vc_custom_1492705329900{padding-top: 0px !important;}&#8220;][vc_row_inner css=&#8220;.vc_custom_1492705400904{padding-top: 0px !important;}&#8220;][vc_column_inner width=&#8220;1\/2&#8243; css=&#8220;.vc_custom_1489252094501{padding-top: 70px !important;padding-right: 0px !important;}&#8220;][\/vc_column_inner][vc_column_inner width=&#8220;1\/2&#8243; css=&#8220;.vc_custom_1739205492688{padding-right: 0px !important;padding-left: 0px !important;}&#8220;][vc_column_text css=&#8220;.vc_custom_1740412522276{margin-bottom: 0px !important;padding-top: 30px !important;padding-right: 30px !important;padding-bottom: 30px !important;padding-left: 30px !important;background-color: #f3eee9 !important;}&#8220;] Extra-Dienstleistungen [\/vc_column_text][vc_separator color=&#8220;black&#8220; el_width=&#8220;90&#8243;][\/vc_column_inner][\/vc_row_inner][\/vc_column][\/vc_row][vc_row full_width=&#8220;stretch_row&#8220; type=&#8220;vc_default&#8220; el_class=&#8220;main_row&#8220;][vc_column css=&#8220;.vc_custom_1740414699890{padding-top: 30px !important;}&#8220;][vc_row_inner equal_height=&#8220;yes&#8220; content_placement=&#8220;middle&#8220;][vc_column_inner width=&#8220;1\/2&#8243; css=&#8220;.vc_custom_1739403152013{padding-right: 30px !important;}&#8220;][\/vc_column_inner][vc_column_inner width=&#8220;1\/2&#8243;&hellip;<\/p>\n","protected":false},"author":1,"featured_media":0,"parent":0,"menu_order":0,"comment_status":"closed","ping_status":"closed","template":"","meta":{"footnotes":""},"class_list":["post-3150","page","type-page","status-publish","hentry","description-off"],"acf":[],"_links":{"self":[{"href":"https:\/\/villaalcaldelanzarote.com\/de\/wp-json\/wp\/v2\/pages\/3150","targetHints":{"allow":["GET"]}}],"collection":[{"href":"https:\/\/villaalcaldelanzarote.com\/de\/wp-json\/wp\/v2\/pages"}],"about":[{"href":"https:\/\/villaalcaldelanzarote.com\/de\/wp-json\/wp\/v2\/types\/page"}],"author":[{"embeddable":true,"href":"https:\/\/villaalcaldelanzarote.com\/de\/wp-json\/wp\/v2\/users\/1"}],"replies":[{"embeddable":true,"href":"https:\/\/villaalcaldelanzarote.com\/de\/wp-json\/wp\/v2\/comments?post=3150"}],"version-history":[{"count":3,"href":"https:\/\/villaalcaldelanzarote.com\/de\/wp-json\/wp\/v2\/pages\/3150\/revisions"}],"predecessor-version":[{"id":5837,"href":"https:\/\/villaalcaldelanzarote.com\/de\/wp-json\/wp\/v2\/pages\/3150\/revisions\/5837"}],"wp:attachment":[{"href":"https:\/\/villaalcaldelanzarote.com\/de\/wp-json\/wp\/v2\/media?parent=3150"}],"curies":[{"name":"wp","href":"https:\/\/api.w.org\/{rel}","templated":true}]}}