{"id":3152,"date":"2017-03-12T15:06:06","date_gmt":"2017-03-12T15:06:06","guid":{"rendered":"https:\/\/www.villaalcaldelanzarote.com\/galerie\/"},"modified":"2025-07-22T08:46:11","modified_gmt":"2025-07-22T08:46:11","slug":"galerie","status":"publish","type":"page","link":"https:\/\/villaalcaldelanzarote.com\/de\/galerie\/","title":{"rendered":"Galerie"},"content":{"rendered":"<div class=\"wpb-content-wrapper\"><p>[vc_row full_width=&#8220;stretch_row&#8220; type=&#8220;vc_default&#8220; css=&#8220;.vc_custom_1739541298213{margin-top: -152px !important;}&#8220; el_class=&#8220;custom-row-2&#8243;][vc_column css=&#8220;.vc_custom_1740658302029{padding-top: 0px !important;}&#8220;][vc_row_inner css=&#8220;.vc_custom_1492705400904{padding-top: 0px !important;}&#8220;][vc_column_inner width=&#8220;1\/2&#8243; css=&#8220;.vc_custom_1489252094501{padding-top: 70px !important;padding-right: 0px !important;}&#8220;][\/vc_column_inner][vc_column_inner width=&#8220;1\/2&#8243; css=&#8220;.vc_custom_1739205492688{padding-right: 0px !important;padding-left: 0px !important;}&#8220;][vc_column_text css=&#8220;.vc_custom_1740658104789{margin-bottom: 0px !important;padding-top: 30px !important;padding-right: 30px !important;padding-bottom: 30px !important;padding-left: 30px !important;background-color: #f3eee9 !important;}&#8220;]<\/p>\n<h1>Galerie<\/h1>\n<p>[\/vc_column_text][vc_separator color=&#8220;black&#8220; el_width=&#8220;90&#8243;][\/vc_column_inner][\/vc_row_inner][\/vc_column][\/vc_row][vc_row margin_top=&#8220;-220px;&#8220;][vc_column css=&#8220;.vc_custom_1753173968111{padding-top: 275px !important;padding-bottom: 85px !important;}&#8220;][vc_media_grid gap=&#8220;35&#8243; item=&#8220;56&#8243; css=&#8220;.vc_custom_1740658869692{margin-bottom: 5px !important;}&#8220; grid_id=&#8220;vc_gid:1753173946307-8d7b25ab-c79e-9&#8243; include=&#8220;158,289,164,96,94,474,209,213,214,217,251,253,430,476,475,457,456,463,473,472,469,256,255,261,264,266,308,206,273,159,161,269,460,461,470,274,203,428&#8243;][\/vc_column][\/vc_row][vc_row margin_top=&#8220;-220px;&#8220;][vc_column css=&#8220;.vc_custom_1745921080253{padding-bottom: 55px !important;}&#8220;][vc_video link=&#8220;https:\/\/youtu.be\/Uhi4se8919Q&#8220; align=&#8220;center&#8220; css=&#8220;&#8220;][\/vc_column][\/vc_row][vc_row full_width=&#8220;stretch_row&#8220; bg_type=&#8220;bg_color&#8220; bg_override=&#8220;ex-full&#8220; type=&#8220;vc_default&#8220; el_id=&#8220;kiposhi&#8220; el_class=&#8220;main_row last_row&#8220; css=&#8220;.vc_custom_1742912288065{padding-top: 20px !important;padding-bottom: 20px !important;background-color: #DDD5CA !important;}&#8220; bg_color_value=&#8220;#DDD5CA&#8220;][vc_column css=&#8220;.vc_custom_1742999612418{padding-top: 35px !important;padding-right: 30px !important;padding-bottom: 35px !important;padding-left: 30px !important;}&#8220;][vc_row_inner equal_height=&#8220;yes&#8220; content_placement=&#8220;middle&#8220;][vc_column_inner el_class=&#8220;swap_text_image&#8220; width=&#8220;2\/3&#8243; css=&#8220;.vc_custom_1742999600795{padding-right: 30px !important;}&#8220;][vc_column_text css=&#8220;.vc_custom_1744989725897{margin-bottom: 0px !important;border-radius: 1px !important;}&#8220;]<\/p>\n<h2><span style=\"font-weight: 800;\">Neue Immobilien:<\/span><br \/>\nKiposhi Beachside Apartments, Punta Mujeres<\/h2>\n<p>Zwei neue Appartements am Strand in ruhiger, l\u00e4ndlicher Lage in der N\u00e4he der traditionellen kanarischen Fischerd\u00f6rfer Punta Mujeres und Arrieta. Das kristallklare Meer, das vom Massentourismus unber\u00fchrt ist, erwartet Sie nur wenige Schritte von Ihrem Apartment entfernt.[\/vc_column_text]<div class=\" vc_custom_1740407704110 ubtn-ctn-left cta_button\"><a class=\"ubtn-link ult-adjust-bottom-margin ubtn-left ubtn-small cta_button\" href=\"https:\/\/villaalcaldelanzarote.com\/kiposhi-apartments\/\" title=\"Read more\" ><button type=\"button\" id=\"ubtn-2129\"  class=\"ubtn ult-adjust-bottom-margin ult-responsive ubtn-small ubtn-fade-bg  none  ubtn-left   tooltip-69e9ef7cf1a32\"  data-hover=\"\" data-border-color=\"\" data-bg=\"\" data-hover-bg=\"#dfd5c9\" data-border-hover=\"\" data-shadow-hover=\"\" data-shadow-click=\"none\" data-shadow=\"\" data-shd-shadow=\"\"  data-ultimate-target='#ubtn-2129'  data-responsive-json-new='{\"font-size\":\"\",\"line-height\":\"\"}'  style=\"font-weight:normal;border-radius:0px;border-width:1px;border-color:;border-style:solid;\"><span class=\"ubtn-hover\" style=\"background-color:#dfd5c9\"><\/span><span class=\"ubtn-data ubtn-text \" >Mehr lesen<\/span><\/button><\/a><\/div>[\/vc_column_inner][vc_column_inner width=&#8220;1\/3&#8243; css=&#8220;.vc_custom_1742912278264{margin-bottom: 10px !important;padding-left: 30px !important;}&#8220;][vc_single_image image=&#8220;5643&#8243; img_size=&#8220;full&#8220; css=&#8220;&#8220; lazy_loading=&#8220;true&#8220;][\/vc_column_inner][\/vc_row_inner][\/vc_column][\/vc_row]<\/p>\n<\/div>","protected":false},"excerpt":{"rendered":"<p>[vc_row full_width=&#8220;stretch_row&#8220; type=&#8220;vc_default&#8220; css=&#8220;.vc_custom_1739541298213{margin-top: -152px !important;}&#8220; el_class=&#8220;custom-row-2&#8243;][vc_column css=&#8220;.vc_custom_1740658302029{padding-top: 0px !important;}&#8220;][vc_row_inner css=&#8220;.vc_custom_1492705400904{padding-top: 0px !important;}&#8220;][vc_column_inner width=&#8220;1\/2&#8243; css=&#8220;.vc_custom_1489252094501{padding-top: 70px !important;padding-right: 0px !important;}&#8220;][\/vc_column_inner][vc_column_inner width=&#8220;1\/2&#8243; css=&#8220;.vc_custom_1739205492688{padding-right: 0px !important;padding-left: 0px !important;}&#8220;][vc_column_text css=&#8220;.vc_custom_1740658104789{margin-bottom: 0px !important;padding-top: 30px !important;padding-right: 30px !important;padding-bottom: 30px !important;padding-left: 30px !important;background-color: #f3eee9 !important;}&#8220;] Galerie [\/vc_column_text][vc_separator color=&#8220;black&#8220; el_width=&#8220;90&#8243;][\/vc_column_inner][\/vc_row_inner][\/vc_column][\/vc_row][vc_row margin_top=&#8220;-220px;&#8220;][vc_column css=&#8220;.vc_custom_1753173968111{padding-top: 275px !important;padding-bottom: 85px !important;}&#8220;][vc_media_grid gap=&#8220;35&#8243; item=&#8220;56&#8243; css=&#8220;.vc_custom_1740658869692{margin-bottom: 5px !important;}&#8220; grid_id=&#8220;vc_gid:1753173946307-8d7b25ab-c79e-9&#8243; include=&#8220;158,289,164,96,94,474,209,213,214,217,251,253,430,476,475,457,456,463,473,472,469,256,255,261,264,266,308,206,273,159,161,269,460,461,470,274,203,428&#8243;][\/vc_column][\/vc_row][vc_row&hellip;<\/p>\n","protected":false},"author":1,"featured_media":0,"parent":0,"menu_order":0,"comment_status":"closed","ping_status":"closed","template":"","meta":{"footnotes":""},"class_list":["post-3152","page","type-page","status-publish","hentry","description-off"],"acf":[],"_links":{"self":[{"href":"https:\/\/villaalcaldelanzarote.com\/de\/wp-json\/wp\/v2\/pages\/3152","targetHints":{"allow":["GET"]}}],"collection":[{"href":"https:\/\/villaalcaldelanzarote.com\/de\/wp-json\/wp\/v2\/pages"}],"about":[{"href":"https:\/\/villaalcaldelanzarote.com\/de\/wp-json\/wp\/v2\/types\/page"}],"author":[{"embeddable":true,"href":"https:\/\/villaalcaldelanzarote.com\/de\/wp-json\/wp\/v2\/users\/1"}],"replies":[{"embeddable":true,"href":"https:\/\/villaalcaldelanzarote.com\/de\/wp-json\/wp\/v2\/comments?post=3152"}],"version-history":[{"count":6,"href":"https:\/\/villaalcaldelanzarote.com\/de\/wp-json\/wp\/v2\/pages\/3152\/revisions"}],"predecessor-version":[{"id":6039,"href":"https:\/\/villaalcaldelanzarote.com\/de\/wp-json\/wp\/v2\/pages\/3152\/revisions\/6039"}],"wp:attachment":[{"href":"https:\/\/villaalcaldelanzarote.com\/de\/wp-json\/wp\/v2\/media?parent=3152"}],"curies":[{"name":"wp","href":"https:\/\/api.w.org\/{rel}","templated":true}]}}