{"id":3394,"date":"2019-06-29T09:07:08","date_gmt":"2019-06-29T09:07:08","guid":{"rendered":"https:\/\/www.villaalcaldelanzarote.com\/datenschutzerklaerung\/"},"modified":"2019-06-29T09:07:08","modified_gmt":"2019-06-29T09:07:08","slug":"datenschutzerklaerung","status":"publish","type":"page","link":"https:\/\/villaalcaldelanzarote.com\/de\/datenschutzerklaerung\/","title":{"rendered":"DATENSCHUTZERKL\u00c4RUNG"},"content":{"rendered":"<p>Diese Internetseite wird von Villa Alcalde zur Verf\u00fcgung gestellt.<\/p>\n<p>Die Sicherheit Ihrer pers\u00f6nlichen Daten ist uns wichtig. Diese Datenschutzrichtlinie soll dazu beitragen, dass Sie sich bei der Nutzung unserer Webseite oder beim Zugriff auf einen unserer Dienste <strong>(Service )<\/strong>in Bezug auf den Datenschutz und die Sicherheit Ihrer Daten sicherer f\u00fchlen.<\/p>\n<p>Durch die Nutzung unseres Dienstes erkl\u00e4ren Sie sich mit der Erfassung und Nutzung Ihrer pers\u00f6nlichen Daten durch uns in \u00dcbereinstimmung mit dieser Datenschutzrichtlinie einverstanden Wenn Sie mit den Bedingungen dieser Datenschutzrichtlinie nicht einverstanden sind, stellen Sie uns bitte keine Informationen zur Verf\u00fcgung und nutzen Sie die Dienste nicht.<\/p>\n<p>Diese Datenschutzrichtlinie (zusammen mit unseren Nutzungsbedingungen) legt die Grundlage fest, auf der wir alle pers\u00f6nlichen Daten verarbeiten, die wir von Ihnen erfassen oder die Sie uns \u00fcber den Dienst zur Verf\u00fcgung stellen.<\/p>\n<p>Wenn Sie Fragen oder Anregungen zu unserer Datenschutzrichtlinie haben, kontaktieren Sie uns bitte unter: team@villaalcaldelanzarote.com<\/p>\n<p>Die Bedingungen <strong>Unternehmen<\/strong>\/<strong>wir<\/strong>\/<strong>uns<\/strong>\/<strong>unsere<\/strong> , wenn in dieser Datenschutzrichtlinie verwendet bedeutet Villa Alcalde Limited, und <strong>Sie<\/strong>\/<strong>Ihre<\/strong> Mittel Sie als Benutzer unseres Dienstes.<\/p>\n<h1>1. ALTERSANFORDERUNGEN<\/h1>\n<p><strong>Wir sammeln nicht wissentlich personenbezogene Daten von Kindern unter 16 Jahren. Wenn Sie unter 16 Jahre alt sind, geben Sie uns bitte keine personenbezogenen Daten an. <\/strong><\/p>\n<h1>2. INFORMATIONEN, DIE WIR M\u00d6GLICHERWEISE VON IHNEN ERFASSEN<\/h1>\n<p>2.1. Wir k\u00f6nnen die folgenden Informationen \u00fcber Sie erfassen und verarbeiten:<\/p>\n<p>2.1.1. Informationen, die Sie bei der Registrierung f\u00fcr unseren Dienst angeben;<\/p>\n<p>2.1.2. Informationen, die Sie in Ihrem Benutzerprofil ver\u00f6ffentlichen oder die Sie auf Message-boards ver\u00f6ffentlichen. Bitte beachten Sie, dass Informationen, die Sie freiwillig in Ihrem Nutzerprofil ver\u00f6ffentlichen oder die Sie durch das Posten von Kommentaren offenlegen, f\u00fcr andere \u00f6ffentlich zug\u00e4nglich und einsehbar sind. Wir \u00fcbernehmen keine Haftung f\u00fcr Informationen, die Sie durch solche und\/oder andere explizite Aktionen freiwillig \u00f6ffentlich machen;<\/p>\n<p>2.1.3. Informationen, die Sie einem Dritten (z. B. einem sozialen Netzwerk wie Facebook) zur Weitergabe an uns erm\u00e4chtigen, wie ihre E-Mail-Adresse oder andere Informationen, die Sie identifizieren k\u00f6nnten;<\/p>\n<p>2.1.4. Korrespondenz oder eine Aufzeichnung davon, wenn Sie uns kontaktieren sollten;<\/p>\n<p>2.1.5. Umfragen, die Sie ausf\u00fcllen; Und<\/p>\n<p>2.1.6. statistische Daten \u00fcber Ihre Browsing-Aktionen und -Muster, die Sie nicht identifizieren. Dies bedeutet Informationen \u00fcber Ihren Computer und Ihre Nutzung unserer Dienste, einschlie\u00dflich (soweit verf\u00fcgbar) Ihrer IP-Adresse, der eindeutigen Kennung des Mobilger\u00e4ts<strong>UDID<\/strong>), der internationalen Identifikation des Mobilger\u00e4ts (<strong>IMEI<\/strong>), Android-Identifikation, MAC-Adresse des Ger\u00e4tes, Browserinformationen, Betriebssystem, Zeitstempel, heruntergeladene Seiten, heruntergeladene Anwendungen, Verkehrsdaten, Standortdaten, Weblogs und andere Kommunikationsdaten sowie die Ressourcen, auf die Sie zugreifen.<\/p>\n<h1>3. WIE WIR IHRE INFORMATIONEN VERWENDEN<\/h1>\n<p>3.1. Wir verwenden die \u00fcber Sie gespeicherten Informationen auf folgende Weise:<\/p>\n<p>3.1.1. um sicherzustellen, dass der Dienst f\u00fcr Sie und Ihren Computer effektivste Weise pr\u00e4sentiert wird;<\/p>\n<p>3.1.2. um Sie zu identifizieren, wenn Sie den Dienst nutzen;<\/p>\n<p>3.1.3. um Ihre Fragen zu beantworten und den Service zu verbessern;<\/p>\n<p>3.1.4. um Sie \u00fcber \u00c4nderungen an unserem Service zu informieren;<\/p>\n<p>3.1.5. um Ihnen Updates und andere Informationen \u00fcber Sonderangebote und neue Funktionen unseres Dienstes zur Verf\u00fcgung zu stellen; Und<\/p>\n<p>3.1.6. f\u00fcr Marketingzwecke, wenn Sie damit einverstanden sind.<\/p>\n<h1>4. WIE WIR IHRE INFORMATIONEN WEITERGEBEN<\/h1>\n<p>4.1. Wir k\u00f6nnen Ihre pers\u00f6nlichen Daten unter folgenden Umst\u00e4nden an Dritte weitergeben:<\/p>\n<p>4.1.1. zu Marketingzwecken, wenn Sie dem zustimmen;<\/p>\n<p>4.1.2. an andere Mitglieder der Villa Alcalde Unternehmensgruppe, unsere Partner und Dienstleister zum Zwecke der Verwaltung oder Verwaltung bestimmter Aspekte unseres Dienstes; f\u00fcr Analysezwecke; und uns bei der Entwicklung neuer Dienstleistungen zu unterst\u00fctzen;<\/p>\n<p>4.1.3. zum Schutz der Rechte, des Eigentums oder der Sicherheit von uns oder anderen Nutzern des Dienstes;<\/p>\n<p>4.1.4. wenn wir durch geltende Gesetze, Vorschriften oder rechtliche Verfahren dazu verpflichtet oder berechtigt sind; Oder<\/p>\n<p>4.1.5. wenn wir (oder im Wesentlichen alle unsere Verm\u00f6genswerte) von einem Dritten erworben werden, in diesem Fall sind personenbezogene Daten, die von uns \u00fcber unsere Nutzer gehalten werden, eines der \u00fcbertragenen Verm\u00f6genswerte.<\/p>\n<p>4.2. Wir k\u00f6nnen aggregierte Informationen \u00fcber die Art und Weise, wie unsere Benutzer unseren Service nutzen, an Dritte weitergeben, aber dies wird keine Informationen enthalten, die zur Identifizierung Ihrer Person verwendet werden k\u00f6nnten.<\/p>\n<h1>5. WO WIR IHRE DATEN SPEICHERN<\/h1>\n<p>5.1. Wir ergreifen geeignete organisatorische und technische Ma\u00dfnahmen, um Ihre personenbezogenen Daten, die wir besitzen, zu sch\u00fctzen. Wir beschr\u00e4nken den Zugriff auf Ihre personenbezogenen Daten auf diejenigen, von denen wir glauben, dass sie vern\u00fcnftigerweise mit diesen Informationen in Kontakt kommen m\u00fcssen, um ihre Arbeit zu erf\u00fcllen.<\/p>\n<p>5.2. Die Daten, die wir von Ihnen erheben, k\u00f6nnen an einen Bestimmungsort au\u00dferhalb des Europ\u00e4ischen Wirtschaftsraums<strong>(EWR)<\/strong>\u00fcbertragen und dort gespeichert werden. Sie k\u00f6nnen auch von Au\u00dferhalb des EWR t\u00e4tigen Personen verarbeitet werden, die f\u00fcr uns, eines unserer verbundenen Unternehmen oder einen von uns engagierten Dritten arbeiten. Mit der \u00dcbermittlung Ihrer personenbezogenen Daten an uns erkl\u00e4ren Sie sich mit einer solchen \u00dcbertragung, Speicherung oder Verarbeitung einverstanden. Wir werden alle angemessenen Schritte unternehmen, um sicherzustellen, dass Ihre personenbezogenen Daten jederzeit und in \u00dcbereinstimmung mit dieser Datenschutzrichtlinie sicher behandelt werden.<\/p>\n<p>5.3. Leider ist die \u00dcbertragung von Informationen \u00fcber das Internet nicht v\u00f6llig sicher.<\/p>\n<p>Obwohl wir unser Bestes tun werden, um Ihre personenbezogenen Daten zu sch\u00fctzen, k\u00f6nnen wir nicht garantieren,<\/p>\n<p>Die Sicherheit Ihrer an unseren Dienst \u00fcbermittelten Informationen und jede \u00dcbermittlung erfolgt auf eigene Gefahr.<\/p>\n<p>5.4. Wir werden Ihre Daten so lange aufbewahren, wie dies zur Erf\u00fcllung unserer von uns erbringenden Dienstleistungen oder zur Einhaltung der geltenden Rechtsvorschriften, regulatorischen Anforderungen und einschl\u00e4gigen Anordnungen von zust\u00e4ndigen Gerichten erforderlich ist.<\/p>\n<h1>6. COOKIES<\/h1>\n<p>6.1. Wir verwenden Cookies und \u00e4hnliche Technologien wie lokalen Speicher in unseren Apps, um unseren Service bereitzustellen und zu optimieren. Sie k\u00f6nnen \u00fcber Ihre Browsereinstellungen steuern, welche Cookies Sie erhalten und welche Sie auf Ihrem Ger\u00e4t behalten. Sofern Sie Ihre Browsereinstellungen nicht so angepasst haben, dass sie unsere Cookies ablehnen, gibt unser System Cookies aus, wenn Sie unsere Website besuchen. Wenn Sie jedoch keine Cookies akzeptieren, k\u00f6nnen Sie viele der Besonderen des Dienstes m\u00f6glicherweise nicht nutzen.<\/p>\n<p>6.2. Wir verwenden Cookies, um die Seiten zu verfolgen, auf denen Sie und andere Besucher auf unserem Service waren, einschlie\u00dflich der Bereitstellung von Werbung, von der wir glauben, dass sie f\u00fcr Sie am wahrscheinlichsten von Interesse ist.<\/p>\n<p>6.3. Alle g\u00e4ngigen Browser bieten Tipps und Anleitungen f\u00fcr die Verwaltung der in Ihrem Browser verf\u00fcgbaren Cookies. Es gibt auch viele verschiedene Drittanbieter-Browser-Plug-Ins und Erweiterungen zur Verf\u00fcgung, die Sie herunterladen k\u00f6nnen, um es einfacher zu machen, Ihre Cookies zu sehen und zu kontrollieren.<\/p>\n<p>6.4. Weitere Informationen zur Internetwerbung finden Sie auf den folgenden Websites:<\/p>\n<p><a href=\"http:\/\/www.allaboutcookies.org\/\">www.allaboutcookies.org<\/a>, <a href=\"http:\/\/www.yourchoicesonline.eu\/\">www.yourchoicesonline.eu<\/a>und <a href=\"http:\/\/www.networkadvertising.org\/\">www.networkadvertising.org<\/a><a href=\"http:\/\/www.networkadvertising.org\/\">.<\/a> Einige dieser Websites erm\u00f6glichen es Ihnen, Verhaltensbezogene Online-Werbung und andere Tracking-Cookies (zus\u00e4tzlich zu den Kontrolleinstellungen in Ihrem Browser) abzulehnen.<\/p>\n<h1>7. VERKN\u00dcPFUNGEN<\/h1>\n<p>Unser Service kann Links zu und von anderen Websites und Diensten enthalten. Wir sind nicht verantwortlich f\u00fcr die Datenschutzpraktiken oder den Inhalt von Websites Dritter. Bitte \u00fcberpr\u00fcfen Sie die individuellen Datenschutzrichtlinien solcher Websites oder Dienste, bevor Sie ihnen personenbezogene Daten \u00fcbermitteln.<\/p>\n<h1>8. WERBER<\/h1>\n<p>Wir k\u00f6nnen von Zeit zu Zeit Drittanbieter oder Sponsoren in unserem Service nutzen. F\u00fcr den Fall, dass wir dies tun, werden wir keine identifizierbaren Informationen \u00fcber Personen offenlegen, aber wir k\u00f6nnen ihnen aggregierte Informationen \u00fcber unsere Nutzer zur Verf\u00fcgung stellen. Wir k\u00f6nnen solche aggregierten Informationen auch verwenden, um Werbetreibenden dabei zu helfen, die Zielgruppe zu erreichen, die sie ansprechen m\u00f6chten (z. B. M\u00e4nner in London). Wir k\u00f6nnen die personenbezogenen Daten, die wir von Ihnen gesammelt haben, nutzen, damit wir den W\u00fcnschen unserer Werbetreibenden und Sponsoren nachkommen k\u00f6nnen, indem wir ihre Werbung dieser Zielgruppe anzeigen.<\/p>\n<h1>9. IHR KONTO SICHER HALTEN<\/h1>\n<p>9.1. Wenn wir Ihnen (oder wenn Sie sich daf\u00fcr entschieden haben) ein Passwort gegeben haben, das Ihnen den Zugriff auf bestimmte Teile des Dienstes erm\u00f6glicht, sind Sie daf\u00fcr verantwortlich, dieses Passwort vertraulich zu behandeln, und Sie sind f\u00fcr jeden Missbrauch dieser Informationen verantwortlich. Sie m\u00fcssen Ihr Passwort regelm\u00e4\u00dfig \u00e4ndern und d\u00fcrfen Ihr Passwort nicht an Dritte weitergeben.<\/p>\n<p>9.2. Sie sind allein verantwortlich f\u00fcr die Sicherheit und Vertraulichkeit Ihres Kontos. Bitte stellen Sie sicher, dass Sie niemandem erlauben, auf den Dienst in Ihrem Namen zuzugreifen und sich abzumelden. <sub>&#8211; 3! &#8211; RPC <\/sub>nachdem Sie den Zugriff auf Ihr Konto abgeschlossen haben.<\/p>\n<p>9.3. Sie sind verantwortlich f\u00fcr alle Bestellungen und f\u00fcr die Richtigkeit aller Informationen, die \u00fcber das Internet mit Ihrer Benutzer-ID, Ihrem Passwort oder einer anderen pers\u00f6nlichen Identifikation gesendet werden, die verwendet wird, um Sie auf dem Dienst zu identifizieren.<\/p>\n<p>9.4. Sie haften uns gegen\u00fcber f\u00fcr alle Bestellungen oder Transaktionen, die durch die Verwendung Ihrer Benutzer-ID und Ihres Passworts get\u00e4tigt werden, auch wenn eine solche Verwendung rechtswidrig sein k\u00f6nnte. Wir haften Ihnen gegen\u00fcber nicht f\u00fcr Verluste, die Ihnen infolge des Missbrauchs Ihrer Benutzer-ID und Ihres Passworts entstehen k\u00f6nnen, und wir \u00fcbernehmen keine Haftung, die sich aus der unbefugten Nutzung ergibt, ob betr\u00fcgerisch oder anderweitig.<\/p>\n<h1>10. MARKETING<\/h1>\n<p>Mit Ihrer Erlaubnis k\u00f6nnen wir Ihnen Informationen \u00fcber andere Produkte und Dienstleistungen zusenden, die f\u00fcr Sie von Interesse sein k\u00f6nnten. Sie haben das Recht, uns zu bitten, Ihre personenbezogenen Daten nicht f\u00fcr Marketingzwecke zu verarbeiten. Sie k\u00f6nnen von Ihrem Recht Gebrauch machen, diese Verarbeitung zu deaktivieren, indem Sie bestimmte K\u00e4stchen auf den Formularen oder Registrierungsseiten ankreuzen, die wir zur Erfassung Ihrer Daten verwenden. Sie k\u00f6nnen dieses Recht auch jederzeit aus\u00fcben, indem Sie uns per Post oder E-Mail an die unten aufgef\u00fchrte Adresse kontaktieren.<\/p>\n<h1>11. ZUGANG ZU INFORMATIONEN<\/h1>\n<p>Sie haben das Recht, auf die \u00fcber Sie gespeicherten Informationen zuzugreifen. Ihr Recht auf Zugang kann in \u00dcbereinstimmung mit den britischen Datenschutzgesetzen ausge\u00fcbt werden. Jede Zugangsanfrage kann mit einer geringen Verwaltungsgeb\u00fchr verbunden sein, um unsere Kosten zu decken, indem wir Ihnen Details zu den Informationen, die wir \u00fcber Sie haben, zur Verf\u00fcgung stellen. Kontaktieren Sie uns unter: team@villaalcaldelanzarote.com f\u00fcr Details.<\/p>\n<h1>12. \u00c4NDERUNGEN AN UNSERER DATENSCHUTZRICHTLINIE<\/h1>\n<p>Gelegentlich \u00e4ndern wir unsere Datenschutzrichtlinie, und alle \u00c4nderungen, die wir in Zukunft daran vornehmen, werden auf dieser Seite ver\u00f6ffentlicht und Ihnen gegebenenfalls per E-Mail oder einer anderen Nachricht mitgeteilt.<\/p>\n","protected":false},"excerpt":{"rendered":"<p>Diese Internetseite wird von Villa Alcalde zur Verf\u00fcgung gestellt. Die Sicherheit Ihrer pers\u00f6nlichen Daten ist uns wichtig. Diese Datenschutzrichtlinie soll dazu beitragen, dass Sie sich bei der Nutzung unserer Webseite oder beim Zugriff auf einen unserer Dienste (Service )in Bezug auf den Datenschutz und die Sicherheit Ihrer Daten sicherer f\u00fchlen. Durch die Nutzung unseres Dienstes&hellip;<\/p>\n","protected":false},"author":1,"featured_media":0,"parent":0,"menu_order":0,"comment_status":"closed","ping_status":"open","template":"","meta":{"footnotes":""},"class_list":["post-3394","page","type-page","status-publish","hentry","description-off"],"acf":[],"_links":{"self":[{"href":"https:\/\/villaalcaldelanzarote.com\/de\/wp-json\/wp\/v2\/pages\/3394","targetHints":{"allow":["GET"]}}],"collection":[{"href":"https:\/\/villaalcaldelanzarote.com\/de\/wp-json\/wp\/v2\/pages"}],"about":[{"href":"https:\/\/villaalcaldelanzarote.com\/de\/wp-json\/wp\/v2\/types\/page"}],"author":[{"embeddable":true,"href":"https:\/\/villaalcaldelanzarote.com\/de\/wp-json\/wp\/v2\/users\/1"}],"replies":[{"embeddable":true,"href":"https:\/\/villaalcaldelanzarote.com\/de\/wp-json\/wp\/v2\/comments?post=3394"}],"version-history":[{"count":0,"href":"https:\/\/villaalcaldelanzarote.com\/de\/wp-json\/wp\/v2\/pages\/3394\/revisions"}],"wp:attachment":[{"href":"https:\/\/villaalcaldelanzarote.com\/de\/wp-json\/wp\/v2\/media?parent=3394"}],"curies":[{"name":"wp","href":"https:\/\/api.w.org\/{rel}","templated":true}]}}