{"id":3409,"date":"2017-03-14T10:44:02","date_gmt":"2017-03-14T10:44:02","guid":{"rendered":"https:\/\/www.villaalcaldelanzarote.com\/allgemeine-geschaeftsbedingungen\/"},"modified":"2025-06-28T22:31:39","modified_gmt":"2025-06-28T22:31:39","slug":"allgemeine-geschaeftsbedingungen","status":"publish","type":"page","link":"https:\/\/villaalcaldelanzarote.com\/de\/allgemeine-geschaeftsbedingungen\/","title":{"rendered":"Allgemeine Gesch\u00e4ftsbedingungen"},"content":{"rendered":"<div id=\"lipsum\">\n<ol>\n<li>Die Immobilie &#8222;Villa Alcalde&#8220; befindet sich in Camino del Volc\u00e1n L, 5, 35571 Tias, Las Palmas, Spanien, und wird von den privaten Eigent\u00fcmern zur Ferienvermietung angeboten.<\/li>\n<li>Um die Immobilie zu reservieren\/buchen, kann dies nur durch Online-Buchung bei www.villaalcaldelanzarote.com oder \u00fcber einen genehmigten Partner erfolgen, wenn es einen von uns genehmigten offiziellen Eintrag gibt. Eine Buchung wird erst dann best\u00e4tigt, wenn der Buchende alle zum Zeitpunkt und am Ort der Buchung aufgef\u00fchrten Verpflichtungen erf\u00fcllt hat, einschlie\u00dflich der Einhaltung der Anzahlung.<\/li>\n<li>Nach dem Mietvertrag und der Vorauszahlung wird das Haus gesperrt und f\u00fcr den Kunden f\u00fcr die genehmigten Termine reserviert.<\/li>\n<li>Der Restbetrag der Miete ist sp\u00e4testens 45 Tage vor Beginn der Mietdauer zu zahlen. Wenn die Zahlung nicht bis zum F\u00e4lligkeitsdatum eingegangen ist, beh\u00e4lt sich der Eigent\u00fcmer das Recht vor, die Stornierung der Reservierung per Post oder E-Mail mitzuteilen. Der Kunde bleibt verpflichtet, den Restbetrag der Miete zu zahlen, es sei denn, der Eigent\u00fcmer ist in der Lage, die Immobilie wieder zu vermieten.<\/li>\n<li>Wenn der Kunde seine Buchung stornieren muss und die Stornierung vor 45 Tagen vor Mietbeginn erfolgt, wird der Eigent\u00fcmer das erhaltene Geld abz\u00fcglich Bankgeb\u00fchren und Provisionen zur\u00fcckgeben. Wenn die Stornierung innerhalb von 45 Tagen vor Mietbeginn erfolgt, beh\u00e4lt der Eigent\u00fcmer alle f\u00fcr diese Miete gezahlten Gelder ein.<\/li>\n<li>Die Mietzeit beginnt am ersten Tag um 16:00 Uhr und endet am letzten Tag um 10.00 Uhr, sofern nichts anderes vereinbart ist.<\/li>\n<li>Villa Alcalde ist eine Nichtraucherunterkunft und im Haus d\u00fcrfen unter keinen Umst\u00e4nden Zigaretten geraucht werden.<\/li>\n<li>Es wird davon ausgegangen, dass auf dem Grundst\u00fcck keine Haustiere erlaubt sind.<\/li>\n<li>Der Kunde l\u00e4sst sein Auto auf eigenes Risiko auf dem Grundst\u00fcck stehen, und der Eigent\u00fcmer \u00fcbernimmt keine Verantwortung f\u00fcr ein Fahrzeug oder den Inhalt eines Fahrzeugs.<\/li>\n<li>Es d\u00fcrfen keine Zelte, Wohnwagen oder Wohnmobile auf dem Grundst\u00fcck angenommen werden.<\/li>\n<li>Wenn der Kunde eine andere Person als die auf dem Buchungsbest\u00e4tigungsschreiben angegebene einladen m\u00f6chte, muss er die schriftliche Genehmigung des Eigent\u00fcmers einholen, der sich das Recht vorbeh\u00e4lt, eine angemessene Geb\u00fchr zu erheben oder den Zugang zu verweigern.<\/li>\n<li>Die Kunden verpflichten sich, ein r\u00fccksichtsvoller Mieter zu sein, die Immobilie gut zu pflegen und sie in dem Zustand zu hinterlassen, in dem sie sich zu Beginn der Mietzeit befand. Um den ordnungsgem\u00e4\u00dfen Unterhalt der Wohnung zu erleichtern, sorgt der Eigent\u00fcmer bei einem Aufenthalt von mehr als 7 Tagen f\u00fcr eine Reinigung in der Mitte Ihres Aufenthalts. Am Ende Ihres Aufenthaltes wird erwartet, dass der Kunde das Haus in geordnetem Zustand verl\u00e4sst, die Bettw\u00e4sche entfernt, der M\u00fcll entsorgt und die K\u00fcche mit Geschirr in der Sp\u00fclmaschine aufger\u00e4umt wird.<\/li>\n<li>Der Kunde darf die Immobilie in keinem Fall weitervermieten oder untervermieten, auch nicht kostenlos.<\/li>\n<li>Die Gruppe des Mieters sollte sicherstellen, dass sie f\u00fcr sich selbst einen ausreichenden Versicherungsschutz vereinbart hat. Der Eigent\u00fcmer tr\u00e4gt keine pers\u00f6nliche Unfallhaftung, und dies ist eine ausdr\u00fcckliche Bedingung des Mietvertrags.<\/li>\n<li>Der Eigent\u00fcmer haftet dem Kunden gegen\u00fcber nicht:<br \/>\n&#8211; f\u00fcr eine vor\u00fcbergehende Unterbrechung der Versorgung des Objekts mit \u00f6ffentlichen Dienstleistungen;<br \/>\n&#8211; f\u00fcr Verluste, Sch\u00e4den oder Verletzungen, die sich aus ung\u00fcnstigen Witterungsbedingungen oder anderen Umst\u00e4nden ergeben, die au\u00dferhalb der Kontrolle des Eigent\u00fcmers liegen;<br \/>\n&#8211; f\u00fcr Verluste, Sch\u00e4den oder Unannehmlichkeiten, die der Kunde erleidet, wenn das Objekt vor Beginn des Mietzeitraums zerst\u00f6rt oder erheblich besch\u00e4digt wird. In einem solchen Fall erstattet der Eigent\u00fcmer dem Kunden unverz\u00fcglich alle zuvor gezahlten Betr\u00e4ge zur\u00fcck.<\/li>\n<li>  Unter keinen Umst\u00e4nden \u00fcbersteigt die Haftung des Vermieters gegen\u00fcber dem Kunden den Betrag, den er f\u00fcr den Mietzeitraum an den Vermieter gezahlt hat.<br \/>\n16.1 Der Vertrag unterliegt in jeder Hinsicht, einschlie\u00dflich des Zustandekommens und der Auslegung, spanischem Recht und gilt als in Spanien geschlossen.<\/li>\n<li>HINWEISE<br \/>\n17.1 Alle Bett-, Bad-, K\u00fcchen- und Poolhandt\u00fccher werden vom Eigent\u00fcmer gestellt. Strandt\u00fccher werden ebenfalls standardm\u00e4\u00dfig zur Verf\u00fcgung gestellt.<br \/>\n17.2 Wir stellen Ihnen standardm\u00e4\u00dfig ein Babybett und einen Hochstuhl zur Verf\u00fcgung.<br \/>\n17.3 Vor Ihrer Ankunft erhalten Sie die Kontaktdaten der Villenmanager f\u00fcr alle Wartungs- und Reinigungsarbeiten vor Ort w\u00e4hrend Ihres Aufenthalts. Sie sind w\u00e4hrend Ihres gesamten Aufenthalts Ihr Hauptansprechpartner, wenn Sie Fragen oder Probleme haben. Wir senden Ihnen auch Ihre Ankunftsunterlagen, eine Wegbeschreibung zum Haus und Anweisungen zum Einchecken zu.<br \/>\n17.4 Der Swimmingpool und der Whirlpool werden regelm\u00e4\u00dfig kontrolliert und gereinigt, mindestens zweimal pro Woche, oder \u00f6fter, wenn die G\u00e4stezahl es erfordert. Die Person, die f\u00fcr die Wartung des Swimmingpools \/ Whirlpools zust\u00e4ndig ist, hat einen Schl\u00fcssel zum Eingangstor und kommt, wann immer es ihr Zeitplan zul\u00e4sst, es sei denn, es ist dringend erforderlich, dass alle Mitarbeiter w\u00e4hrend ungeselliger Stunden keinen Besuch empfangen!<br \/>\n17.5 Der Mieter muss die Sicherheit aller Mitglieder seiner Partei in Bezug auf das Schwimmbad gew\u00e4hrleisten. Swimmingpools sind f\u00fcr Kinder gef\u00e4hrlich, und sie m\u00fcssen im Garten von Erwachsenen beaufsichtigt werden. Der Eigent\u00fcmer \u00fcbernimmt keinerlei Verantwortung f\u00fcr eventuelle Schwimmunf\u00e4lle von Seiten der Mieter.<\/li>\n<\/ol>\n<\/div>\n","protected":false},"excerpt":{"rendered":"<p>Die Immobilie &#8222;Villa Alcalde&#8220; befindet sich in Camino del Volc\u00e1n L, 5, 35571 Tias, Las Palmas, Spanien, und wird von den privaten Eigent\u00fcmern zur Ferienvermietung angeboten. Um die Immobilie zu reservieren\/buchen, kann dies nur durch Online-Buchung bei www.villaalcaldelanzarote.com oder \u00fcber einen genehmigten Partner erfolgen, wenn es einen von uns genehmigten offiziellen Eintrag gibt. Eine Buchung&hellip;<\/p>\n","protected":false},"author":1,"featured_media":0,"parent":0,"menu_order":0,"comment_status":"closed","ping_status":"closed","template":"","meta":{"footnotes":""},"class_list":["post-3409","page","type-page","status-publish","hentry","description-off"],"acf":[],"_links":{"self":[{"href":"https:\/\/villaalcaldelanzarote.com\/de\/wp-json\/wp\/v2\/pages\/3409","targetHints":{"allow":["GET"]}}],"collection":[{"href":"https:\/\/villaalcaldelanzarote.com\/de\/wp-json\/wp\/v2\/pages"}],"about":[{"href":"https:\/\/villaalcaldelanzarote.com\/de\/wp-json\/wp\/v2\/types\/page"}],"author":[{"embeddable":true,"href":"https:\/\/villaalcaldelanzarote.com\/de\/wp-json\/wp\/v2\/users\/1"}],"replies":[{"embeddable":true,"href":"https:\/\/villaalcaldelanzarote.com\/de\/wp-json\/wp\/v2\/comments?post=3409"}],"version-history":[{"count":1,"href":"https:\/\/villaalcaldelanzarote.com\/de\/wp-json\/wp\/v2\/pages\/3409\/revisions"}],"predecessor-version":[{"id":5853,"href":"https:\/\/villaalcaldelanzarote.com\/de\/wp-json\/wp\/v2\/pages\/3409\/revisions\/5853"}],"wp:attachment":[{"href":"https:\/\/villaalcaldelanzarote.com\/de\/wp-json\/wp\/v2\/media?parent=3409"}],"curies":[{"name":"wp","href":"https:\/\/api.w.org\/{rel}","templated":true}]}}