{"id":5975,"date":"2025-02-18T23:00:21","date_gmt":"2025-02-18T23:00:21","guid":{"rendered":"https:\/\/villaalcaldelanzarote.com\/startseite-neu\/"},"modified":"2025-09-15T11:08:49","modified_gmt":"2025-09-15T11:08:49","slug":"startseite-neu","status":"publish","type":"page","link":"https:\/\/villaalcaldelanzarote.com\/de\/","title":{"rendered":"Startseite neu"},"content":{"rendered":"<div class=\"wpb-content-wrapper\"><p>[vc_row full_width=&#8220;stretch_row&#8220; type=&#8220;vc_default&#8220; css=&#8220;.vc_custom_1740073822132{margin-top: -152px !important;}&#8220; el_class=&#8220;custom-row-2&#8243;][vc_column css=&#8220;.vc_custom_1492705329900{padding-top: 0px !important;}&#8220;][vc_row_inner css=&#8220;.vc_custom_1492705400904{padding-top: 0px !important;}&#8220;][vc_column_inner width=&#8220;1\/2&#8243; css=&#8220;.vc_custom_1489252094501{padding-top: 70px !important;padding-right: 0px !important;}&#8220;][\/vc_column_inner][vc_column_inner width=&#8220;1\/2&#8243; css=&#8220;.vc_custom_1739205492688{padding-right: 0px !important;padding-left: 0px !important;}&#8220;][vc_column_text css=&#8220;.vc_custom_1740135096788{margin-bottom: 0px !important;padding-top: 30px !important;padding-right: 30px !important;padding-bottom: 30px !important;padding-left: 30px !important;background-color: #f3eee9 !important;}&#8220;]<\/p>\n<h1>Villa Alcalde <span class=\"bul\"> &#8211; Lanzarote <\/span><\/h1>\n<p>[\/vc_column_text][vc_separator color=&#8220;black&#8220; el_width=&#8220;90&#8243; css=&#8220;&#8220;][\/vc_column_inner][\/vc_row_inner][\/vc_column][\/vc_row][vc_row full_width=&#8220;stretch_row&#8220; type=&#8220;vc_default&#8220; el_id=&#8220;Einf\u00fchrung&#8220; el_class=&#8220;main_row&#8220;][vc_column css=&#8220;.vc_custom_1739400473438{padding-top: 30px !important;}&#8220;][vc_row_inner equal_height=&#8220;yes&#8220; content_placement=&#8220;middle&#8220;][vc_column_inner width=&#8220;1\/2&#8243; css=&#8220;.vc_custom_1739442609072{margin-bottom: 0px !important;padding-right: 30px !important;}&#8220;][vc_single_image image=&#8220;5317&#8243; img_size=&#8220;full&#8220; onclick=&#8220;link_image&#8220; lazy_loading=&#8220;true&#8220;][\/vc_column_inner][vc_column_inner width=&#8220;1\/2&#8243; css=&#8220;.vc_custom_1739490718020{padding-right: 40px !important;padding-left: 30px !important;}&#8220;][vc_column_text css=&#8220;.vc_custom_1740004169849{margin-bottom: 0px !important;}&#8220;]<\/p>\n<h2>Wir stellen vor: Villa Alcalde<\/h2>\n<p><span style=\"font-weight: 600;\">Villa Alcalde ist eine luxuri\u00f6se Villa mit 7 Schlafzimmern und 8 Badezimmern und privatem Pool in einer ruhigen Umgebung in der N\u00e4he des Zentrums von M\u00e1cher, Lanzarote.<\/span><\/p>\n<p>Die Villa Alcalde profitiert von einer erh\u00f6hten Lage und bietet eine ungest\u00f6rte Aussicht. Blicken Sie \u00fcber den Atlantik, auf die Sonne, die hinter den Vulkanen des Nationalparks untergeht, oder auf die fernen Lichter von Puerto Calero und Arrecife. In der Villa Alcalde werden Sie das Gef\u00fchl haben, diese magische Insel geh\u00f6re ganz Ihnen.[\/vc_column_text][\/vc_column_inner][\/vc_row_inner][\/vc_column][\/vc_row][vc_row full_width=&#8220;stretch_row&#8220; type=&#8220;vc_default&#8220; el_id=&#8220;innerhalb&#8220; el_class=&#8220;main_row&#8220;][vc_column css=&#8220;.vc_custom_1739443687974{padding-top: 55px !important;}&#8220;][vc_row_inner equal_height=&#8220;yes&#8220; content_placement=&#8220;middle&#8220;][vc_column_inner el_class=&#8220;swap_text_image&#8220; width=&#8220;1\/2&#8243; css=&#8220;.vc_custom_1739743427866{padding-right: 30px !important;padding-left: 40px !important;}&#8220;][vc_column_text css=&#8220;.vc_custom_1739918786255{margin-bottom: 0px !important;border-radius: 1px !important;}&#8220;]<\/p>\n<h2>Das Innere der Villa<\/h2>\n<p>Die Villa Alcalde wurde liebevoll restauriert und f\u00fcr Luxusreisen modernisiert.<\/p>\n<p>Standardm\u00e4\u00dfig bietet es Platz f\u00fcr 14 Personen, aber es gibt auch ein gem\u00fctliches Zimmer, das als zus\u00e4tzliches Schlafzimmer (mit eigenem Bad) genutzt werden kann, so dass die maximale Kapazit\u00e4t bei 16 Personen liegt.<\/p>\n<p>Der offene Wohn-\/Ess- und K\u00fcchenbereich befindet sich im ersten Stock mit Glast\u00fcren, die auf wundersch\u00f6ne Terrassen f\u00fchren, die sich \u00fcber die gesamte L\u00e4nge des Hauses auf 2 Seiten erstrecken und einen wunderbaren Innen-\/Au\u00dfenwohnbereich mit atemberaubender Aussicht schaffen.[\/vc_column_text][\/vc_column_inner][vc_column_inner width=&#8220;1\/2&#8243; css=&#8220;.vc_custom_1739281172147{padding-left: 30px !important;}&#8220;][vc_single_image image=&#8220;5305&#8243; img_size=&#8220;full&#8220; onclick=&#8220;link_image&#8220; lazy_loading=&#8220;true&#8220;][\/vc_column_inner][\/vc_row_inner][\/vc_column][\/vc_row][vc_row full_width=&#8220;stretch_row&#8220; type=&#8220;vc_default&#8220; el_id=&#8220;au\u00dferhalb&#8220; el_class=&#8220;main_row last_row&#8220;][vc_column css=&#8220;.vc_custom_1739455005487{padding-top: 55px !important;}&#8220;][vc_row_inner equal_height=&#8220;yes&#8220; content_placement=&#8220;middle&#8220;][vc_column_inner width=&#8220;1\/2&#8243; css=&#8220;.vc_custom_1739403152013{padding-right: 30px !important;}&#8220;][vc_single_image image=&#8220;5333&#8243; img_size=&#8220;full&#8220; lazy_loading=&#8220;true&#8220;][\/vc_column_inner][vc_column_inner width=&#8220;1\/2&#8243; css=&#8220;.vc_custom_1739490736329{padding-right: 40px !important;padding-left: 30px !important;}&#8220;][vc_column_text css=&#8220;.vc_custom_1739918864650{margin-bottom: 0px !important;border-radius: 1px !important;}&#8220;]<\/p>\n<h2>Au\u00dferhalb der Villa<\/h2>\n<p>Diese Ferienvilla befindet sich auf einem riesigen, ummauerten Grundst\u00fcck von 1.200 m und z\u00e4hlt zu den sch\u00f6nsten auf Lanzarote. Das landschaftlich gestaltete Grundst\u00fcck umfasst einen von Cesar Manrique inspirierten, beheizten, versenkten Swimmingpool &#8211; einen der gr\u00f6\u00dften Wohnpools auf Lanzarote &#8211; und ein separates, erh\u00f6htes Whirlpool-Deck, von dem aus Sie die atemberaubende Aussicht auf die Region genie\u00dfen k\u00f6nnen. Au\u00dferdem gibt es eine Sonnenterrasse, eine Feuerstelle\/Grill und eine Au\u00dfenk\u00fcche.<\/p>\n<p>Es gibt einen Spielbereich mit einem Billardtisch im Freien und viele Bereiche, in die Sie sich zur\u00fcckziehen k\u00f6nnen, um allein zu entspannen![\/vc_column_text][\/vc_column_inner][\/vc_row_inner][\/vc_column][\/vc_row][vc_row][vc_column css=&#8220;.vc_custom_1740000721510{padding-top: 25px !important;padding-bottom: 85px !important;}&#8220;]<div class=\" vc_custom_1739919494734 ubtn-ctn-center cta_button\"><a class=\"ubtn-link ult-adjust-bottom-margin ubtn-center ubtn-normal cta_button\" href=\"https:\/\/villaalcaldelanzarote.com\/villa-alcalde\/\" title=\"Book Now\" ><button type=\"button\" id=\"ubtn-7894\"  class=\"ubtn ult-adjust-bottom-margin ult-responsive ubtn-normal ubtn-fade-bg  none  ubtn-center   tooltip-6a04aa4abd1af\"  data-hover=\"\" data-border-color=\"\" data-bg=\"\" data-hover-bg=\"#dfd5c9\" data-border-hover=\"\" data-shadow-hover=\"\" data-shadow-click=\"none\" data-shadow=\"\" data-shd-shadow=\"\"  data-ultimate-target='#ubtn-7894'  data-responsive-json-new='{\"font-size\":\"\",\"line-height\":\"\"}'  style=\"font-weight:normal;border-radius:0px;border-width:1px;border-color:;border-style:solid;\"><span class=\"ubtn-hover\" style=\"background-color:#dfd5c9\"><\/span><span class=\"ubtn-data ubtn-text \" >Die Villa<\/span><\/button><\/a><\/div>[\/vc_column][\/vc_row][vc_row bg_type=&#8220;bg_color&#8220; bg_override=&#8220;ex-full&#8220; bg_color_value=&#8220;#352f2d&#8220; css=&#8220;.vc_custom_1739920478387{background-color: #352f2d !important;}&#8220;][vc_column css=&#8220;.vc_custom_1739486320209{padding-top: 55px !important;}&#8220;][vc_row_inner el_class=&#8220;key_info&#8220; css=&#8220;.vc_custom_1739977966612{padding-top: 10px !important;padding-bottom: 55px !important;}&#8220;][vc_column_inner width=&#8220;1\/4&#8243;]<div id=\"ultimate-heading-52456a04aa4abd54b\" class=\"uvc-heading ult-adjust-bottom-margin ultimate-heading-52456a04aa4abd54b uvc-5489  uvc-heading-default-font-sizes\" data-hspacer=\"icon_only\"  data-halign=\"center\" style=\"text-align:center\"><div class=\"uvc-heading-spacer icon_only\" style=\"top\"><div class=\"ult-just-icon-wrapper  \"><div class=\"align-icon\" style=\"text-align:center;\">\n<div class=\"aio-icon none \"  style=\"color:#ffffff;font-size:20px;display:inline-block;\">\n\t<i class=\"Defaults-group users\"><\/i>\n<\/div><\/div><\/div><\/div><div class=\"uvc-main-heading ult-responsive\"  data-ultimate-target='.uvc-heading.ultimate-heading-52456a04aa4abd54b h2'  data-responsive-json-new='{\"font-size\":\"\",\"line-height\":\"\"}' ><h2 style=\"--font-weight:theme;\">Kapazit\u00e4t<\/h2><\/div><\/div>[vc_column_text css=&#8220;&#8220;]16 Schlafpl\u00e4tze<br \/>\n7 Schlafzimmer<br \/>\n8 B\u00e4der[\/vc_column_text][\/vc_column_inner][vc_column_inner width=&#8220;1\/4&#8243;]<div id=\"ultimate-heading-94116a04aa4abd65b\" class=\"uvc-heading ult-adjust-bottom-margin ultimate-heading-94116a04aa4abd65b uvc-8453  uvc-heading-default-font-sizes\" data-hspacer=\"icon_only\"  data-halign=\"center\" style=\"text-align:center\"><div class=\"uvc-heading-spacer icon_only\" style=\"top\"><div class=\"ult-just-icon-wrapper  \"><div class=\"align-icon\" style=\"text-align:center;\">\n<div class=\"aio-icon none \"  style=\"color:#ffffff;font-size:20px;display:inline-block;\">\n\t<i class=\"fas fa-water\"><\/i>\n<\/div><\/div><\/div><\/div><div class=\"uvc-main-heading ult-responsive\"  data-ultimate-target='.uvc-heading.ultimate-heading-94116a04aa4abd65b h2'  data-responsive-json-new='{\"font-size\":\"\",\"line-height\":\"\"}' ><h2 style=\"--font-weight:theme;\">Privater Pool<\/h2><\/div><\/div>[vc_column_text css=&#8220;&#8220;]12 x 3 Meter<br \/>\nbeheizt\/abgeschlossen<br \/>\nWhirlpool[\/vc_column_text][\/vc_column_inner][vc_column_inner width=&#8220;1\/4&#8243;]<div id=\"ultimate-heading-84096a04aa4abd720\" class=\"uvc-heading ult-adjust-bottom-margin ultimate-heading-84096a04aa4abd720 uvc-4565  uvc-heading-default-font-sizes\" data-hspacer=\"icon_only\"  data-halign=\"center\" style=\"text-align:center\"><div class=\"uvc-heading-spacer icon_only\" style=\"top\"><div class=\"ult-just-icon-wrapper  \"><div class=\"align-icon\" style=\"text-align:center;\">\n<div class=\"aio-icon none \"  style=\"color:#ffffff;font-size:20px;display:inline-block;\">\n\t<i class=\"fas fa-fire-alt\"><\/i>\n<\/div><\/div><\/div><\/div><div class=\"uvc-main-heading ult-responsive\"  data-ultimate-target='.uvc-heading.ultimate-heading-84096a04aa4abd720 h2'  data-responsive-json-new='{\"font-size\":\"\",\"line-height\":\"\"}' ><h2 style=\"--font-weight:theme;\">Einrichtungen<\/h2><\/div><\/div>[vc_column_text css=&#8220;&#8220;]Gro\u00dfer Steingrill<br \/>\nBillardtisch\/Tischtennis<br \/>\nwifi[\/vc_column_text][\/vc_column_inner][vc_column_inner width=&#8220;1\/4&#8243;]<div id=\"ultimate-heading-80816a04aa4abd7dc\" class=\"uvc-heading ult-adjust-bottom-margin ultimate-heading-80816a04aa4abd7dc uvc-7853  uvc-heading-default-font-sizes\" data-hspacer=\"icon_only\"  data-halign=\"center\" style=\"text-align:center\"><div class=\"uvc-heading-spacer icon_only\" style=\"top\"><div class=\"ult-just-icon-wrapper  \"><div class=\"align-icon\" style=\"text-align:center;\">\n<div class=\"aio-icon none \"  style=\"color:#ffffff;font-size:20px;display:inline-block;\">\n\t<i class=\"icomoon-the7-font-the7-map-03\"><\/i>\n<\/div><\/div><\/div><\/div><div class=\"uvc-main-heading ult-responsive\"  data-ultimate-target='.uvc-heading.ultimate-heading-80816a04aa4abd7dc h2'  data-responsive-json-new='{\"font-size\":\"\",\"line-height\":\"\"}' ><h2 style=\"--font-weight:theme;\">Standort<\/h2><\/div><\/div>[vc_column_text css=&#8220;&#8220;]M\u00e1cher<br \/>\n10 Min. zur K\u00fcste<br \/>\n15 Min. zum Flughafen[\/vc_column_text][\/vc_column_inner][\/vc_row_inner][\/vc_column][\/vc_row][vc_row][vc_column css=&#8220;.vc_custom_1739985494507{padding-top: 55px !important;}&#8220;]<div id=\"ultimate-heading-57076a04aa4abd828\" class=\"uvc-heading ult-adjust-bottom-margin ultimate-heading-57076a04aa4abd828 uvc-6527  uvc-heading-default-font-sizes\" data-hspacer=\"no_spacer\"  data-halign=\"center\" style=\"text-align:center\"><div class=\"uvc-heading-spacer no_spacer\" style=\"top\"><\/div><div class=\"uvc-main-heading ult-responsive\"  data-ultimate-target='.uvc-heading.ultimate-heading-57076a04aa4abd828 h2'  data-responsive-json-new='{\"font-size\":\"\",\"line-height\":\"\"}' ><h2 style=\"--font-weight:theme;\">Verf\u00fcgbarkeit<\/h2><\/div><\/div>\n<div id=\"b24_widget_6a04aa4abd8cf\"><span style=\"color:#fff\">Booking widget b24_widget_6a04aa4abd8cf<\/span><\/div>\n\n<!-- jquery widget code -->\n<script>\njQuery(document).ready(function() {var b24Attr={widgettype:\"AvailabilityCalendar\",propid:\"31286\",alignment:\"center\",backgroundColor:\"#F3EEE9\",borderColor:\"#F3EEE9\",buttonBackgroundColor:\"#DD3333\",buttonColor:\"#FFFFFF\",color:\"#000000\",defaultNumAdult:\"2\",defaultNumNight:\"5\",fontSize:\"18px\",formAction:\"https:\/\/villaalcaldelanzarote.com\/de\/jetzt-buchen\/\",formTarget:\"_parent\",numMonth:\"4\",pastBackgroundColor:\"#DDD5CA\",pastColor:\"#978B87\",peopleSelection:\"1\",requestBackgroundColor:\"#DDD5CA\",requestColor:\"#352F2D\",weekFirstDay:\"1\",widgetLang:\"de\",widgetType:\"AvailabilityCalendar\",width:\"100%\",unavailableBackgroundColor:\"#A75B3F\",unavailableColor:\"#FFFFFF\",};jQuery('#b24_widget_6a04aa4abd8cf').bookWidget(b24Attr);});\n<\/script>\n\n<div class=\" vc_custom_1752679533828 ubtn-ctn-center cta_button\"><a class=\"ubtn-link ult-adjust-bottom-margin ubtn-center ubtn-normal cta_button\" href=\"https:\/\/villaalcaldelanzarote.com\/book-now\/\" title=\"Book Now\" ><button type=\"button\" id=\"ubtn-4305\"  class=\"ubtn ult-adjust-bottom-margin ult-responsive ubtn-normal ubtn-fade-bg  none  ubtn-center   tooltip-6a04aa4abd986\"  data-hover=\"\" data-border-color=\"\" data-bg=\"\" data-hover-bg=\"#dfd5c9\" data-border-hover=\"\" data-shadow-hover=\"\" data-shadow-click=\"none\" data-shadow=\"\" data-shd-shadow=\"\"  data-ultimate-target='#ubtn-4305'  data-responsive-json-new='{\"font-size\":\"\",\"line-height\":\"\"}'  style=\"font-weight:normal;border-radius:0px;border-width:1px;border-color:;border-style:solid;\"><span class=\"ubtn-hover\" style=\"background-color:#dfd5c9\"><\/span><span class=\"ubtn-data ubtn-text \" >Jetzt buchen<\/span><\/button><\/a><\/div>[vc_separator color=\"black\" css=\".vc_custom_1739985475133{padding-top: 55px !important;}\"][\/vc_column][\/vc_row][vc_row full_width=\"stretch_row\" rtl_reverse=\"yes\" type=\"vc_default\" el_id=\"Lanzarote\" el_class=\"main_row\"][vc_column css=\".vc_custom_1739455195922{padding-top: 55px !important;}\"][vc_row_inner equal_height=\"yes\" content_placement=\"middle\"][vc_column_inner el_class=\"swap_text_image\" width=\"1\/2\" css=\".vc_custom_1739743456271{padding-right: 30px !important;padding-left: 40px !important;}\"][vc_column_text css=\".vc_custom_1739985665619{margin-bottom: 0px !important;border-radius: 1px !important;}\"]<\/p>\n<h2>Lanzarote<\/h2>\n<p>Auf Lanzarote geht es um viel mehr als nur um das beste Klima in Europa. Die j\u00fcngsten Medienberichte, die die weniger 'ausgetretenen Pfade' erforschen, haben die Stadt als einen Hort der Kultur und Sch\u00f6nheit hervorgehoben. Oder wie es der \"London Evening Standard\" ausdr\u00fcckte, die neue \"Hipster-Destination\".<\/p>\n<p>Die Landschaft von Lanzarote bietet 213 km K\u00fcstenlinie, davon 10 km Sand, 16,5 km Strand und der Rest ist felsig.[\/vc_column_text]<div class=\" vc_custom_1739999761494 ubtn-ctn-left cta_button\"><a class=\"ubtn-link ult-adjust-bottom-margin ubtn-left ubtn-small cta_button\" href=\"https:\/\/villaalcaldelanzarote.com\/lanzarote\/\" title=\"Book Now\" ><button type=\"button\" id=\"ubtn-8204\"  class=\"ubtn ult-adjust-bottom-margin ult-responsive ubtn-small ubtn-fade-bg  none  ubtn-left   tooltip-6a04aa4abda4d\"  data-hover=\"\" data-border-color=\"\" data-bg=\"\" data-hover-bg=\"#dfd5c9\" data-border-hover=\"\" data-shadow-hover=\"\" data-shadow-click=\"none\" data-shadow=\"\" data-shd-shadow=\"\"  data-ultimate-target='#ubtn-8204'  data-responsive-json-new='{\"font-size\":\"\",\"line-height\":\"\"}'  style=\"font-weight:normal;border-radius:0px;border-width:1px;border-color:;border-style:solid;\"><span class=\"ubtn-hover\" style=\"background-color:#dfd5c9\"><\/span><span class=\"ubtn-data ubtn-text \" >Mehr lesen<\/span><\/button><\/a><\/div>[\/vc_column_inner][vc_column_inner width=\"1\/2\" css=\".vc_custom_1739455493146{padding-left: 30px !important;}\"][vc_single_image image=\"5370\" img_size=\"full\" css=\"\"][\/vc_column_inner][\/vc_row_inner][\/vc_column][\/vc_row][vc_row full_width=\"stretch_row\" type=\"vc_default\" el_id=\"Extras\" el_class=\"main_row\"][vc_column css=\".vc_custom_1742911860497{padding-top: 55px !important;padding-bottom: 85px !important;}\"][vc_row_inner equal_height=\"yes\" content_placement=\"middle\"][vc_column_inner width=\"1\/2\" css=\".vc_custom_1739456563499{padding-right: 30px !important;}\"][vc_single_image image=\"5371\" img_size=\"full\" css=\"\"][\/vc_column_inner][vc_column_inner width=\"1\/2\" css=\".vc_custom_1739490754542{padding-right: 40px !important;padding-left: 30px !important;}\"][vc_column_text css=\".vc_custom_1739985883889{margin-bottom: 0px !important;border-radius: 1px !important;}\"]<\/p>\n<h2>Extra-Dienstleistungen<\/h2>\n<p>In der Villa Alcalde sind wir viel mehr als nur die Anbieter einer Luxusimmobilie f\u00fcr Sie - wir sind hier, um Ihnen auf jede erdenkliche Weise zu helfen. Was wir Ihnen bei der Planung helfen k\u00f6nnen, wird nur durch Ihre Vorstellungskraft f\u00fcr Spa\u00df begrenzt!<\/p>\n<p>Wir sind f\u00fcr Sie da und bieten Ihnen un\u00fcbertroffenes lokales Wissen, also z\u00f6gern Sie nicht, uns um Hilfe zu bitten.[\/vc_column_text]<div class=\" vc_custom_1739999772210 ubtn-ctn-left cta_button\"><a class=\"ubtn-link ult-adjust-bottom-margin ubtn-left ubtn-small cta_button\" href=\"https:\/\/villaalcaldelanzarote.com\/extra-services\/\" title=\"Book Now\" ><button type=\"button\" id=\"ubtn-3569\"  class=\"ubtn ult-adjust-bottom-margin ult-responsive ubtn-small ubtn-fade-bg  none  ubtn-left   tooltip-6a04aa4abdae0\"  data-hover=\"\" data-border-color=\"\" data-bg=\"\" data-hover-bg=\"#dfd5c9\" data-border-hover=\"\" data-shadow-hover=\"\" data-shadow-click=\"none\" data-shadow=\"\" data-shd-shadow=\"\"  data-ultimate-target='#ubtn-3569'  data-responsive-json-new='{\"font-size\":\"\",\"line-height\":\"\"}'  style=\"font-weight:normal;border-radius:0px;border-width:1px;border-color:;border-style:solid;\"><span class=\"ubtn-hover\" style=\"background-color:#dfd5c9\"><\/span><span class=\"ubtn-data ubtn-text \" >Mehr lesen<\/span><\/button><\/a><\/div>[\/vc_column_inner][\/vc_row_inner][\/vc_column][\/vc_row][vc_row full_width=\"stretch_row\" bg_type=\"bg_color\" bg_override=\"ex-full\" type=\"vc_default\" el_id=\"kiposhi\" el_class=\"main_row last_row\" css=\".vc_custom_1742942642213{padding-top: 20px !important;padding-bottom: 20px !important;background-color: #DDD5CA !important;}\" bg_color_value=\"#DDD5CA\"][vc_column css=\".vc_custom_1742942651666{padding-top: 35px !important;padding-right: 30px !important;padding-bottom: 35px !important;padding-left: 30px !important;}\"][vc_row_inner equal_height=\"yes\" content_placement=\"middle\"][vc_column_inner el_class=\"swap_text_image\" width=\"2\/3\" css=\".vc_custom_1742942567122{padding-right: 30px !important;}\"][vc_column_text css=\".vc_custom_1744989800639{margin-bottom: 0px !important;border-radius: 1px !important;}\"]<\/p>\n<h2><span style=\"font-weight: 800;\">Neue Immobilien:<\/span><br \/>\nKiposhi Beachside Apartments, Punta Mujeres<\/h2>\n<p>Zwei neue Strandappartements in ruhiger, l\u00e4ndlicher Lage in der N\u00e4he der traditionellen kanarischen Fischerd\u00f6rfer Punta Mujeres und Arrieta. Das kristallklare Meer, das vom Massentourismus unber\u00fchrt ist, erwartet Sie nur wenige Schritte von Ihrem Apartment entfernt.[\/vc_column_text]<div class=\" vc_custom_1740407704110 ubtn-ctn-left cta_button\"><a class=\"ubtn-link ult-adjust-bottom-margin ubtn-left ubtn-small cta_button\" href=\"https:\/\/villaalcaldelanzarote.com\/kiposhi-apartments\/\" title=\"Read more\" ><button type=\"button\" id=\"ubtn-9044\"  class=\"ubtn ult-adjust-bottom-margin ult-responsive ubtn-small ubtn-fade-bg  none  ubtn-left   tooltip-6a04aa4abdb4b\"  data-hover=\"\" data-border-color=\"\" data-bg=\"\" data-hover-bg=\"#dfd5c9\" data-border-hover=\"\" data-shadow-hover=\"\" data-shadow-click=\"none\" data-shadow=\"\" data-shd-shadow=\"\"  data-ultimate-target='#ubtn-9044'  data-responsive-json-new='{\"font-size\":\"\",\"line-height\":\"\"}'  style=\"font-weight:normal;border-radius:0px;border-width:1px;border-color:;border-style:solid;\"><span class=\"ubtn-hover\" style=\"background-color:#dfd5c9\"><\/span><span class=\"ubtn-data ubtn-text \" >Mehr lesen<\/span><\/button><\/a><\/div>[\/vc_column_inner][vc_column_inner width=\"1\/3\" css=\".vc_custom_1742912278264{margin-bottom: 10px !important;padding-left: 30px !important;}\"][vc_single_image image=\"5643\" img_size=\"full\" css=\"\" lazy_loading=\"true\"][\/vc_column_inner][\/vc_row_inner][\/vc_column][\/vc_row]<\/p>\n<\/div>","protected":false},"excerpt":{"rendered":"<p>[vc_row full_width=&#8220;stretch_row&#8220; type=&#8220;vc_default&#8220; css=&#8220;.vc_custom_1740073822132{margin-top: -152px !important;}&#8220; el_class=&#8220;custom-row-2&#8243;][vc_column css=&#8220;.vc_custom_1492705329900{padding-top: 0px !important;}&#8220;][vc_row_inner css=&#8220;.vc_custom_1492705400904{padding-top: 0px !important;}&#8220;][vc_column_inner width=&#8220;1\/2&#8243; css=&#8220;.vc_custom_1489252094501{padding-top: 70px !important;padding-right: 0px !important;}&#8220;][\/vc_column_inner][vc_column_inner width=&#8220;1\/2&#8243; css=&#8220;.vc_custom_1739205492688{padding-right: 0px !important;padding-left: 0px !important;}&#8220;][vc_column_text css=&#8220;.vc_custom_1740135096788{margin-bottom: 0px !important;padding-top: 30px !important;padding-right: 30px !important;padding-bottom: 30px !important;padding-left: 30px !important;background-color: #f3eee9 !important;}&#8220;] Villa Alcalde &#8211; Lanzarote [\/vc_column_text][vc_separator color=&#8220;black&#8220; el_width=&#8220;90&#8243; css=&#8220;&#8220;][\/vc_column_inner][\/vc_row_inner][\/vc_column][\/vc_row][vc_row full_width=&#8220;stretch_row&#8220; type=&#8220;vc_default&#8220; el_id=&#8220;Einf\u00fchrung&#8220; el_class=&#8220;main_row&#8220;][vc_column css=&#8220;.vc_custom_1739400473438{padding-top: 30px !important;}&#8220;][vc_row_inner equal_height=&#8220;yes&#8220; content_placement=&#8220;middle&#8220;][vc_column_inner&hellip;<\/p>\n","protected":false},"author":1,"featured_media":0,"parent":0,"menu_order":0,"comment_status":"closed","ping_status":"closed","template":"","meta":{"footnotes":""},"class_list":["post-5975","page","type-page","status-publish","hentry","description-off"],"acf":[],"_links":{"self":[{"href":"https:\/\/villaalcaldelanzarote.com\/de\/wp-json\/wp\/v2\/pages\/5975","targetHints":{"allow":["GET"]}}],"collection":[{"href":"https:\/\/villaalcaldelanzarote.com\/de\/wp-json\/wp\/v2\/pages"}],"about":[{"href":"https:\/\/villaalcaldelanzarote.com\/de\/wp-json\/wp\/v2\/types\/page"}],"author":[{"embeddable":true,"href":"https:\/\/villaalcaldelanzarote.com\/de\/wp-json\/wp\/v2\/users\/1"}],"replies":[{"embeddable":true,"href":"https:\/\/villaalcaldelanzarote.com\/de\/wp-json\/wp\/v2\/comments?post=5975"}],"version-history":[{"count":5,"href":"https:\/\/villaalcaldelanzarote.com\/de\/wp-json\/wp\/v2\/pages\/5975\/revisions"}],"predecessor-version":[{"id":6091,"href":"https:\/\/villaalcaldelanzarote.com\/de\/wp-json\/wp\/v2\/pages\/5975\/revisions\/6091"}],"wp:attachment":[{"href":"https:\/\/villaalcaldelanzarote.com\/de\/wp-json\/wp\/v2\/media?parent=5975"}],"curies":[{"name":"wp","href":"https:\/\/api.w.org\/{rel}","templated":true}]}}