{"id":6047,"date":"2017-03-20T23:32:20","date_gmt":"2017-03-20T23:32:20","guid":{"rendered":"https:\/\/villaalcaldelanzarote.com\/jetzt-buchen\/"},"modified":"2025-07-22T09:31:04","modified_gmt":"2025-07-22T09:31:04","slug":"jetzt-buchen","status":"publish","type":"page","link":"https:\/\/villaalcaldelanzarote.com\/de\/jetzt-buchen\/","title":{"rendered":"Jetzt buchen"},"content":{"rendered":"<div class=\"wpb-content-wrapper\"><p>[vc_row full_width=&#8220;stretch_row&#8220; type=&#8220;vc_default&#8220; css=&#8220;.vc_custom_1739541298213{margin-top: -152px !important;}&#8220; el_class=&#8220;custom-row-2&#8243;][vc_column css=&#8220;.vc_custom_1492705329900{padding-top: 0px !important;}&#8220;][vc_row_inner css=&#8220;.vc_custom_1492705400904{padding-top: 0px !important;}&#8220;][vc_column_inner width=&#8220;1\/2&#8243; css=&#8220;.vc_custom_1489252094501{padding-top: 70px !important;padding-right: 0px !important;}&#8220;][\/vc_column_inner][vc_column_inner width=&#8220;1\/2&#8243; css=&#8220;.vc_custom_1739205492688{padding-right: 0px !important;padding-left: 0px !important;}&#8220;][vc_column_text css=&#8220;.vc_custom_1740665034494{margin-bottom: 0px !important;padding-top: 30px !important;padding-right: 30px !important;padding-bottom: 30px !important;padding-left: 30px !important;background-color: #f3eee9 !important;}&#8220;]<\/p>\n<h1>Jetzt buchen<\/h1>\n<p>[\/vc_column_text][vc_separator color=&#8220;black&#8220; el_width=&#8220;90&#8243;][\/vc_column_inner][\/vc_row_inner][\/vc_column][\/vc_row][vc_row][vc_column][vc_raw_html css=&#8220;&#8220;]PGlmcmFtZSBzdHlsZT0ibWF4LXdpZHRoOiAxMDAlOyBib3JkZXI6IG5vbmU7IG92ZXJmbG93OiBhdXRvOyIgd2lkdGg9IjExOTAiIGhlaWdodD0iODUwIiBkYXRhLXNyYz0iaHR0cHM6Ly9iZWRzMjQuY29tL2Jvb2tpbmcyLnBocD9wcm9waWQ9MzEyODYmYW1wO2hpZGVoZWFkZXI9eWVzJmFtcDtoaWRlZm9vdGVyPXllcyZhbXA7cmVmZXJlcj13b3JkcHJlc3MmYW1wO2FkdmFuY2VkYXlzPTEmYW1wO251bWFkdWx0PTImYW1wO2xhbmc9ZGUiPjxhIGhyZWY9Imh0dHBzOi8vYmVkczI0LmNvbS9ib29raW5nMi5waHA\/cHJvcGlkPTMxMjg2JmFtcDtyZWZlcmVyPXdvcmRwcmVzcyZhbXA7bGFuZz1kZSIgdGl0bGU9IkpldHp0IGJ1Y2hlbiI+SmV0enQgYnVjaGVuPC9hPjwvaWZyYW1lPgo8c2NyaXB0PiB2YXIgYWRkVXJsUGFyYW1zVG9JZnJhbWVTcmNzID0gZnVuY3Rpb24oKSB7IGNvbnN0IHZhbGlkUGFyYW1ldGVycyA9IFsiY2hlY2tpbiIsICJjaGVja291dCIsICJudW1uaWdodCIsICJudW1hZHVsdCIsICJudW1jaGlsZCIsICJvd25lcmlkIiwgInByb3BpZCIsICJyb29taWQiLCAicmVmZXJlciIsICJsYW5nIiwgImdyb3VwIiwgIm5vZ3JvdXAiLCAiY2F0ZWdvcnkxIiwgImNhdGVnb3J5MiIsICJjYXRlZ29yeTMiLCAiY2F0ZWdvcnk0IiwgImN1c3RvbVBhcmFtZXRlciJdOyBjb25zdCBjdXJyZW50VXJsID0gbmV3IFVSTCh3aW5kb3cubG9jYXRpb24uaHJlZik7IGxldCBwYXJhbWV0ZXJzU3RyaW5nID0gIiI7IHZhbGlkUGFyYW1ldGVycy5mb3JFYWNoKHBhcmFtZXRlciA9PiB7IGNvbnN0IHBhcmFtZXRlclZhbHVlID0gY3VycmVudFVybC5zZWFyY2hQYXJhbXMuZ2V0KHBhcmFtZXRlcik7IGlmIChwYXJhbWV0ZXJWYWx1ZSAhPT0gbnVsbCkgeyBwYXJhbWV0ZXJzU3RyaW5nICs9ICImIiArIHBhcmFtZXRlciArICI9IiArIHBhcmFtZXRlclZhbHVlOyB9IH0gKTsgY29uc3QgaWZyYW1lcyA9IGRvY3VtZW50LmdldEVsZW1lbnRzQnlUYWdOYW1lKCJpZnJhbWUiKTsgZm9yIChsZXQgaWZyYW1lIG9mIGlmcmFtZXMpIHsgbGV0IGlmcmFtZVNyYyA9IGlmcmFtZS5nZXRBdHRyaWJ1dGUoImRhdGEtc3JjIik7IGlmIChpZnJhbWVTcmMgPT09IG51bGwpIHsgY29udGludWU7IH0gaWYgKCFpZnJhbWVTcmMuaW5jbHVkZXMoIj8iKSkgeyBpZnJhbWVTcmMgKz0gIj8iOyB9IGlmcmFtZVNyYyArPSBwYXJhbWV0ZXJzU3RyaW5nOyBpZnJhbWUuc2V0QXR0cmlidXRlKCJzcmMiLCBpZnJhbWVTcmMpIH0gfTsgYWRkVXJsUGFyYW1zVG9JZnJhbWVTcmNzKCk7IDwvc2NyaXB0Pg==[\/vc_raw_html][\/vc_column][\/vc_row][vc_row full_width=&#8220;stretch_row&#8220; bg_type=&#8220;bg_color&#8220; bg_override=&#8220;ex-full&#8220; type=&#8220;vc_default&#8220; el_id=&#8220;kiposhi&#8220; el_class=&#8220;main_row last_row&#8220; css=&#8220;.vc_custom_1742912288065{padding-top: 20px !important;padding-bottom: 20px !important;background-color: #DDD5CA !important;}&#8220; bg_color_value=&#8220;#DDD5CA&#8220;][vc_column css=&#8220;.vc_custom_1743000140460{padding-top: 35px !important;padding-right: 30px !important;padding-bottom: 35px !important;padding-left: 30px !important;}&#8220;][vc_row_inner equal_height=&#8220;yes&#8220; content_placement=&#8220;middle&#8220;][vc_column_inner el_class=&#8220;swap_text_image&#8220; width=&#8220;2\/3&#8243; css=&#8220;.vc_custom_1743000130817{padding-right: 30px !important;}&#8220;][vc_column_text css=&#8220;.vc_custom_1744988756276{margin-bottom: 0px !important;border-radius: 1px !important;}&#8220;]<\/p>\n<h2><span style=\"font-weight: 800;\">Neue Immobilien:<\/span><br \/>Kiposhi Beachside Apartments, Punta Mujeres<\/h2>\n<p>Zwei neue Strandappartements in ruhiger, l\u00e4ndlicher Lage in der N\u00e4he der traditionellen kanarischen Fischerd\u00f6rfer Punta Mujeres und Arrieta. Das kristallklare Meer, das vom Massentourismus unber\u00fchrt ist, erwartet Sie nur wenige Schritte von Ihrem Apartment entfernt.[\/vc_column_text]<div class=\" vc_custom_1740407704110 ubtn-ctn-left cta_button\"><a class=\"ubtn-link ult-adjust-bottom-margin ubtn-left ubtn-small cta_button\" href=\"https:\/\/villaalcaldelanzarote.com\/kiposhi-apartments\/\" title=\"Read more\" ><button type=\"button\" id=\"ubtn-2998\"  class=\"ubtn ult-adjust-bottom-margin ult-responsive ubtn-small ubtn-fade-bg  none  ubtn-left   tooltip-69f29ad92e322\"  data-hover=\"\" data-border-color=\"\" data-bg=\"\" data-hover-bg=\"#dfd5c9\" data-border-hover=\"\" data-shadow-hover=\"\" data-shadow-click=\"none\" data-shadow=\"\" data-shd-shadow=\"\"  data-ultimate-target='#ubtn-2998'  data-responsive-json-new='{\"font-size\":\"\",\"line-height\":\"\"}'  style=\"font-weight:normal;border-radius:0px;border-width:1px;border-color:;border-style:solid;\"><span class=\"ubtn-hover\" style=\"background-color:#dfd5c9\"><\/span><span class=\"ubtn-data ubtn-text \" >Mehr lesen<\/span><\/button><\/a><\/div>[\/vc_column_inner][vc_column_inner width=&#8220;1\/3&#8243; css=&#8220;.vc_custom_1742912278264{margin-bottom: 10px !important;padding-left: 30px !important;}&#8220;][vc_single_image image=&#8220;5643&#8243; img_size=&#8220;full&#8220; css=&#8220;&#8220; lazy_loading=&#8220;true&#8220;][\/vc_column_inner][\/vc_row_inner][\/vc_column][\/vc_row]<\/p>\n<\/div>","protected":false},"excerpt":{"rendered":"<p>[vc_row full_width=&#8220;stretch_row&#8220; type=&#8220;vc_default&#8220; css=&#8220;.vc_custom_1739541298213{margin-top: -152px !important;}&#8220; el_class=&#8220;custom-row-2&#8243;][vc_column css=&#8220;.vc_custom_1492705329900{padding-top: 0px !important;}&#8220;][vc_row_inner css=&#8220;.vc_custom_1492705400904{padding-top: 0px !important;}&#8220;][vc_column_inner width=&#8220;1\/2&#8243; css=&#8220;.vc_custom_1489252094501{padding-top: 70px !important;padding-right: 0px !important;}&#8220;][\/vc_column_inner][vc_column_inner width=&#8220;1\/2&#8243; css=&#8220;.vc_custom_1739205492688{padding-right: 0px !important;padding-left: 0px !important;}&#8220;][vc_column_text css=&#8220;.vc_custom_1740665034494{margin-bottom: 0px !important;padding-top: 30px !important;padding-right: 30px !important;padding-bottom: 30px !important;padding-left: 30px !important;background-color: #f3eee9 !important;}&#8220;] Jetzt buchen [\/vc_column_text][vc_separator color=&#8220;black&#8220; el_width=&#8220;90&#8243;][\/vc_column_inner][\/vc_row_inner][\/vc_column][\/vc_row][vc_row][vc_column][vc_raw_html css=&#8220;&#8220;]PGlmcmFtZSBzdHlsZT0ibWF4LXdpZHRoOiAxMDAlOyBib3JkZXI6IG5vbmU7IG92ZXJmbG93OiBhdXRvOyIgd2lkdGg9IjExOTAiIGhlaWdodD0iODUwIiBkYXRhLXNyYz0iaHR0cHM6Ly9iZWRzMjQuY29tL2Jvb2tpbmcyLnBocD9wcm9waWQ9MzEyODYmYW1wO2hpZGVoZWFkZXI9eWVzJmFtcDtoaWRlZm9vdGVyPXllcyZhbXA7cmVmZXJlcj13b3JkcHJlc3MmYW1wO2FkdmFuY2VkYXlzPTEmYW1wO251bWFkdWx0PTImYW1wO2xhbmc9ZGUiPjxhIGhyZWY9Imh0dHBzOi8vYmVkczI0LmNvbS9ib29raW5nMi5waHA\/cHJvcGlkPTMxMjg2JmFtcDtyZWZlcmVyPXdvcmRwcmVzcyZhbXA7bGFuZz1kZSIgdGl0bGU9IkpldHp0IGJ1Y2hlbiI+SmV0enQgYnVjaGVuPC9hPjwvaWZyYW1lPgo8c2NyaXB0PiB2YXIgYWRkVXJsUGFyYW1zVG9JZnJhbWVTcmNzID0gZnVuY3Rpb24oKSB7IGNvbnN0IHZhbGlkUGFyYW1ldGVycyA9IFsiY2hlY2tpbiIsICJjaGVja291dCIsICJudW1uaWdodCIsICJudW1hZHVsdCIsICJudW1jaGlsZCIsICJvd25lcmlkIiwgInByb3BpZCIsICJyb29taWQiLCAicmVmZXJlciIsICJsYW5nIiwgImdyb3VwIiwgIm5vZ3JvdXAiLCAiY2F0ZWdvcnkxIiwgImNhdGVnb3J5MiIsICJjYXRlZ29yeTMiLCAiY2F0ZWdvcnk0IiwgImN1c3RvbVBhcmFtZXRlciJdOyBjb25zdCBjdXJyZW50VXJsID0gbmV3IFVSTCh3aW5kb3cubG9jYXRpb24uaHJlZik7IGxldCBwYXJhbWV0ZXJzU3RyaW5nID0gIiI7IHZhbGlkUGFyYW1ldGVycy5mb3JFYWNoKHBhcmFtZXRlciA9PiB7IGNvbnN0IHBhcmFtZXRlclZhbHVlID0gY3VycmVudFVybC5zZWFyY2hQYXJhbXMuZ2V0KHBhcmFtZXRlcik7IGlmIChwYXJhbWV0ZXJWYWx1ZSAhPT0gbnVsbCkgeyBwYXJhbWV0ZXJzU3RyaW5nICs9ICImIiArIHBhcmFtZXRlciArICI9IiArIHBhcmFtZXRlclZhbHVlOyB9IH0gKTsgY29uc3QgaWZyYW1lcyA9IGRvY3VtZW50LmdldEVsZW1lbnRzQnlUYWdOYW1lKCJpZnJhbWUiKTsgZm9yIChsZXQgaWZyYW1lIG9mIGlmcmFtZXMpIHsgbGV0IGlmcmFtZVNyYyA9IGlmcmFtZS5nZXRBdHRyaWJ1dGUoImRhdGEtc3JjIik7IGlmIChpZnJhbWVTcmMgPT09IG51bGwpIHsgY29udGludWU7IH0gaWYgKCFpZnJhbWVTcmMuaW5jbHVkZXMoIj8iKSkgeyBpZnJhbWVTcmMgKz0gIj8iOyB9IGlmcmFtZVNyYyArPSBwYXJhbWV0ZXJzU3RyaW5nOyBpZnJhbWUuc2V0QXR0cmlidXRlKCJzcmMiLCBpZnJhbWVTcmMpIH0gfTsgYWRkVXJsUGFyYW1zVG9JZnJhbWVTcmNzKCk7IDwvc2NyaXB0Pg==[\/vc_raw_html][\/vc_column][\/vc_row][vc_row full_width=&#8220;stretch_row&#8220; bg_type=&#8220;bg_color&#8220; bg_override=&#8220;ex-full&#8220; type=&#8220;vc_default&#8220; el_id=&#8220;kiposhi&#8220; el_class=&#8220;main_row last_row&#8220; css=&#8220;.vc_custom_1742912288065{padding-top: 20px !important;padding-bottom: 20px&hellip;<\/p>\n","protected":false},"author":1,"featured_media":0,"parent":0,"menu_order":0,"comment_status":"closed","ping_status":"closed","template":"","meta":{"footnotes":""},"class_list":["post-6047","page","type-page","status-publish","hentry","description-off"],"acf":[],"_links":{"self":[{"href":"https:\/\/villaalcaldelanzarote.com\/de\/wp-json\/wp\/v2\/pages\/6047","targetHints":{"allow":["GET"]}}],"collection":[{"href":"https:\/\/villaalcaldelanzarote.com\/de\/wp-json\/wp\/v2\/pages"}],"about":[{"href":"https:\/\/villaalcaldelanzarote.com\/de\/wp-json\/wp\/v2\/types\/page"}],"author":[{"embeddable":true,"href":"https:\/\/villaalcaldelanzarote.com\/de\/wp-json\/wp\/v2\/users\/1"}],"replies":[{"embeddable":true,"href":"https:\/\/villaalcaldelanzarote.com\/de\/wp-json\/wp\/v2\/comments?post=6047"}],"version-history":[{"count":8,"href":"https:\/\/villaalcaldelanzarote.com\/de\/wp-json\/wp\/v2\/pages\/6047\/revisions"}],"predecessor-version":[{"id":6055,"href":"https:\/\/villaalcaldelanzarote.com\/de\/wp-json\/wp\/v2\/pages\/6047\/revisions\/6055"}],"wp:attachment":[{"href":"https:\/\/villaalcaldelanzarote.com\/de\/wp-json\/wp\/v2\/media?parent=6047"}],"curies":[{"name":"wp","href":"https:\/\/api.w.org\/{rel}","templated":true}]}}