{"id":3068,"date":"2017-03-15T17:03:59","date_gmt":"2017-03-15T17:03:59","guid":{"rendered":"https:\/\/www.villaalcaldelanzarote.com\/lanzarote-2\/gastronomia\/"},"modified":"2025-07-22T08:21:23","modified_gmt":"2025-07-22T08:21:23","slug":"gastronomia","status":"publish","type":"page","link":"https:\/\/villaalcaldelanzarote.com\/es\/lanzarote\/gastronomia\/","title":{"rendered":"Gastronom\u00eda"},"content":{"rendered":"<div class=\"wpb-content-wrapper\"><p>[vc_row full_width=\u00bbstretch_row\u00bb type=\u00bbvc_default\u00bb css=\u00bb.vc_custom_1739541298213{margin-top: -152px !important;}\u00bb el_class=\u00bbcustom-row-2&#8243;][vc_column css=\u00bb.vc_custom_1492705329900{padding-top: 0px !important;}\u00bb][vc_row_inner css=\u00bb.vc_custom_1492705400904{padding-top: 0px !important;}\u00bb][vc_column_inner width=\u00bb1\/2&#8243; css=\u00bb.vc_custom_1489252094501{padding-top: 70px !important;padding-right: 0px !important;}\u00bb][\/vc_column_inner][vc_column_inner width=\u00bb1\/2&#8243; css=\u00bb.vc_custom_1739205492688{padding-right: 0px !important;padding-left: 0px !important;}\u00bb][vc_column_text css=\u00bb.vc_custom_1741736356412{margin-bottom: 0px !important;padding-top: 30px !important;padding-right: 30px !important;padding-bottom: 30px !important;padding-left: 30px !important;background-color: #f3eee9 !important;}\u00bb]<\/p>\n<h1>Gastronom\u00eda<\/h1>\n<p>[\/vc_column_text][vc_separator color=\u00bbblack\u00bb el_width=\u00bb90&#8243;][\/vc_column_inner][\/vc_row_inner][\/vc_column][\/vc_row][vc_row full_width=\u00bbstretch_row\u00bb type=\u00bbvc_default\u00bb el_id=\u00bbapartamento2&#8243; el_class=\u00bbmain_row\u00bb][vc_column css=\u00bb.vc_custom_1741735772233{padding-top: 30px !important;}\u00bb][vc_row_inner equal_height=\u00bbyes\u00bb content_placement=\u00bbmiddle\u00bb][vc_column_inner width=\u00bb1\/2&#8243; css=\u00bb.vc_custom_1739403152013{padding-right: 30px !important;}\u00bb]<div id=\"ult-carousel-257865865969e052ac845a6\" class=\"ult-carousel-wrapper  vc_custom_1739455116258 custom-gallery-bottom ult_horizontal\" data-gutter=\"0\" data-rtl=\"false\" ><div class=\"ult-carousel-336001532869e052ac84357 \" >[vc_single_image image=\u00bb5515&#8243; img_size=\u00bbfull\u00bb css=\u00bb\u00bb lazy_loading=\u00bbtrue\u00bb]<\/div><\/div>\t\t\t<script type=\"text\/javascript\">\n\t\t\t\tjQuery(document).ready(function ($) {\n\t\t\t\t\tif( typeof jQuery('.ult-carousel-336001532869e052ac84357').slick == \"function\"){\n\t\t\t\t\t\t$('.ult-carousel-336001532869e052ac84357').slick({dots: false,autoplaySpeed: \"5000\",speed: \"600\",infinite: true,arrows: true,nextArrow: '<button type=\"button\" role=\"button\" aria-label=\"Next\" style=\"color:#ffffff; font-size:18px;background:#352f2d;\" class=\"slick-next square-bg\"><i class=\"ultsl-arrow-right6\"><\/i><\/button>',prevArrow: '<button type=\"button\" role=\"button\" aria-label=\"Previous\" style=\"color:#ffffff; font-size:18px;background:#352f2d;\" class=\"slick-prev square-bg\"><i class=\"ultsl-arrow-left6\"><\/i><\/button>',slidesToScroll:1,slidesToShow:1,swipe: true,draggable: true,touchMove: true,pauseOnHover: true,pauseOnFocus: false,responsive: [\n\t\t\t\t\t\t\t{\n\t\t\t\t\t\t\t  breakpoint: 1026,\n\t\t\t\t\t\t\t  settings: {\n\t\t\t\t\t\t\t\tslidesToShow: 1,\n\t\t\t\t\t\t\t\tslidesToScroll: 1,  \n\t\t\t\t\t\t\t  }\n\t\t\t\t\t\t\t},\n\t\t\t\t\t\t\t{\n\t\t\t\t\t\t\t  breakpoint: 1025,\n\t\t\t\t\t\t\t  settings: {\n\t\t\t\t\t\t\t\tslidesToShow: 1,\n\t\t\t\t\t\t\t\tslidesToScroll: 1\n\t\t\t\t\t\t\t  }\n\t\t\t\t\t\t\t},\n\t\t\t\t\t\t\t{\n\t\t\t\t\t\t\t  breakpoint: 760,\n\t\t\t\t\t\t\t  settings: {\n\t\t\t\t\t\t\t\tslidesToShow: 1,\n\t\t\t\t\t\t\t\tslidesToScroll: 1\n\t\t\t\t\t\t\t  }\n\t\t\t\t\t\t\t}\n\t\t\t\t\t\t],pauseOnDotsHover: true,customPaging: function(slider, i) {\n                   return '<i type=\"button\" style= \"color:#333333;\" class=\"ultsl-record\" data-role=\"none\"><\/i>';\n                },});\n\t\t\t\t\t}\n\t\t\t\t});\n\t\t\t<\/script>\n\t\t\t[\/vc_column_inner][vc_column_inner width=\u00bb1\/2&#8243; css=\u00bb.vc_custom_1739490736329{padding-right: 40px !important;padding-left: 30px !important;}\u00bb][vc_column_text css=\u00bb.vc_custom_1741736023526{margin-bottom: 0px !important;border-radius: 1px !important;}\u00bb]<strong>La gastronom\u00eda de las Islas Canarias, y de Lanzarote en particular, es muy variada. En Canarias se preparan todo tipo de alimentos seg\u00fan las recetas tradicionales que se han transmitido durante siglos en la cocina lanzarote\u00f1a.  <\/strong><\/p>\n<p>Mientras que el pescado\/mariscos es el alimento b\u00e1sico de la mayor\u00eda de los platos locales, la carne tambi\u00e9n es de importancia, como el cerdo acompa\u00f1ado de queso, verduras y una gran variedad de alimentos tropicales. En general, la cocina canaria se caracteriza por su uso racional de verduras, carnes y un m\u00ednimo de alimentos grasos.[\/vc_column_text][\/vc_column_inner][\/vc_row_inner][\/vc_column][\/vc_row][vc_row full_width=\u00bbstretch_row\u00bb type=\u00bbvc_default\u00bb el_id=\u00bbapartamento1&#8243; el_class=\u00bbmain_row\u00bb][vc_column css=\u00bb.vc_custom_1739443687974{padding-top: 55px !important;}\u00bb][vc_row_inner equal_height=\u00bbyes\u00bb content_placement=\u00bbmiddle\u00bb][vc_column_inner el_class=\u00bbswap_text_image\u00bb width=\u00bb1\/2&#8243; css=\u00bb.vc_custom_1739743427866{padding-right: 30px !important;padding-left: 40px !important;}\u00bb][vc_column_text css=\u00bb.vc_custom_1741736052582{margin-bottom: 0px !important;border-radius: 1px !important;}\u00bb]La gastronom\u00eda de las Islas Canarias es bastante distinta de la dieta mediterr\u00e1nea y tiene su propio estilo de preparaci\u00f3n. Los canarios basan su cocina, en una tradici\u00f3n local hacia platos, como ya se ha mencionado, que contienen productos locales, poca carne y poca grasa.<\/p>\n<p>Sin embargo, el pescado es el ingrediente favorito y se encuentra com\u00fanmente en muchas preparaciones diferentes en toda la isla: frito, al horno, hervido, salado, etc. A menudo se sirve con las salsas tradicionales llamadas mojo rojo (salsa roja, m\u00e1s picante) y mojo verde (salsa verde, m\u00e1s suave). Aparte del pescado, los mariscos tambi\u00e9n son ingredientes com\u00fanes en muchas partes de Lanzarote.[\/vc_column_text][\/vc_column_inner][vc_column_inner width=\u00bb1\/2&#8243; css=\u00bb.vc_custom_1739281172147{padding-left: 30px !important;}\u00bb]<div id=\"ult-carousel-337597633669e052ac846ea\" class=\"ult-carousel-wrapper  vc_custom_1739450324822 custom-gallery-bottom custom-gallery-bottom-right ult_horizontal\" data-gutter=\"0\" data-rtl=\"false\" ><div class=\"ult-carousel-406924915969e052ac846b5 \" >[vc_single_image image=\u00bb5514&#8243; img_size=\u00bbfull\u00bb onclick=\u00bblink_image\u00bb css=\u00bb.vc_custom_1741736428548{margin-top: 0px !important;margin-right: 0px !important;margin-bottom: 0px !important;margin-left: 0px !important;border-top-width: 0px !important;border-right-width: 0px !important;border-bottom-width: 0px !important;border-left-width: 0px !important;padding-top: 0px !important;padding-right: 0px !important;padding-bottom: 0px !important;padding-left: 0px !important;}\u00bb lazy_loading=\u00bbtrue\u00bb]<\/div><\/div>\t\t\t<script type=\"text\/javascript\">\n\t\t\t\tjQuery(document).ready(function ($) {\n\t\t\t\t\tif( typeof jQuery('.ult-carousel-406924915969e052ac846b5').slick == \"function\"){\n\t\t\t\t\t\t$('.ult-carousel-406924915969e052ac846b5').slick({dots: false,autoplaySpeed: \"5000\",speed: \"600\",infinite: true,arrows: true,nextArrow: '<button type=\"button\" role=\"button\" aria-label=\"Next\" style=\"color:#ffffff; font-size:18px;background:#352f2d;\" class=\"slick-next square-bg\"><i class=\"ultsl-arrow-right6\"><\/i><\/button>',prevArrow: '<button type=\"button\" role=\"button\" aria-label=\"Previous\" style=\"color:#ffffff; font-size:18px;background:#352f2d;\" class=\"slick-prev square-bg\"><i class=\"ultsl-arrow-left6\"><\/i><\/button>',slidesToScroll:1,slidesToShow:1,swipe: true,draggable: true,touchMove: true,pauseOnHover: true,pauseOnFocus: false,responsive: [\n\t\t\t\t\t\t\t{\n\t\t\t\t\t\t\t  breakpoint: 1026,\n\t\t\t\t\t\t\t  settings: {\n\t\t\t\t\t\t\t\tslidesToShow: 1,\n\t\t\t\t\t\t\t\tslidesToScroll: 1,  \n\t\t\t\t\t\t\t  }\n\t\t\t\t\t\t\t},\n\t\t\t\t\t\t\t{\n\t\t\t\t\t\t\t  breakpoint: 1025,\n\t\t\t\t\t\t\t  settings: {\n\t\t\t\t\t\t\t\tslidesToShow: 1,\n\t\t\t\t\t\t\t\tslidesToScroll: 1\n\t\t\t\t\t\t\t  }\n\t\t\t\t\t\t\t},\n\t\t\t\t\t\t\t{\n\t\t\t\t\t\t\t  breakpoint: 760,\n\t\t\t\t\t\t\t  settings: {\n\t\t\t\t\t\t\t\tslidesToShow: 1,\n\t\t\t\t\t\t\t\tslidesToScroll: 1\n\t\t\t\t\t\t\t  }\n\t\t\t\t\t\t\t}\n\t\t\t\t\t\t],pauseOnDotsHover: true,customPaging: function(slider, i) {\n                   return '<i type=\"button\" style= \"color:#333333;\" class=\"ultsl-record\" data-role=\"none\"><\/i>';\n                },});\n\t\t\t\t\t}\n\t\t\t\t});\n\t\t\t<\/script>\n\t\t\t[\/vc_column_inner][\/vc_row_inner][\/vc_column][\/vc_row][vc_row full_width=\u00bbstretch_row\u00bb type=\u00bbvc_default\u00bb el_id=\u00bbapartamento2&#8243; el_class=\u00bbmain_row\u00bb][vc_column css=\u00bb.vc_custom_1739455005487{padding-top: 55px !important;}\u00bb][vc_row_inner equal_height=\u00bbyes\u00bb content_placement=\u00bbmiddle\u00bb][vc_column_inner width=\u00bb1\/2&#8243; css=\u00bb.vc_custom_1739403152013{padding-right: 30px !important;}\u00bb]<div id=\"ult-carousel-194694847569e052ac84801\" class=\"ult-carousel-wrapper  vc_custom_1739455116258 custom-gallery-bottom ult_horizontal\" data-gutter=\"0\" data-rtl=\"false\" ><div class=\"ult-carousel-169123629369e052ac847ce \" >[vc_single_image image=\u00bb5513&#8243; img_size=\u00bbfull\u00bb css=\u00bb\u00bb lazy_loading=\u00bbtrue\u00bb]<\/div><\/div>\t\t\t<script type=\"text\/javascript\">\n\t\t\t\tjQuery(document).ready(function ($) {\n\t\t\t\t\tif( typeof jQuery('.ult-carousel-169123629369e052ac847ce').slick == \"function\"){\n\t\t\t\t\t\t$('.ult-carousel-169123629369e052ac847ce').slick({dots: false,autoplaySpeed: \"5000\",speed: \"600\",infinite: true,arrows: true,nextArrow: '<button type=\"button\" role=\"button\" aria-label=\"Next\" style=\"color:#ffffff; font-size:18px;background:#352f2d;\" class=\"slick-next square-bg\"><i class=\"ultsl-arrow-right6\"><\/i><\/button>',prevArrow: '<button type=\"button\" role=\"button\" aria-label=\"Previous\" style=\"color:#ffffff; font-size:18px;background:#352f2d;\" class=\"slick-prev square-bg\"><i class=\"ultsl-arrow-left6\"><\/i><\/button>',slidesToScroll:1,slidesToShow:1,swipe: true,draggable: true,touchMove: true,pauseOnHover: true,pauseOnFocus: false,responsive: [\n\t\t\t\t\t\t\t{\n\t\t\t\t\t\t\t  breakpoint: 1026,\n\t\t\t\t\t\t\t  settings: {\n\t\t\t\t\t\t\t\tslidesToShow: 1,\n\t\t\t\t\t\t\t\tslidesToScroll: 1,  \n\t\t\t\t\t\t\t  }\n\t\t\t\t\t\t\t},\n\t\t\t\t\t\t\t{\n\t\t\t\t\t\t\t  breakpoint: 1025,\n\t\t\t\t\t\t\t  settings: {\n\t\t\t\t\t\t\t\tslidesToShow: 1,\n\t\t\t\t\t\t\t\tslidesToScroll: 1\n\t\t\t\t\t\t\t  }\n\t\t\t\t\t\t\t},\n\t\t\t\t\t\t\t{\n\t\t\t\t\t\t\t  breakpoint: 760,\n\t\t\t\t\t\t\t  settings: {\n\t\t\t\t\t\t\t\tslidesToShow: 1,\n\t\t\t\t\t\t\t\tslidesToScroll: 1\n\t\t\t\t\t\t\t  }\n\t\t\t\t\t\t\t}\n\t\t\t\t\t\t],pauseOnDotsHover: true,customPaging: function(slider, i) {\n                   return '<i type=\"button\" style= \"color:#333333;\" class=\"ultsl-record\" data-role=\"none\"><\/i>';\n                },});\n\t\t\t\t\t}\n\t\t\t\t});\n\t\t\t<\/script>\n\t\t\t[\/vc_column_inner][vc_column_inner width=\u00bb1\/2&#8243; css=\u00bb.vc_custom_1739490736329{padding-right: 40px !important;padding-left: 30px !important;}\u00bb][vc_column_text css=\u00bb.vc_custom_1741736069077{margin-bottom: 0px !important;border-radius: 1px !important;}\u00bb]Uno de los platos aut\u00f3ctonos m\u00e1s importantes que se sirven en Canarias, es el potaje llamado Sancocho. Si te gusta el pescado, podemos asegurarte que querr\u00e1s probar esta combinaci\u00f3n de mariscos salteados. Si visitas Lanzarote, no te vayas sin probarlo.<\/p>\n<p>Otro plato popular en Lanzarote es el gofio, un preciado legado dejado por los abor\u00edgenes. Est\u00e1 hecho de harina de grano tostado, b\u00e1sicamente trigo o ma\u00edz, y es de gran valor nutricional. Se puede tomar con leche, en sopa de pescado o en masa con sal y agua. Es un delicadeza muy saludable y nutritiva. El Gofio es un plato que se ha servido en Canarias y por supuesto, en Lanzarote durante muchos siglos.[\/vc_column_text][\/vc_column_inner][\/vc_row_inner][\/vc_column][\/vc_row][vc_row full_width=\u00bbstretch_row\u00bb type=\u00bbvc_default\u00bb el_id=\u00bbapartamento1&#8243; el_class=\u00bbmain_row\u00bb][vc_column css=\u00bb.vc_custom_1739443687974{padding-top: 55px !important;}\u00bb][vc_row_inner equal_height=\u00bbyes\u00bb content_placement=\u00bbmiddle\u00bb][vc_column_inner el_class=\u00bbswap_text_image\u00bb width=\u00bb1\/2&#8243; css=\u00bb.vc_custom_1739743427866{padding-right: 30px !important;padding-left: 40px !important;}\u00bb][vc_column_text css=\u00bb.vc_custom_1741736311729{margin-bottom: 0px !important;border-radius: 1px !important;}\u00bb]De todas las carnes de Canarias, la cabra es de lejos la m\u00e1s popular. La carne de cabra se puede encontrar dondequiera que vayas aunque cada lugar tiene su propia forma de prepararla.<\/p>\n<p>Tambi\u00e9n cabe mencionar los quesos, varios de los cuales son bien conocidos y han recibido premios tanto en concursos nacionales como internacionales.<\/p>\n<p>Por \u00faltimo, las papas se comen en todos los rincones de Lanzarote. Se sirven de muchas formas, pero sin duda la m\u00e1s popular es salteadas, al horno o hervidas y acompa\u00f1adas de mojo.  Un plato importante local se conoce como papas arrugadas. Tambi\u00e9n es famosa en la isla la batata, otro producto similar a la patata.[\/vc_column_text][\/vc_column_inner][vc_column_inner width=\u00bb1\/2&#8243; css=\u00bb.vc_custom_1739281172147{padding-left: 30px !important;}\u00bb]<div id=\"ult-carousel-52516949369e052ac849e3\" class=\"ult-carousel-wrapper  vc_custom_1739450324822 custom-gallery-bottom custom-gallery-bottom-right ult_horizontal\" data-gutter=\"0\" data-rtl=\"false\" ><div class=\"ult-carousel-100489439269e052ac848ee \" >[vc_single_image image=\u00bb5512&#8243; img_size=\u00bbfull\u00bb onclick=\u00bblink_image\u00bb css=\u00bb.vc_custom_1741736471931{margin-top: 0px !important;margin-right: 0px !important;margin-bottom: 0px !important;margin-left: 0px !important;border-top-width: 0px !important;border-right-width: 0px !important;border-bottom-width: 0px !important;border-left-width: 0px !important;padding-top: 0px !important;padding-right: 0px !important;padding-bottom: 0px !important;padding-left: 0px !important;}\u00bb lazy_loading=\u00bbtrue\u00bb]<\/div><\/div>\t\t\t<script type=\"text\/javascript\">\n\t\t\t\tjQuery(document).ready(function ($) {\n\t\t\t\t\tif( typeof jQuery('.ult-carousel-100489439269e052ac848ee').slick == \"function\"){\n\t\t\t\t\t\t$('.ult-carousel-100489439269e052ac848ee').slick({dots: false,autoplaySpeed: \"5000\",speed: \"600\",infinite: true,arrows: true,nextArrow: '<button type=\"button\" role=\"button\" aria-label=\"Next\" style=\"color:#ffffff; font-size:18px;background:#352f2d;\" class=\"slick-next square-bg\"><i class=\"ultsl-arrow-right6\"><\/i><\/button>',prevArrow: '<button type=\"button\" role=\"button\" aria-label=\"Previous\" style=\"color:#ffffff; font-size:18px;background:#352f2d;\" class=\"slick-prev square-bg\"><i class=\"ultsl-arrow-left6\"><\/i><\/button>',slidesToScroll:1,slidesToShow:1,swipe: true,draggable: true,touchMove: true,pauseOnHover: true,pauseOnFocus: false,responsive: [\n\t\t\t\t\t\t\t{\n\t\t\t\t\t\t\t  breakpoint: 1026,\n\t\t\t\t\t\t\t  settings: {\n\t\t\t\t\t\t\t\tslidesToShow: 1,\n\t\t\t\t\t\t\t\tslidesToScroll: 1,  \n\t\t\t\t\t\t\t  }\n\t\t\t\t\t\t\t},\n\t\t\t\t\t\t\t{\n\t\t\t\t\t\t\t  breakpoint: 1025,\n\t\t\t\t\t\t\t  settings: {\n\t\t\t\t\t\t\t\tslidesToShow: 1,\n\t\t\t\t\t\t\t\tslidesToScroll: 1\n\t\t\t\t\t\t\t  }\n\t\t\t\t\t\t\t},\n\t\t\t\t\t\t\t{\n\t\t\t\t\t\t\t  breakpoint: 760,\n\t\t\t\t\t\t\t  settings: {\n\t\t\t\t\t\t\t\tslidesToShow: 1,\n\t\t\t\t\t\t\t\tslidesToScroll: 1\n\t\t\t\t\t\t\t  }\n\t\t\t\t\t\t\t}\n\t\t\t\t\t\t],pauseOnDotsHover: true,customPaging: function(slider, i) {\n                   return '<i type=\"button\" style= \"color:#333333;\" class=\"ultsl-record\" data-role=\"none\"><\/i>';\n                },});\n\t\t\t\t\t}\n\t\t\t\t});\n\t\t\t<\/script>\n\t\t\t[\/vc_column_inner][\/vc_row_inner][\/vc_column][\/vc_row][vc_row][vc_column css=\u00bb.vc_custom_1753108377869{padding-top: 55px !important;padding-bottom: 85px !important;}\u00bb]<div class=\" vc_custom_1739799115894 ubtn-ctn-center cta_button\"><a class=\"ubtn-link ult-adjust-bottom-margin ubtn-center ubtn-normal cta_button\" href=\"https:\/\/villaalcaldelanzarote.com\/book-now\/\" title=\"Book Now\" ><button type=\"button\" id=\"ubtn-6717\"  class=\"ubtn ult-adjust-bottom-margin ult-responsive ubtn-normal ubtn-fade-bg  none  ubtn-center   tooltip-69e052ac84a58\"  data-hover=\"\" data-border-color=\"\" data-bg=\"\" data-hover-bg=\"#dfd5c9\" data-border-hover=\"\" data-shadow-hover=\"\" data-shadow-click=\"none\" data-shadow=\"\" data-shd-shadow=\"\"  data-ultimate-target='#ubtn-6717'  data-responsive-json-new='{\"font-size\":\"\",\"line-height\":\"\"}'  style=\"font-weight:normal;border-radius:0px;border-width:1px;border-color:;border-style:solid;\"><span class=\"ubtn-hover\" style=\"background-color:#dfd5c9\"><\/span><span class=\"ubtn-data ubtn-text \" >Reserva Ahora<\/span><\/button><\/a><\/div>[\/vc_column][\/vc_row]<\/p>\n<\/div>","protected":false},"excerpt":{"rendered":"<p>[vc_row full_width=\u00bbstretch_row\u00bb type=\u00bbvc_default\u00bb css=\u00bb.vc_custom_1739541298213{margin-top: -152px !important;}\u00bb el_class=\u00bbcustom-row-2&#8243;][vc_column css=\u00bb.vc_custom_1492705329900{padding-top: 0px !important;}\u00bb][vc_row_inner css=\u00bb.vc_custom_1492705400904{padding-top: 0px !important;}\u00bb][vc_column_inner width=\u00bb1\/2&#8243; css=\u00bb.vc_custom_1489252094501{padding-top: 70px !important;padding-right: 0px !important;}\u00bb][\/vc_column_inner][vc_column_inner width=\u00bb1\/2&#8243; css=\u00bb.vc_custom_1739205492688{padding-right: 0px !important;padding-left: 0px !important;}\u00bb][vc_column_text css=\u00bb.vc_custom_1741736356412{margin-bottom: 0px !important;padding-top: 30px !important;padding-right: 30px !important;padding-bottom: 30px !important;padding-left: 30px !important;background-color: #f3eee9 !important;}\u00bb] Gastronom\u00eda [\/vc_column_text][vc_separator color=\u00bbblack\u00bb el_width=\u00bb90&#8243;][\/vc_column_inner][\/vc_row_inner][\/vc_column][\/vc_row][vc_row full_width=\u00bbstretch_row\u00bb type=\u00bbvc_default\u00bb el_id=\u00bbapartamento2&#8243; el_class=\u00bbmain_row\u00bb][vc_column css=\u00bb.vc_custom_1741735772233{padding-top: 30px !important;}\u00bb][vc_row_inner equal_height=\u00bbyes\u00bb content_placement=\u00bbmiddle\u00bb][vc_column_inner width=\u00bb1\/2&#8243; css=\u00bb.vc_custom_1739403152013{padding-right: 30px !important;}\u00bb][\/vc_column_inner][vc_column_inner&hellip;<\/p>\n","protected":false},"author":1,"featured_media":0,"parent":3048,"menu_order":0,"comment_status":"closed","ping_status":"closed","template":"","meta":{"footnotes":""},"class_list":["post-3068","page","type-page","status-publish","hentry","description-off"],"acf":[],"_links":{"self":[{"href":"https:\/\/villaalcaldelanzarote.com\/es\/wp-json\/wp\/v2\/pages\/3068","targetHints":{"allow":["GET"]}}],"collection":[{"href":"https:\/\/villaalcaldelanzarote.com\/es\/wp-json\/wp\/v2\/pages"}],"about":[{"href":"https:\/\/villaalcaldelanzarote.com\/es\/wp-json\/wp\/v2\/types\/page"}],"author":[{"embeddable":true,"href":"https:\/\/villaalcaldelanzarote.com\/es\/wp-json\/wp\/v2\/users\/1"}],"replies":[{"embeddable":true,"href":"https:\/\/villaalcaldelanzarote.com\/es\/wp-json\/wp\/v2\/comments?post=3068"}],"version-history":[{"count":4,"href":"https:\/\/villaalcaldelanzarote.com\/es\/wp-json\/wp\/v2\/pages\/3068\/revisions"}],"predecessor-version":[{"id":6031,"href":"https:\/\/villaalcaldelanzarote.com\/es\/wp-json\/wp\/v2\/pages\/3068\/revisions\/6031"}],"up":[{"embeddable":true,"href":"https:\/\/villaalcaldelanzarote.com\/es\/wp-json\/wp\/v2\/pages\/3048"}],"wp:attachment":[{"href":"https:\/\/villaalcaldelanzarote.com\/es\/wp-json\/wp\/v2\/media?parent=3068"}],"curies":[{"name":"wp","href":"https:\/\/api.w.org\/{rel}","templated":true}]}}