{"id":3070,"date":"2017-03-12T14:47:41","date_gmt":"2017-03-12T14:47:41","guid":{"rendered":"https:\/\/www.villaalcaldelanzarote.com\/servicios-adicionales\/"},"modified":"2025-07-22T08:37:48","modified_gmt":"2025-07-22T08:37:48","slug":"servicios-adicionales","status":"publish","type":"page","link":"https:\/\/villaalcaldelanzarote.com\/es\/servicios-adicionales\/","title":{"rendered":"Servicios adicionales"},"content":{"rendered":"<div class=\"wpb-content-wrapper\"><p>[vc_row full_width=\u00bbstretch_row\u00bb type=\u00bbvc_default\u00bb css=\u00bb.vc_custom_1739541298213{margin-top: -152px !important;}\u00bb el_class=\u00bbcustom-row-2&#8243;][vc_column css=\u00bb.vc_custom_1492705329900{padding-top: 0px !important;}\u00bb][vc_row_inner css=\u00bb.vc_custom_1492705400904{padding-top: 0px !important;}\u00bb][vc_column_inner width=\u00bb1\/2&#8243; css=\u00bb.vc_custom_1489252094501{padding-top: 70px !important;padding-right: 0px !important;}\u00bb][\/vc_column_inner][vc_column_inner width=\u00bb1\/2&#8243; css=\u00bb.vc_custom_1739205492688{padding-right: 0px !important;padding-left: 0px !important;}\u00bb][vc_column_text css=\u00bb.vc_custom_1740412522276{margin-bottom: 0px !important;padding-top: 30px !important;padding-right: 30px !important;padding-bottom: 30px !important;padding-left: 30px !important;background-color: #f3eee9 !important;}\u00bb]<\/p>\n<h1>Servicios adicionales<\/h1>\n<p>[\/vc_column_text][vc_separator color=\u00bbblack\u00bb el_width=\u00bb90&#8243;][\/vc_column_inner][\/vc_row_inner][\/vc_column][\/vc_row][vc_row full_width=\u00bbstretch_row\u00bb type=\u00bbvc_default\u00bb el_class=\u00bbmain_row\u00bb][vc_column css=\u00bb.vc_custom_1740414699890{padding-top: 30px !important;}\u00bb][vc_row_inner equal_height=\u00bbyes\u00bb content_placement=\u00bbmiddle\u00bb][vc_column_inner width=\u00bb1\/2&#8243; css=\u00bb.vc_custom_1739403152013{padding-right: 30px !important;}\u00bb]<div id=\"ult-carousel-16739555806a04bc924592c\" class=\"ult-carousel-wrapper  custom-gallery-bottom ult_horizontal\" data-gutter=\"0\" data-rtl=\"false\" ><div class=\"ult-carousel-19975519526a04bc924580c \" >[vc_single_image image=\u00bb5523&#8243; img_size=\u00bbfull\u00bb css=\u00bb.vc_custom_1740746817754{margin-bottom: 0px !important;}\u00bb lazy_loading=\u00bbtrue\u00bb][vc_single_image image=\u00bb5495&#8243; img_size=\u00bbfull\u00bb css=\u00bb.vc_custom_1740746823935{margin-bottom: 0px !important;}\u00bb lazy_loading=\u00bbtrue\u00bb][vc_single_image image=\u00bb5512&#8243; img_size=\u00bbfull\u00bb css=\u00bb.vc_custom_1740746829480{margin-bottom: 0px !important;}\u00bb lazy_loading=\u00bbtrue\u00bb]<\/div><\/div>\t\t\t<script type=\"text\/javascript\">\n\t\t\t\tjQuery(document).ready(function ($) {\n\t\t\t\t\tif( typeof jQuery('.ult-carousel-19975519526a04bc924580c').slick == \"function\"){\n\t\t\t\t\t\t$('.ult-carousel-19975519526a04bc924580c').slick({dots: false,autoplaySpeed: \"5000\",speed: \"600\",infinite: true,arrows: true,nextArrow: '<button type=\"button\" role=\"button\" aria-label=\"Next\" style=\"color:#FFFFFF; font-size:18px;background:#352F2D;\" class=\"slick-next square-bg\"><i class=\"ultsl-arrow-right6\"><\/i><\/button>',prevArrow: '<button type=\"button\" role=\"button\" aria-label=\"Previous\" style=\"color:#FFFFFF; font-size:18px;background:#352F2D;\" class=\"slick-prev square-bg\"><i class=\"ultsl-arrow-left6\"><\/i><\/button>',slidesToScroll:1,slidesToShow:1,swipe: true,draggable: true,touchMove: true,pauseOnHover: true,pauseOnFocus: false,responsive: [\n\t\t\t\t\t\t\t{\n\t\t\t\t\t\t\t  breakpoint: 1026,\n\t\t\t\t\t\t\t  settings: {\n\t\t\t\t\t\t\t\tslidesToShow: 1,\n\t\t\t\t\t\t\t\tslidesToScroll: 1,  \n\t\t\t\t\t\t\t  }\n\t\t\t\t\t\t\t},\n\t\t\t\t\t\t\t{\n\t\t\t\t\t\t\t  breakpoint: 1025,\n\t\t\t\t\t\t\t  settings: {\n\t\t\t\t\t\t\t\tslidesToShow: 1,\n\t\t\t\t\t\t\t\tslidesToScroll: 1\n\t\t\t\t\t\t\t  }\n\t\t\t\t\t\t\t},\n\t\t\t\t\t\t\t{\n\t\t\t\t\t\t\t  breakpoint: 760,\n\t\t\t\t\t\t\t  settings: {\n\t\t\t\t\t\t\t\tslidesToShow: 1,\n\t\t\t\t\t\t\t\tslidesToScroll: 1\n\t\t\t\t\t\t\t  }\n\t\t\t\t\t\t\t}\n\t\t\t\t\t\t],pauseOnDotsHover: true,customPaging: function(slider, i) {\n                   return '<i type=\"button\" style= \"color:#333333;\" class=\"ultsl-record\" data-role=\"none\"><\/i>';\n                },});\n\t\t\t\t\t}\n\t\t\t\t});\n\t\t\t<\/script>\n\t\t\t[\/vc_column_inner][vc_column_inner width=\u00bb1\/2&#8243; css=\u00bb.vc_custom_1739490736329{padding-right: 40px !important;padding-left: 30px !important;}\u00bb][vc_column_text css=\u00bb.vc_custom_1740413511006{margin-bottom: 0px !important;border-radius: 1px !important;}\u00bb]<strong>Con Villa Alcalde tratamos de proporcionar la casa de vacaciones m\u00e1s maravillosa de la isla. Un entorno totalmente \u00fanico donde las familias y los amigos pueden relajarse, socializar y reconectar; buscamos crear el tel\u00f3n de fondo para recuerdos que durar\u00e1n toda la vida.<\/strong><\/p>\n<p>Pero somos mucho m\u00e1s que los proveedores de una propiedad de lujo. Estamos aqu\u00ed para ayudarte en todo lo que podamos. Los recuerdos inolvidables requieren experiencias maravillosas, y cada hu\u00e9sped tiene su propia idea de lo que es una experiencia maravillosa.  <\/p>\n<p>As\u00ed que, en lugar de intentar resumir aqu\u00ed todos los servicios adicionales, digamos <strong>que nosotros<\/strong> somos el servicio adicional: \u00a1lo que podemos ayudarte a planificar s\u00f3lo est\u00e1 limitado por tu imaginaci\u00f3n para divertirte![\/vc_column_text][\/vc_column_inner][\/vc_row_inner][\/vc_column][\/vc_row][vc_row full_width=\u00bbstretch_row\u00bb type=\u00bbvc_default\u00bb el_id=\u00bbapartamento1&#8243; el_class=\u00bbmain_row\u00bb][vc_column css=\u00bb.vc_custom_1740414009273{padding-top: 55px !important;}\u00bb][vc_row_inner equal_height=\u00bbyes\u00bb content_placement=\u00bbmiddle\u00bb][vc_column_inner el_class=\u00bbswap_text_image\u00bb width=\u00bb1\/2&#8243; css=\u00bb.vc_custom_1739743427866{padding-right: 30px !important;padding-left: 40px !important;}\u00bb][vc_column_text css=\u00bb.vc_custom_1740748530212{margin-bottom: 0px !important;border-radius: 1px !important;}\u00bb]Estamos aqu\u00ed para ayudarte y proporcionarte un conocimiento local inigualable, as\u00ed que no dudes en solicitar nuestra ayuda.<\/p>\n<p>A diferencia de otros propietarios de propiedades y alquileres vacacionales, nunca celebramos acuerdos de comisi\u00f3n con 3a partes. Donde haya un beneficio \/ descuento se lo pasaremos a usted. Donde podemos ponerlo en comunicaci\u00f3n directa con cualquier proveedor, lo hagamos. De este modo puedes estar seguro de que estamos organizando lo mejor para ti, en lugar de lo m\u00e1s rentable para nosotros.<\/p>\n<p><strong>Tenemos socios recomendados para lo siguiente y mucho, mucho m\u00e1s&#8230;<\/strong>[\/vc_column_text][\/vc_column_inner][vc_column_inner width=\u00bb1\/2&#8243; css=\u00bb.vc_custom_1739281172147{padding-left: 30px !important;}\u00bb]<div id=\"ult-carousel-12170359806a04bc9245aaf\" class=\"ult-carousel-wrapper  custom-gallery-bottom custom-gallery-bottom-right ult_horizontal\" data-gutter=\"0\" data-rtl=\"false\" ><div class=\"ult-carousel-20600465186a04bc9245a71 \" >[vc_single_image image=\u00bb5527&#8243; img_size=\u00bbfull\u00bb onclick=\u00bblink_image\u00bb css=\u00bb.vc_custom_1740747102028{margin-top: 0px !important;margin-right: 0px !important;margin-bottom: 0px !important;margin-left: 0px !important;border-top-width: 0px !important;border-right-width: 0px !important;border-bottom-width: 0px !important;border-left-width: 0px !important;padding-top: 0px !important;padding-right: 0px !important;padding-bottom: 0px !important;padding-left: 0px !important;}\u00bb lazy_loading=\u00bbtrue\u00bb][vc_single_image image=\u00bb5524&#8243; img_size=\u00bbfull\u00bb onclick=\u00bblink_image\u00bb css=\u00bb.vc_custom_1740746809993{margin-top: 0px !important;margin-right: 0px !important;margin-bottom: 0px !important;margin-left: 0px !important;border-top-width: 0px !important;border-right-width: 0px !important;border-bottom-width: 0px !important;border-left-width: 0px !important;padding-top: 0px !important;padding-right: 0px !important;padding-bottom: 0px !important;padding-left: 0px !important;}\u00bb lazy_loading=\u00bbtrue\u00bb][vc_single_image image=\u00bb5526&#8243; img_size=\u00bbfull\u00bb onclick=\u00bblink_image\u00bb css=\u00bb.vc_custom_1740746968351{margin-top: 0px !important;margin-right: 0px !important;margin-bottom: 0px !important;margin-left: 0px !important;border-top-width: 0px !important;border-right-width: 0px !important;border-bottom-width: 0px !important;border-left-width: 0px !important;padding-top: 0px !important;padding-right: 0px !important;padding-bottom: 0px !important;padding-left: 0px !important;}\u00bb lazy_loading=\u00bbtrue\u00bb]<\/div><\/div>\t\t\t<script type=\"text\/javascript\">\n\t\t\t\tjQuery(document).ready(function ($) {\n\t\t\t\t\tif( typeof jQuery('.ult-carousel-20600465186a04bc9245a71').slick == \"function\"){\n\t\t\t\t\t\t$('.ult-carousel-20600465186a04bc9245a71').slick({dots: false,autoplaySpeed: \"5000\",speed: \"600\",infinite: true,arrows: true,nextArrow: '<button type=\"button\" role=\"button\" aria-label=\"Next\" style=\"color:#FFFFFF; font-size:18px;background:#352F2D;\" class=\"slick-next square-bg\"><i class=\"ultsl-arrow-right6\"><\/i><\/button>',prevArrow: '<button type=\"button\" role=\"button\" aria-label=\"Previous\" style=\"color:#FFFFFF; font-size:18px;background:#352F2D;\" class=\"slick-prev square-bg\"><i class=\"ultsl-arrow-left6\"><\/i><\/button>',slidesToScroll:1,slidesToShow:1,swipe: true,draggable: true,touchMove: true,pauseOnHover: true,pauseOnFocus: false,responsive: [\n\t\t\t\t\t\t\t{\n\t\t\t\t\t\t\t  breakpoint: 1026,\n\t\t\t\t\t\t\t  settings: {\n\t\t\t\t\t\t\t\tslidesToShow: 1,\n\t\t\t\t\t\t\t\tslidesToScroll: 1,  \n\t\t\t\t\t\t\t  }\n\t\t\t\t\t\t\t},\n\t\t\t\t\t\t\t{\n\t\t\t\t\t\t\t  breakpoint: 1025,\n\t\t\t\t\t\t\t  settings: {\n\t\t\t\t\t\t\t\tslidesToShow: 1,\n\t\t\t\t\t\t\t\tslidesToScroll: 1\n\t\t\t\t\t\t\t  }\n\t\t\t\t\t\t\t},\n\t\t\t\t\t\t\t{\n\t\t\t\t\t\t\t  breakpoint: 760,\n\t\t\t\t\t\t\t  settings: {\n\t\t\t\t\t\t\t\tslidesToShow: 1,\n\t\t\t\t\t\t\t\tslidesToScroll: 1\n\t\t\t\t\t\t\t  }\n\t\t\t\t\t\t\t}\n\t\t\t\t\t\t],pauseOnDotsHover: true,customPaging: function(slider, i) {\n                   return '<i type=\"button\" style= \"color:#333333;\" class=\"ultsl-record\" data-role=\"none\"><\/i>';\n                },});\n\t\t\t\t\t}\n\t\t\t\t});\n\t\t\t<\/script>\n\t\t\t[\/vc_column_inner][\/vc_row_inner][\/vc_column][\/vc_row][vc_row full_width=\u00bbstretch_row\u00bb content_placement=\u00bbtop\u00bb type=\u00bbvc_default\u00bb el_class=\u00bbmain_row\u00bb css=\u00bb.vc_custom_1740748275179{margin-top: 55px !important;}\u00bb][vc_column css=\u00bb.vc_custom_1740748382812{padding-bottom: 55px !important;}\u00bb][vc_separator color=\u00bbblack\u00bb css=\u00bb\u00bb][vc_row_inner equal_height=\u00bbyes\u00bb content_placement=\u00bbtop\u00bb][vc_column_inner width=\u00bb1\/4&#8243; css=\u00bb.vc_custom_1740748551418{padding-right: 30px !important;padding-left: 40px !important;}\u00bb][vc_column_text css=\u00bb.vc_custom_1740748628326{margin-bottom: 0px !important;border-radius: 1px !important;}\u00bb]<a href=\"http:\/\/labocainacatering.com\/\" target=\"_blank\" rel=\"noopener noreferrer\">chef privado<\/a><br \/>\ncenar en casa<br \/>\nactividades para ni\u00f1os<br \/>\ncanguro<br \/>\nalquiler de coches vip[\/vc_column_text][\/vc_column_inner][vc_column_inner width=\u00bb1\/4&#8243; css=\u00bb.vc_custom_1740748577870{padding-right: 30px !important;padding-left: 30px !important;}\u00bb][vc_column_text css=\u00bb\u00bb]<a href=\"http:\/\/www.lanzaroteosteopath.com\/about-me\" target=\"_blank\" rel=\"noopener noreferrer\">oste\u00f3pata<\/a><br \/>\n<a href=\"http:\/\/itziargoikolea.com\/\" target=\"_blank\" rel=\"noopener noreferrer\">yoga<\/a><br \/>\n<a href=\"https:\/\/www.facebook.com\/NeneEstupidoIdiota\" target=\"_blank\" rel=\"noopener noreferrer\">masajista y\u00f3guico<\/a><br \/>\nterapeuta hol\u00edstico<br \/>\nentrenador personal[\/vc_column_text][\/vc_column_inner][vc_column_inner width=\u00bb1\/4&#8243; css=\u00bb.vc_custom_1740748583236{padding-right: 30px !important;padding-left: 30px !important;}\u00bb][vc_column_text css=\u00bb\u00bb]clases particulares\/gu\u00eda de surf<br \/>\nclases\/gu\u00eda de kitesurf<br \/>\npaddle boarding<br \/>\nwindsurf<br \/>\n<a href=\"http:\/\/volcanofly-lanzarote.com\/home-en.html\" target=\"_blank\" rel=\"noopener noreferrer\">parapente<\/a>[\/vc_column_text][\/vc_column_inner][vc_column_inner width=\u00bb1\/4&#8243; css=\u00bb.vc_custom_1740748588252{padding-right: 40px !important;padding-left: 30px !important;}\u00bb][vc_column_text css=\u00bb\u00bb]kayak<br \/>\npesca deportiva<br \/>\nciclismo<br \/>\nsnorkel\/buceo<br \/>\n<a href=\"http:\/\/www.blackstonetreks.com\/\" target=\"_blank\" rel=\"noopener noreferrer\">senderismo\/trekking<\/a>[\/vc_column_text][\/vc_column_inner][\/vc_row_inner][\/vc_column][\/vc_row][vc_row full_width=\u00bbstretch_row\u00bb bg_type=\u00bbbg_color\u00bb bg_override=\u00bbex-full\u00bb type=\u00bbvc_default\u00bb el_id=\u00bbkiposhi\u00bb el_class=\u00bbmain_row last_row\u00bb css=\u00bb.vc_custom_1742912288065{padding-top: 20px !important;padding-bottom: 20px !important;background-color: #DDD5CA !important;}\u00bb bg_color_value=\u00bb#DDD5CA\u00bb][vc_column css=\u00bb.vc_custom_1742942988076{padding-top: 35px !important;padding-right: 30px !important;padding-bottom: 35px !important;padding-left: 30px !important;}\u00bb][vc_row_inner equal_height=\u00bbyes\u00bb content_placement=\u00bbmiddle\u00bb][vc_column_inner el_class=\u00bbswap_text_image\u00bb width=\u00bb2\/3&#8243; css=\u00bb.vc_custom_1742943000506{padding-right: 30px !important;}\u00bb][vc_column_text css=\u00bb.vc_custom_1744989560005{margin-bottom: 0px !important;border-radius: 1px !important;}\u00bb]<\/p>\n<h2><span style=\"font-weight: 800;\">Nuevas propiedades:<\/span><br \/>\nApartamentos Kiposhi junto a la playa, Punta Mujeres<\/h2>\n<p>Dos apartamentos nuevos junto a la playa, en un lugar tranquilo y rural, junto a los tradicionales pueblos pesqueros canarios de Punta Mujeres y Arrieta. El mar cristalino, virgen del turismo de masas, te espera a pocos pasos de tu apartamento.[\/vc_column_text]<div class=\" vc_custom_1740407704110 ubtn-ctn-left cta_button\"><a class=\"ubtn-link ult-adjust-bottom-margin ubtn-left ubtn-small cta_button\" href=\"https:\/\/villaalcaldelanzarote.com\/kiposhi-apartments\/\" title=\"Read more\" ><button type=\"button\" id=\"ubtn-5419\"  class=\"ubtn ult-adjust-bottom-margin ult-responsive ubtn-small ubtn-fade-bg  none  ubtn-left   tooltip-6a04bc9245b58\"  data-hover=\"\" data-border-color=\"\" data-bg=\"\" data-hover-bg=\"#dfd5c9\" data-border-hover=\"\" data-shadow-hover=\"\" data-shadow-click=\"none\" data-shadow=\"\" data-shd-shadow=\"\"  data-ultimate-target='#ubtn-5419'  data-responsive-json-new='{\"font-size\":\"\",\"line-height\":\"\"}'  style=\"font-weight:normal;border-radius:0px;border-width:1px;border-color:;border-style:solid;\"><span class=\"ubtn-hover\" style=\"background-color:#dfd5c9\"><\/span><span class=\"ubtn-data ubtn-text \" >Leer m\u00e1s<\/span><\/button><\/a><\/div>[\/vc_column_inner][vc_column_inner width=\u00bb1\/3&#8243; css=\u00bb.vc_custom_1742912278264{margin-bottom: 10px !important;padding-left: 30px !important;}\u00bb][vc_single_image image=\u00bb5643&#8243; img_size=\u00bbfull\u00bb css=\u00bb\u00bb lazy_loading=\u00bbtrue\u00bb][\/vc_column_inner][\/vc_row_inner][\/vc_column][\/vc_row]<\/p>\n<\/div>","protected":false},"excerpt":{"rendered":"<p>[vc_row full_width=\u00bbstretch_row\u00bb type=\u00bbvc_default\u00bb css=\u00bb.vc_custom_1739541298213{margin-top: -152px !important;}\u00bb el_class=\u00bbcustom-row-2&#8243;][vc_column css=\u00bb.vc_custom_1492705329900{padding-top: 0px !important;}\u00bb][vc_row_inner css=\u00bb.vc_custom_1492705400904{padding-top: 0px !important;}\u00bb][vc_column_inner width=\u00bb1\/2&#8243; css=\u00bb.vc_custom_1489252094501{padding-top: 70px !important;padding-right: 0px !important;}\u00bb][\/vc_column_inner][vc_column_inner width=\u00bb1\/2&#8243; css=\u00bb.vc_custom_1739205492688{padding-right: 0px !important;padding-left: 0px !important;}\u00bb][vc_column_text css=\u00bb.vc_custom_1740412522276{margin-bottom: 0px !important;padding-top: 30px !important;padding-right: 30px !important;padding-bottom: 30px !important;padding-left: 30px !important;background-color: #f3eee9 !important;}\u00bb] Servicios adicionales [\/vc_column_text][vc_separator color=\u00bbblack\u00bb el_width=\u00bb90&#8243;][\/vc_column_inner][\/vc_row_inner][\/vc_column][\/vc_row][vc_row full_width=\u00bbstretch_row\u00bb type=\u00bbvc_default\u00bb el_class=\u00bbmain_row\u00bb][vc_column css=\u00bb.vc_custom_1740414699890{padding-top: 30px !important;}\u00bb][vc_row_inner equal_height=\u00bbyes\u00bb content_placement=\u00bbmiddle\u00bb][vc_column_inner width=\u00bb1\/2&#8243; css=\u00bb.vc_custom_1739403152013{padding-right: 30px !important;}\u00bb][\/vc_column_inner][vc_column_inner&hellip;<\/p>\n","protected":false},"author":1,"featured_media":0,"parent":0,"menu_order":0,"comment_status":"closed","ping_status":"closed","template":"","meta":{"footnotes":""},"class_list":["post-3070","page","type-page","status-publish","hentry","description-off"],"acf":[],"_links":{"self":[{"href":"https:\/\/villaalcaldelanzarote.com\/es\/wp-json\/wp\/v2\/pages\/3070","targetHints":{"allow":["GET"]}}],"collection":[{"href":"https:\/\/villaalcaldelanzarote.com\/es\/wp-json\/wp\/v2\/pages"}],"about":[{"href":"https:\/\/villaalcaldelanzarote.com\/es\/wp-json\/wp\/v2\/types\/page"}],"author":[{"embeddable":true,"href":"https:\/\/villaalcaldelanzarote.com\/es\/wp-json\/wp\/v2\/users\/1"}],"replies":[{"embeddable":true,"href":"https:\/\/villaalcaldelanzarote.com\/es\/wp-json\/wp\/v2\/comments?post=3070"}],"version-history":[{"count":8,"href":"https:\/\/villaalcaldelanzarote.com\/es\/wp-json\/wp\/v2\/pages\/3070\/revisions"}],"predecessor-version":[{"id":5846,"href":"https:\/\/villaalcaldelanzarote.com\/es\/wp-json\/wp\/v2\/pages\/3070\/revisions\/5846"}],"wp:attachment":[{"href":"https:\/\/villaalcaldelanzarote.com\/es\/wp-json\/wp\/v2\/media?parent=3070"}],"curies":[{"name":"wp","href":"https:\/\/api.w.org\/{rel}","templated":true}]}}