{"id":3101,"date":"2017-03-14T09:38:40","date_gmt":"2017-03-14T09:38:40","guid":{"rendered":"https:\/\/www.villaalcaldelanzarote.com\/resenas\/"},"modified":"2025-07-22T08:34:49","modified_gmt":"2025-07-22T08:34:49","slug":"resenas","status":"publish","type":"page","link":"https:\/\/villaalcaldelanzarote.com\/es\/resenas\/","title":{"rendered":"Rese\u00f1as"},"content":{"rendered":"<div class=\"wpb-content-wrapper\"><p>[vc_row full_width=\u00bbstretch_row\u00bb type=\u00bbvc_default\u00bb css=\u00bb.vc_custom_1739541298213{margin-top: -152px !important;}\u00bb el_class=\u00bbcustom-row-2&#8243;][vc_column css=\u00bb.vc_custom_1740656080314{padding-top: 0px !important;}\u00bb][vc_row_inner css=\u00bb.vc_custom_1492705400904{padding-top: 0px !important;}\u00bb][vc_column_inner width=\u00bb1\/2&#8243; css=\u00bb.vc_custom_1489252094501{padding-top: 70px !important;padding-right: 0px !important;}\u00bb][\/vc_column_inner][vc_column_inner width=\u00bb1\/2&#8243; css=\u00bb.vc_custom_1739205492688{padding-right: 0px !important;padding-left: 0px !important;}\u00bb][vc_column_text css=\u00bb.vc_custom_1740654595781{margin-bottom: 0px !important;padding-top: 30px !important;padding-right: 30px !important;padding-bottom: 30px !important;padding-left: 30px !important;background-color: #f3eee9 !important;}\u00bb]<\/p>\n<h1>Rese\u00f1as<\/h1>\n<p>[\/vc_column_text][vc_separator color=\u00bbblack\u00bb el_width=\u00bb90&#8243;][\/vc_column_inner][\/vc_row_inner][\/vc_column][vc_column][vc_row_inner][vc_column_inner offset=\u00bbvc_col-md-offset-6 vc_col-md-6&#8243; css=\u00bb.vc_custom_1740656719294{padding-right: 30px !important;padding-bottom: 25px !important;padding-left: 30px !important;}\u00bb][vc_column_text css=\u00bb.vc_custom_1740656884662{margin-bottom: 0px !important;}\u00bb]<\/p>\n<p style=\"text-align: left;\">Aqu\u00ed publicamos opiniones de todos los sitios web afiliados; s\u00f3lo publicamos opiniones aut\u00e9nticas y la fuente se indica claramente para su autenticaci\u00f3n. Si deseas enviar una rese\u00f1a, <a href=\"mailto:team@villaalcaldelanzarote.com\">h\u00e1znoslo saber<\/a>.<\/p>\n<p>[\/vc_column_text][\/vc_column_inner][\/vc_row_inner][\/vc_column][\/vc_row]<\/p>\n<\/div>","protected":false},"excerpt":{"rendered":"<p>[vc_row full_width=\u00bbstretch_row\u00bb type=\u00bbvc_default\u00bb css=\u00bb.vc_custom_1739541298213{margin-top: -152px !important;}\u00bb el_class=\u00bbcustom-row-2&#8243;][vc_column css=\u00bb.vc_custom_1740656080314{padding-top: 0px !important;}\u00bb][vc_row_inner css=\u00bb.vc_custom_1492705400904{padding-top: 0px !important;}\u00bb][vc_column_inner width=\u00bb1\/2&#8243; css=\u00bb.vc_custom_1489252094501{padding-top: 70px !important;padding-right: 0px !important;}\u00bb][\/vc_column_inner][vc_column_inner width=\u00bb1\/2&#8243; css=\u00bb.vc_custom_1739205492688{padding-right: 0px !important;padding-left: 0px !important;}\u00bb][vc_column_text css=\u00bb.vc_custom_1740654595781{margin-bottom: 0px !important;padding-top: 30px !important;padding-right: 30px !important;padding-bottom: 30px !important;padding-left: 30px !important;background-color: #f3eee9 !important;}\u00bb] Rese\u00f1as [\/vc_column_text][vc_separator color=\u00bbblack\u00bb el_width=\u00bb90&#8243;][\/vc_column_inner][\/vc_row_inner][\/vc_column][vc_column][vc_row_inner][vc_column_inner offset=\u00bbvc_col-md-offset-6 vc_col-md-6&#8243; css=\u00bb.vc_custom_1740656719294{padding-right: 30px !important;padding-bottom: 25px !important;padding-left: 30px !important;}\u00bb][vc_column_text css=\u00bb.vc_custom_1740656884662{margin-bottom: 0px !important;}\u00bb] Aqu\u00ed&hellip;<\/p>\n","protected":false},"author":1,"featured_media":0,"parent":0,"menu_order":0,"comment_status":"closed","ping_status":"closed","template":"template-blog-masonry.php","meta":{"footnotes":""},"class_list":["post-3101","page","type-page","status-publish","hentry","description-off"],"acf":[],"_links":{"self":[{"href":"https:\/\/villaalcaldelanzarote.com\/es\/wp-json\/wp\/v2\/pages\/3101","targetHints":{"allow":["GET"]}}],"collection":[{"href":"https:\/\/villaalcaldelanzarote.com\/es\/wp-json\/wp\/v2\/pages"}],"about":[{"href":"https:\/\/villaalcaldelanzarote.com\/es\/wp-json\/wp\/v2\/types\/page"}],"author":[{"embeddable":true,"href":"https:\/\/villaalcaldelanzarote.com\/es\/wp-json\/wp\/v2\/users\/1"}],"replies":[{"embeddable":true,"href":"https:\/\/villaalcaldelanzarote.com\/es\/wp-json\/wp\/v2\/comments?post=3101"}],"version-history":[{"count":6,"href":"https:\/\/villaalcaldelanzarote.com\/es\/wp-json\/wp\/v2\/pages\/3101\/revisions"}],"predecessor-version":[{"id":5914,"href":"https:\/\/villaalcaldelanzarote.com\/es\/wp-json\/wp\/v2\/pages\/3101\/revisions\/5914"}],"wp:attachment":[{"href":"https:\/\/villaalcaldelanzarote.com\/es\/wp-json\/wp\/v2\/media?parent=3101"}],"curies":[{"name":"wp","href":"https:\/\/api.w.org\/{rel}","templated":true}]}}