{"id":3392,"date":"2019-06-29T09:07:08","date_gmt":"2019-06-29T09:07:08","guid":{"rendered":"https:\/\/www.villaalcaldelanzarote.com\/politica-de-privacidad\/"},"modified":"2020-06-16T13:05:15","modified_gmt":"2020-06-16T13:05:15","slug":"politica-de-privacidad","status":"publish","type":"page","link":"https:\/\/villaalcaldelanzarote.com\/es\/politica-de-privacidad\/","title":{"rendered":"POL\u00cdTICA DE PRIVACIDAD"},"content":{"rendered":"<p>Este P\u00e1gina web es proporcionado por Villa Alcalde.<\/p>\n<p>La seguridad de su informaci\u00f3n personal es importante para nosotros. Esta Pol\u00edtica de Privacidad est\u00e1 dise\u00f1ada para ayudarle a sentirse m\u00e1s seguro sobre la privacidad y seguridad de su informaci\u00f3n al usar nuestro sitio web o acceder a cualquiera de nuestros servicios (<strong>Servicio<\/strong>).<\/p>\n<p>Al utilizar nuestro Servicio usted acepta que recopilemos y utilicemos su informaci\u00f3n personal de acuerdo con esta Pol\u00edtica de Privacidad. Si no est\u00e1 de acuerdo con los t\u00e9rminos de esta Pol\u00edtica de privacidad, por favor no nos proporcione ninguna informaci\u00f3n y no utilice los Servicios.<\/p>\n<p>Esta Pol\u00edtica de privacidad (junto con nuestras Condiciones de servicio) establece la base sobre la que procesamos cualquier informaci\u00f3n personal que recopilemos de usted, o que usted nos proporcione a trav\u00e9s del Servicio.<\/p>\n<p>Si tiene alguna pregunta o sugerencia con respecto a nuestra Pol\u00edtica de privacidad, p\u00f3ngase en contacto con nosotros en: team@villaalcaldelanzarote.com<\/p>\n<p>Los t\u00e9rminos <strong>Empresa<\/strong>\/<strong>nosotros<\/strong>\/<strong>nuestro<\/strong>\/<strong>nosotros<\/strong> cuando se utiliza en esta Pol\u00edtica de Privacidad significa Villa Alcalde Limited, y <strong>usted<\/strong>\/<strong>su<\/strong> medio usted como usuario de nuestro Servicio.<\/p>\n<h1>1. REQUISITOS DE EDAD<\/h1>\n<p><strong>No recogemos a sabiendas informaci\u00f3n personal de ni\u00f1os menores de 16 a\u00f1os. Si usted es menor de 16 a\u00f1os, por favor no nos proporcione ninguna informaci\u00f3n personal. <\/strong><\/p>\n<h1>2. INFORMACION QUE PODEMOS PODEMOS RECOGER DE USTED<\/h1>\n<p>2.1. Podemos recopilar y procesar la siguiente informaci\u00f3n sobre usted:<\/p>\n<p>2.1.1. informaci\u00f3n que usted proporciona al registrarse en nuestro Servicio;<\/p>\n<p>2.1.2. informaci\u00f3n que publique en su perfil de usuario o que publique en los tableros de mensajes. Tenga en cuenta que la informaci\u00f3n que haga p\u00fablica voluntariamente en su perfil de usuario, o que revele mediante la publicaci\u00f3n de comentarios, estar\u00e1 disponible p\u00fablicamente y podr\u00e1 ser vista por otros. No nos hacemos responsables de la informaci\u00f3n que voluntariamente decida hacer p\u00fablica a trav\u00e9s de tales u otras acciones expl\u00edcitas;<\/p>\n<p>2.1.3. informaci\u00f3n que usted autoriza a un tercero (por ejemplo, una red social como Facebook) a compartir con nosotros, como su direcci\u00f3n de correo electr\u00f3nico u otra informaci\u00f3n que pueda identificarle;<\/p>\n<p>2.1.4. correspondencia, o un registro de la misma, si usted se pone en contacto con nosotros;<\/p>\n<p>2.1.5. encuestas que usted complete; Y<\/p>\n<p>2.1.6. datos estad\u00edsticos sobre sus acciones y patrones de navegaci\u00f3n, que no lo identifican. Esto significa informaci\u00f3n sobre su computadora y su uso de nuestros Servicios, incluyendo (cuando est\u00e9 disponible) su direcci\u00f3n IP, identificador \u00fanico del dispositivo m\u00f3vil (<strong>UDID<\/strong>), Identificaci\u00f3n Internacional de Equipo M\u00f3vil (<strong>IMEI<\/strong>), Identificaci\u00f3n de Android, direcci\u00f3n MAC del dispositivo, informaci\u00f3n del navegador, sistema operativo, marcas de tiempo, las p\u00e1ginas que solicita, aplicaciones descargadas, datos de tr\u00e1fico, datos de ubicaci\u00f3n, weblogs y otros datos de comunicaci\u00f3n, y los recursos a los que accede.<\/p>\n<h1>3. COMO UTILIZAMOS SU INFORMACION<\/h1>\n<p>3.1. Utilizamos la informaci\u00f3n que tenemos sobre usted de las siguientes maneras:<\/p>\n<p>3.1.1. para asegurarse de que el Servicio se presenta de la manera m\u00e1s efectiva para usted y para su computadora;<\/p>\n<p>3.1.2. para identificarle cuando utilica el Servicio;<\/p>\n<p>3.1.3. para responder a sus preguntas y mejorar el Servicio;<\/p>\n<p>3.1.4. para notificarle sobre cambios en nuestro Servicio;<\/p>\n<p>3.1.5. para proporcionarle actualizaciones y otra informaci\u00f3n sobre ofertas especiales y nuevas caracter\u00edsticas de nuestro Servicio; Y<\/p>\n<p>3.1.6. para prop\u00f3sitos de marketing\/ comercializaci\u00f3n cuando usted est\u00e1 de acuerdo con esto.<\/p>\n<h1>4. C\u00d3MO COMPARTIMOS SU INFORMACI\u00d3N<\/h1>\n<p>4.1. Podemos compartir su informaci\u00f3n personal con terceros en las siguientes circunstancias:<\/p>\n<p>4.1.1. Para fines de marketing cuando usted consienta esto;<\/p>\n<p>4.1.2. a otros miembros del grupo de empresas Villa Alcalde, nuestros socios y proveedores de servicios con el fin de: gestionar o administrar ciertos aspectos de nuestro Servicio; con fines anal\u00edticos; y para ayudarnos a desarrollar nuevos servicios;<\/p>\n<p>4.1.3. para proteger los derechos, la propiedad o la seguridad de nosotros u otros usuarios del Servicio;<\/p>\n<p>4.1.4. cuando estemos obligados, o permitidos, a hacerlo por la ley, regulaci\u00f3n o proceso legal aplicable; O<\/p>\n<p>4.1.5. si nosotros (o sustancialmente todos nuestros activos) somos adquiridos por un tercero, en cuyo caso la informaci\u00f3n personal que poseemos sobre nuestros usuarios ser\u00e1 uno de los activos transferidos.<\/p>\n<p>4.2. Podemos pasar informaci\u00f3n agregada a terceros sobre c\u00f3mo nuestros usuarios utilizan nuestro Servicio, pero esto no incluir\u00e1 informaci\u00f3n que pueda ser utilizada para identificarle.<\/p>\n<h1>5. DONDE ALMACENAMOS SU INFORMACION<\/h1>\n<p>5.1. Tomamos las medidas organizativas y t\u00e9cnicas apropiadas para proteger la informaci\u00f3n personal que tenemos. Limitamos el acceso a su informaci\u00f3n personal a aquellos que creemos que razonablemente necesitan entrar en contacto con esa informaci\u00f3n para llevar a cabo su trabajo.<\/p>\n<p>5.2. Los datos que recogemos de usted pueden ser transferidos y almacenados en un destino fuera del Espacio Econ\u00f3mico Europeo<strong>(EEE).<\/strong> Tambi\u00e9n pueden ser procesados por personas que operen fuera del EEE y que trabajen para nosotros, una de nuestras empresas asociadas o un tercero contratado por nosotros. Al enviarnos su informaci\u00f3n personal, usted acepta dicha transferencia, almacenamiento o procesamiento. Tomaremos todas las medidas razonablemente necesarias para garantizar que su informaci\u00f3n personal sea tratada de forma segura en todo momento y de acuerdo con esta Pol\u00edtica de Privacidad.<\/p>\n<p>5.3. Desafortunadamente, la transmisi\u00f3n de informaci\u00f3n a trav\u00e9s de Internet no es completamente segura.<\/p>\n<p>Aunque haremos todo lo posible para proteger su informaci\u00f3n personal, no podemos garantizar la<\/p>\n<p>seguridad de su informaci\u00f3n transmitida a nuestro Servicio y cualquier transmisi\u00f3n es bajo su propio riesgo.<\/p>\n<p>5.4. Conservaremos su informaci\u00f3n durante el tiempo que sea necesario para cumplir con cualquiera de los servicios que proporcionamos o para cumplir con la legislaci\u00f3n aplicable, solicitudes reglamentarias y las \u00f3rdenes pertinentes de los tribunales competentes.<\/p>\n<h1>6. COOKIES<\/h1>\n<p>6.1. Utilizamos cookies y tecnolog\u00edas similares, como el almacenamiento local dentro de nuestras aplicaciones, para proporcionar y optimizar nuestro Servicio. Puede controlar las cookies que recibe y las que guarda en su dispositivo a trav\u00e9s de la configuraci\u00f3n de su navegador. A menos que haya ajustado la configuraci\u00f3n de su navegador para que rechace nuestras cookies, nuestro sistema emitir\u00e1 cookies cuando visite nuestro sitio web. Sin embargo, si no acepta las cookies, es posible que no pueda aprovechar muchas de las caracter\u00edsticas especiales del Servicio.<\/p>\n<p>6.2. Utilizamos cookies para realizar un seguimiento de las p\u00e1ginas a las que usted y otros visitantes han estado en nuestro Servicio, incluyendo el env\u00edo de anuncios que creemos que tienen m\u00e1s probabilidades de ser de su inter\u00e9s.<\/p>\n<p>6.3. Todos los principales navegadores ofrecen consejos y orientaci\u00f3n para administrar las cookies disponibles en su navegador. Tambi\u00e9n hay muchos plugins y extensiones de terceros disponibles que puede descargar para facilitar la visualizaci\u00f3n y el control de sus cookies.<\/p>\n<p>6.4. Puede obtener m\u00e1s informaci\u00f3n sobre la publicidad en Internet visitando los siguientes sitios web:<\/p>\n<p><a href=\"http:\/\/www.allaboutcookies.org\/\">www.allaboutcookies.org<\/a>, <a href=\"http:\/\/www.yourchoicesonline.eu\/\">www.yourchoicesonline.eu<\/a>y <a href=\"http:\/\/www.networkadvertising.org\/\">www.networkadvertising.org<\/a><a href=\"http:\/\/www.networkadvertising.org\/\">.<\/a> Algunos de estos sitios le permiten excluirse de la publicidad de comportamiento en l\u00ednea y otras cookies de seguimiento (adem\u00e1s de la configuraci\u00f3n de control en su navegador).<\/p>\n<h1>7. ENLACES<\/h1>\n<p>Nuestro Servicio puede contener enlaces hacia y desde otros sitios web y servicios. No somos responsables de las pr\u00e1cticas de privacidad o el contenido de los sitios de terceros. Consulte la pol\u00edtica de privacidad individual de dichos sitios web o servicios antes de enviarles cualquier informaci\u00f3n personal.<\/p>\n<h1>8. ANUNCIANTES<\/h1>\n<p>De vez en cuando podemos usar anunciantes o patrocinadores de terceros en nuestro Servicio. En el caso de que lo hagamos, no revelaremos informaci\u00f3n identificable sobre individuos, pero podemos proporcionarles informaci\u00f3n agregada sobre nuestros usuarios. Tambi\u00e9n podemos utilizar dicha informaci\u00f3n agregada para ayudar a los anunciantes a llegar al tipo de p\u00fablico al que desean dirigirse (por ejemplo, hombres en Londres). Podemos hacer uso de la informaci\u00f3n personal que hemos recopilado de usted para permitirnos cumplir con los deseos de nuestros anunciantes y patrocinadores mostrando su anuncio a ese p\u00fablico objetivo.<\/p>\n<h1>9. MANTENER SU CUENTA SEGURA<\/h1>\n<p>9.1. Cuando le hayamos dado (o donde haya elegido) una contrase\u00f1a que le permita acceder a ciertas partes del Servicio, usted es responsable de mantener esta contrase\u00f1a confidencial y usted es responsable de cualquier uso indebido de dicha informaci\u00f3n. Debe cambiar su contrase\u00f1a de forma regular y no debe compartir su contrase\u00f1a con nadie.<\/p>\n<p>9.2. Usted es el \u00fanico responsable de la seguridad y confidencialidad de su cuenta. Por favor, aseg\u00farese de no permitir que nadie m\u00e1s acceda al Servicio en su nombre y cierre la sesi\u00f3n <sub>&#8211; 3! &#8211; RPC <\/sub>despu\u00e9s de que haya terminado de acceder a su cuenta.<\/p>\n<p>9.3. Usted es responsable de todos los pedidos, y de la exactitud de toda la informaci\u00f3n, enviada a trav\u00e9s de Internet utilizando su identificaci\u00f3n de usuario, contrase\u00f1a o cualquier otra identificaci\u00f3n personal utilizada para identificarlo en el Servicio.<\/p>\n<p>9.4. Usted ser\u00e1 responsable ante nosotros de todos los pedidos o transacciones realizados mediante el uso de su identificaci\u00f3n de usuario y contrase\u00f1a, incluso si dicho uso pudiera ser indebido. No seremos responsables ante usted por ninguna p\u00e9rdida en la que pueda incurrir como resultado del uso indebido de su ID de usuario y contrase\u00f1a, y no aceptamos ninguna responsabilidad derivada de su uso no autorizado, ya sea fraudulento o de otro tipo.<\/p>\n<h1>10. COMERCIALIZACI\u00d3N<\/h1>\n<p>Con su permiso, podemos enviarle informaci\u00f3n sobre otros productos y servicios que puedan ser de su inter\u00e9s. Tiene derecho a solicitarnos que no procesemos su informaci\u00f3n personal con fines de marketing. Puede ejercer su derecho a excluirse de dicho procesamiento marcando ciertas casillas en los formularios o p\u00e1ginas de registro que utilizamos para recopilar su informaci\u00f3n. Tambi\u00e9n puede ejercer este derecho en cualquier momento poni\u00e9ndose en contacto con nosotros por correo postal o correo electr\u00f3nico en la direcci\u00f3n que se indica a continuaci\u00f3n.<\/p>\n<h1>11. ACCESO A LA INFORMACION<\/h1>\n<p>Usted tiene derecho a acceder a la informaci\u00f3n que se tiene sobre usted. Su derecho de acceso puede ejercerse de acuerdo con las leyes de protecci\u00f3n de datos del Reino Unido. Cualquier solicitud de acceso puede estar sujeta a una peque\u00f1a tarifa administrativa para satisfacer nuestros costos al proporcionarle detalles de la informaci\u00f3n que tenemos sobre usted. Cont\u00e1ctenos en: team@villaalcaldelanzarote.com para obtener m\u00e1s informaci\u00f3n.<\/p>\n<h1>12. CAMBIOS EN NUESTRA POL\u00cdTICA DE PRIVACIDAD<\/h1>\n<p>Ocasionalmente modificamos nuestra Pol\u00edtica de Privacidad y cualquier cambio que podamos hacer en el futuro ser\u00e1 publicado en esta p\u00e1gina y, cuando sea apropiado, se le notificar\u00e1 por correo electr\u00f3nico u otro mensaje.<\/p>\n","protected":false},"excerpt":{"rendered":"<p>Este P\u00e1gina web es proporcionado por Villa Alcalde. La seguridad de su informaci\u00f3n personal es importante para nosotros. Esta Pol\u00edtica de Privacidad est\u00e1 dise\u00f1ada para ayudarle a sentirse m\u00e1s seguro sobre la privacidad y seguridad de su informaci\u00f3n al usar nuestro sitio web o acceder a cualquiera de nuestros servicios (Servicio). Al utilizar nuestro Servicio&hellip;<\/p>\n","protected":false},"author":1,"featured_media":0,"parent":0,"menu_order":0,"comment_status":"closed","ping_status":"open","template":"","meta":{"footnotes":""},"class_list":["post-3392","page","type-page","status-publish","hentry","description-off"],"acf":[],"_links":{"self":[{"href":"https:\/\/villaalcaldelanzarote.com\/es\/wp-json\/wp\/v2\/pages\/3392","targetHints":{"allow":["GET"]}}],"collection":[{"href":"https:\/\/villaalcaldelanzarote.com\/es\/wp-json\/wp\/v2\/pages"}],"about":[{"href":"https:\/\/villaalcaldelanzarote.com\/es\/wp-json\/wp\/v2\/types\/page"}],"author":[{"embeddable":true,"href":"https:\/\/villaalcaldelanzarote.com\/es\/wp-json\/wp\/v2\/users\/1"}],"replies":[{"embeddable":true,"href":"https:\/\/villaalcaldelanzarote.com\/es\/wp-json\/wp\/v2\/comments?post=3392"}],"version-history":[{"count":1,"href":"https:\/\/villaalcaldelanzarote.com\/es\/wp-json\/wp\/v2\/pages\/3392\/revisions"}],"predecessor-version":[{"id":3393,"href":"https:\/\/villaalcaldelanzarote.com\/es\/wp-json\/wp\/v2\/pages\/3392\/revisions\/3393"}],"wp:attachment":[{"href":"https:\/\/villaalcaldelanzarote.com\/es\/wp-json\/wp\/v2\/media?parent=3392"}],"curies":[{"name":"wp","href":"https:\/\/api.w.org\/{rel}","templated":true}]}}