{"id":3408,"date":"2017-03-14T10:44:02","date_gmt":"2017-03-14T10:44:02","guid":{"rendered":"https:\/\/www.villaalcaldelanzarote.com\/terminos-y-condiciones\/"},"modified":"2025-06-28T22:32:51","modified_gmt":"2025-06-28T22:32:51","slug":"terminos-y-condiciones","status":"publish","type":"page","link":"https:\/\/villaalcaldelanzarote.com\/es\/terminos-y-condiciones\/","title":{"rendered":"T\u00c9RMINOS Y CONDICIONES"},"content":{"rendered":"<div id=\"lipsum\">\n<ol>\n<li>La propiedad, \u00abVilla Alcalde\u00bb, situada en Camino del Volc\u00e1n L, 5, 35571 T\u00edas, Las Palmas, Espa\u00f1a, es ofrecida para alquiler vacacional por los propietarios privados.<\/li>\n<li>Para reservar temporalmente\/reservar la propiedad, esto s\u00f3lo puede hacerse reservando en l\u00ednea en www.villaalcaldelanzarote.com o a trav\u00e9s de un socio aprobado cuando exista un listado oficial aprobado por nosotros, no se confirmar\u00e1 ninguna reserva hasta que la parte reservadora haya cumplido todas las obligaciones indicadas en el momento y lugar de la reserva, incluyendo la adhesi\u00f3n al pago del dep\u00f3sito.<\/li>\n<li>Tras el contrato de alquiler y el pago del dep\u00f3sito, la casa se bloquear\u00e1 y reservar\u00e1 al cliente para las fechas aprobadas.<\/li>\n<li>El saldo del alquiler se paga a m\u00e1s tardar 45 d\u00edas antes del comienzo del per\u00edodo de alquiler. Si el pago no se recibe antes de la fecha de vencimiento, el propietario se reserva el derecho de dar aviso por correo o correo electr\u00f3nico de que la reserva se cancela. El cliente seguir\u00e1 siendo responsable de pagar el saldo del alquiler a menos que el propietario pueda volver a alquilar la propiedad.<\/li>\n<li>Si el cliente tiene que cancelar su reserva y la cancelaci\u00f3n cae antes de 45 d\u00edas antes del inicio del alquiler, el propietario devolver\u00e1 cualquier dinero recibido, menos los cargos bancarios y las comisiones. Si la cancelaci\u00f3n se produce dentro de los 45 d\u00edas posteriores al inicio del alquiler, el propietario conservar\u00e1 cualquier dinero pagado por este alquiler.<\/li>\n<li>El per\u00edodo de alquiler comenzar\u00e1 a las 4 de la tarde del primer d\u00eda y terminar\u00e1 a las 10 de la ma\u00f1ana del \u00faltimo d\u00eda, a menos que se acuerde lo contrario.<\/li>\n<li>Villa Alcalde es una propiedad para no fumadores y bajo ninguna circunstancia se deben fumar cigarrillos dentro de la casa.<\/li>\n<li>Se entiende que no se admiten mascotas en la propiedad.<\/li>\n<li>El cliente deja su coche en la propiedad a su propio riesgo, y el propietario no se hace responsable de ning\u00fan veh\u00edculo o del contenido de ning\u00fan veh\u00edculo.<\/li>\n<li>El establecimiento no acepta tiendas, caravanas o coches de acampada en la propiedad.<\/li>\n<li>Si el cliente desea invitar a cualquier persona, m\u00e1s all\u00e1 del n\u00famero que aparece en la carta de confirmaci\u00f3n de la reserva, a la propiedad, debe obtener el permiso por escrito del propietario que se reserva el derecho de realizar un cargo adecuado o denegar el acceso.<\/li>\n<li>Los clientes aceptan ser un inquilino considerado, para cuidar bien de la propiedad y dejarlo en el mismo estado que se encontr\u00f3 al final del per\u00edodo de alquiler. Con el fin de facilitar el mantenimiento adecuado de la casa, el propietario proporcionar\u00e1, una limpieza en medio de su estancia, para cualquier estancia superior a 7 d\u00edas. Al final de su estancia se espera que el cliente deje la casa en un estado ordenado, con la ropa de cama quitada, la basura sacada y la cocina ordenada con platos en el lavavajillas.<\/li>\n<li>El cliente no puede bajo ninguna circunstancia volver a alquilar o subarrendar la propiedad, ni siquiera gratuitamente.<\/li>\n<li>El grupo de inquilinos debe asegurarse de tener un seguro adecuado para ellos mismos. El propietario no tiene responsabilidad por accidentes personales, y esta es una condici\u00f3n expl\u00edcita del contrato de alquiler.<\/li>\n<li>El propietario no ser\u00e1 responsable ante el cliente:<br \/>\n&#8211; por cualquier interrupci\u00f3n temporal en el suministro de servicios p\u00fablicos a la propiedad;<br \/>\n&#8211; por cualquier p\u00e9rdida, da\u00f1o o lesi\u00f3n que pueda resultar de condiciones climatol\u00f3gicas adversas o de cualquier otro asunto fuera del control del propietario;<br \/>\n&#8211; por cualquier p\u00e9rdida o da\u00f1o o inconveniente sufrido por el cliente si la propiedad es destruida o da\u00f1ada sustancialmente antes del comienzo del periodo de alquiler. En tal caso, el propietario reembolsar\u00e1 inmediatamente al cliente todas las sumas pagadas anteriormente.<\/li>\n<li>  En ning\u00fan caso la responsabilidad del propietario ante el cliente exceder\u00e1 de la cantidad pagada al propietario por el periodo de alquiler.<br \/>\n16.1 El contrato se regir\u00e1 por la legislaci\u00f3n espa\u00f1ola en todos sus extremos, incluidos su formaci\u00f3n e interpretaci\u00f3n, y se entender\u00e1 celebrado en Espa\u00f1a.<\/li>\n<li>NOTAS<br \/>\n17.1 El propietario proporciona todas las s\u00e1banas, toallas de ba\u00f1o, pa\u00f1os de cocina y toallas de piscina. Tambi\u00e9n se proporcionan toallas de playa de serie.<br \/>\n17.2 Proporcionamos una cuna y una trona de beb\u00e9 de serie.<br \/>\n17.3 Antes de tu llegada, recibir\u00e1s los datos de contacto de los encargados de la villa para todos los asuntos de mantenimiento y limpieza in situ durante tu estancia. Ser\u00e1n el principal punto de contacto durante toda tu estancia por si surge alguna duda o problema. Tambi\u00e9n te enviaremos la documentaci\u00f3n de llegada, las indicaciones para llegar a la casa y las instrucciones para el registro de entrada.<br \/>\n17.4 La piscina y el jacuzzi se revisan y limpian regularmente, al menos dos veces por semana, o m\u00e1s si el n\u00famero de hu\u00e9spedes lo requiere. La persona de mantenimiento de la piscina \/ jacuzzi tiene una llave de la puerta principal y vendr\u00e1 siempre que sea posible dependiendo de su horario, sin embargo, a menos que sea urgente todo el personal evita cualquier visita durante las horas insociables!<br \/>\n17.5 El arrendatario debe garantizar la seguridad de todos los miembros de su grupo con respecto a la piscina. Las piscinas son peligrosas para los ni\u00f1os y deben ser vigiladas por los adultos cuando est\u00e1n en el jard\u00edn. El propietario no asume absolutamente ninguna responsabilidad por cualquier accidente de nataci\u00f3n por parte de los inquilinos.<\/li>\n<\/ol>\n<\/div>\n","protected":false},"excerpt":{"rendered":"<p>La propiedad, \u00abVilla Alcalde\u00bb, situada en Camino del Volc\u00e1n L, 5, 35571 T\u00edas, Las Palmas, Espa\u00f1a, es ofrecida para alquiler vacacional por los propietarios privados. Para reservar temporalmente\/reservar la propiedad, esto s\u00f3lo puede hacerse reservando en l\u00ednea en www.villaalcaldelanzarote.com o a trav\u00e9s de un socio aprobado cuando exista un listado oficial aprobado por nosotros, no&hellip;<\/p>\n","protected":false},"author":1,"featured_media":0,"parent":0,"menu_order":0,"comment_status":"closed","ping_status":"closed","template":"","meta":{"footnotes":""},"class_list":["post-3408","page","type-page","status-publish","hentry","description-off"],"acf":[],"_links":{"self":[{"href":"https:\/\/villaalcaldelanzarote.com\/es\/wp-json\/wp\/v2\/pages\/3408","targetHints":{"allow":["GET"]}}],"collection":[{"href":"https:\/\/villaalcaldelanzarote.com\/es\/wp-json\/wp\/v2\/pages"}],"about":[{"href":"https:\/\/villaalcaldelanzarote.com\/es\/wp-json\/wp\/v2\/types\/page"}],"author":[{"embeddable":true,"href":"https:\/\/villaalcaldelanzarote.com\/es\/wp-json\/wp\/v2\/users\/1"}],"replies":[{"embeddable":true,"href":"https:\/\/villaalcaldelanzarote.com\/es\/wp-json\/wp\/v2\/comments?post=3408"}],"version-history":[{"count":1,"href":"https:\/\/villaalcaldelanzarote.com\/es\/wp-json\/wp\/v2\/pages\/3408\/revisions"}],"predecessor-version":[{"id":5854,"href":"https:\/\/villaalcaldelanzarote.com\/es\/wp-json\/wp\/v2\/pages\/3408\/revisions\/5854"}],"wp:attachment":[{"href":"https:\/\/villaalcaldelanzarote.com\/es\/wp-json\/wp\/v2\/media?parent=3408"}],"curies":[{"name":"wp","href":"https:\/\/api.w.org\/{rel}","templated":true}]}}