{"id":5978,"date":"2025-02-18T23:00:21","date_gmt":"2025-02-18T23:00:21","guid":{"rendered":"https:\/\/villaalcaldelanzarote.com\/inicio-nuevo\/"},"modified":"2025-09-15T11:10:59","modified_gmt":"2025-09-15T11:10:59","slug":"inicio-nuevo","status":"publish","type":"page","link":"https:\/\/villaalcaldelanzarote.com\/es\/","title":{"rendered":"Inicio Nuevo"},"content":{"rendered":"<div class=\"wpb-content-wrapper\"><p>[vc_row full_width=\u00bbstretch_row\u00bb type=\u00bbvc_default\u00bb css=\u00bb.vc_custom_1740073822132{margin-top: -152px !important;}\u00bb el_class=\u00bbcustom-row-2&#8243;][vc_column css=\u00bb.vc_custom_1492705329900{padding-top: 0px !important;}\u00bb][vc_row_inner css=\u00bb.vc_custom_1492705400904{padding-top: 0px !important;}\u00bb][vc_column_inner width=\u00bb1\/2&#8243; css=\u00bb.vc_custom_1489252094501{padding-top: 70px !important;padding-right: 0px !important;}\u00bb][\/vc_column_inner][vc_column_inner width=\u00bb1\/2&#8243; css=\u00bb.vc_custom_1739205492688{padding-right: 0px !important;padding-left: 0px !important;}\u00bb][vc_column_text css=\u00bb.vc_custom_1740135096788{margin-bottom: 0px !important;padding-top: 30px !important;padding-right: 30px !important;padding-bottom: 30px !important;padding-left: 30px !important;background-color: #f3eee9 !important;}\u00bb]<\/p>\n<h1>Villa Alcalde <span class=\"bul\"> &#8211; Lanzarote <\/span><\/h1>\n<p>[\/vc_column_text][vc_separator color=\u00bbblack\u00bb el_width=\u00bb90&#8243; css=\u00bb\u00bb][\/vc_column_inner][\/vc_row_inner][\/vc_column][\/vc_row][vc_row full_width=\u00bbstretch_row\u00bb type=\u00bbvc_default\u00bb el_id=\u00bbintroducci\u00f3n\u00bb el_class=\u00bbmain_row\u00bb][vc_column css=\u00bb.vc_custom_1739400473438{padding-top: 30px !important;}\u00bb][vc_row_inner equal_height=\u00bbyes\u00bb content_placement=\u00bbmiddle\u00bb][vc_column_inner width=\u00bb1\/2&#8243; css=\u00bb.vc_custom_1739442609072{margin-bottom: 0px !important;padding-right: 30px !important;}\u00bb][vc_single_image image=\u00bb5317&#8243; img_size=\u00bbfull\u00bb onclick=\u00bblink_image\u00bb lazy_loading=\u00bbtrue\u00bb][\/vc_column_inner][vc_column_inner width=\u00bb1\/2&#8243; css=\u00bb.vc_custom_1739490718020{padding-right: 40px !important;padding-left: 30px !important;}\u00bb][vc_column_text css=\u00bb.vc_custom_1740004169849{margin-bottom: 0px !important;}\u00bb]<\/p>\n<h2>Presentaci\u00f3n de Villa Alcalde<\/h2>\n<p><span style=\"font-weight: 600;\">Villa Alcalde es una lujosa villa de 7 dormitorios \/ 8 ba\u00f1os con piscina privada en un entorno tranquilo junto al c\u00e9ntrico pueblo de M\u00e1cher, Lanzarote.<\/span><\/p>\n<p>Aprovechando una posici\u00f3n elevada, Villa Alcalde cuenta con vistas ininterrumpidas. Contempla el oc\u00e9ano Atl\u00e1ntico, el sol poni\u00e9ndose tras los volcanes del parque nacional, o las lejanas luces de Puerto Calero y Arrecife. En Villa Alcalde sentir\u00e1s que esta isla m\u00e1gica es toda tuya.[\/vc_column_text][\/vc_column_inner][\/vc_row_inner][\/vc_column][\/vc_row][vc_row full_width=\u00bbstretch_row\u00bb type=\u00bbvc_default\u00bb el_id=\u00bbdentro de\u00bb el_class=\u00bbmain_row\u00bb][vc_column css=\u00bb.vc_custom_1739443687974{padding-top: 55px !important;}\u00bb][vc_row_inner equal_height=\u00bbyes\u00bb content_placement=\u00bbmiddle\u00bb][vc_column_inner el_class=\u00bbswap_text_image\u00bb width=\u00bb1\/2&#8243; css=\u00bb.vc_custom_1739743427866{padding-right: 30px !important;padding-left: 40px !important;}\u00bb][vc_column_text css=\u00bb.vc_custom_1739918786255{margin-bottom: 0px !important;border-radius: 1px !important;}\u00bb]<\/p>\n<h2>Interior de la Villa<\/h2>\n<p>Villa Alcalde ha sido cuidadosamente restaurada y modernizada para viajes de lujo.<\/p>\n<p>La capacidad est\u00e1ndar es de 14 plazas, pero tambi\u00e9n hay una habitaci\u00f3n acogedora que se adapta como dormitorio adicional (con ba\u00f1o propio), por lo que la capacidad m\u00e1xima es de 16 hu\u00e9spedes.<\/p>\n<p>La zona principal de sal\u00f3n\/comedor y cocina, de planta abierta, est\u00e1 en la primera planta, con puertas acristaladas que dan a preciosas terrazas a lo largo de toda la casa en 2 lados, creando un maravilloso espacio de vida interior\/exterior con vistas impresionantes.[\/vc_column_text][\/vc_column_inner][vc_column_inner width=\u00bb1\/2&#8243; css=\u00bb.vc_custom_1739281172147{padding-left: 30px !important;}\u00bb][vc_single_image image=\u00bb5305&#8243; img_size=\u00bbfull\u00bb onclick=\u00bblink_image\u00bb lazy_loading=\u00bbtrue\u00bb][\/vc_column_inner][\/vc_row_inner][\/vc_column][\/vc_row][vc_row full_width=\u00bbstretch_row\u00bb type=\u00bbvc_default\u00bb el_id=\u00bbfuera de\u00bb el_class=\u00bbmain_row last_row\u00bb][vc_column css=\u00bb.vc_custom_1739455005487{padding-top: 55px !important;}\u00bb][vc_row_inner equal_height=\u00bbyes\u00bb content_placement=\u00bbmiddle\u00bb][vc_column_inner width=\u00bb1\/2&#8243; css=\u00bb.vc_custom_1739403152013{padding-right: 30px !important;}\u00bb][vc_single_image image=\u00bb5333&#8243; img_size=\u00bbfull\u00bb lazy_loading=\u00bbtrue\u00bb][\/vc_column_inner][vc_column_inner width=\u00bb1\/2&#8243; css=\u00bb.vc_custom_1739490736329{padding-right: 40px !important;padding-left: 30px !important;}\u00bb][vc_column_text css=\u00bb.vc_custom_1739918864650{margin-bottom: 0px !important;border-radius: 1px !important;}\u00bb]<\/p>\n<h2>Exterior de la Villa<\/h2>\n<p>Situado dentro de un enorme terreno amurallado de 1200m, este villa de vacaciones es una de las mejores de Lanzarote. La zona ajardinada incluye una piscina cubierta climatizada inspirada en C\u00e9sar Manrique -una de las piscinas residenciales m\u00e1s grandes de Lanzarote- y un jacuzzi elevado separado para disfrutar de las impresionantes vistas de la regi\u00f3n. Tambi\u00e9n hay una terraza para tomar el sol, una hoguera\/barbacoa y una cocina exterior. <\/p>\n<p>Hay una zona de juegos que incluye una mesa de billar exterior, \u00a1adem\u00e1s de muchas zonas para escaparse y relajarse a solas![\/vc_column_text][\/vc_column_inner][\/vc_row_inner][\/vc_column][\/vc_row][vc_row][vc_column css=\u00bb.vc_custom_1740000721510{padding-top: 25px !important;padding-bottom: 85px !important;}\u00bb]<div class=\" vc_custom_1739919494734 ubtn-ctn-center cta_button\"><a class=\"ubtn-link ult-adjust-bottom-margin ubtn-center ubtn-normal cta_button\" href=\"https:\/\/villaalcaldelanzarote.com\/villa-alcalde\/\" title=\"Book Now\" ><button type=\"button\" id=\"ubtn-6232\"  class=\"ubtn ult-adjust-bottom-margin ult-responsive ubtn-normal ubtn-fade-bg  none  ubtn-center   tooltip-69e89506eb373\"  data-hover=\"\" data-border-color=\"\" data-bg=\"\" data-hover-bg=\"#dfd5c9\" data-border-hover=\"\" data-shadow-hover=\"\" data-shadow-click=\"none\" data-shadow=\"\" data-shd-shadow=\"\"  data-ultimate-target='#ubtn-6232'  data-responsive-json-new='{\"font-size\":\"\",\"line-height\":\"\"}'  style=\"font-weight:normal;border-radius:0px;border-width:1px;border-color:;border-style:solid;\"><span class=\"ubtn-hover\" style=\"background-color:#dfd5c9\"><\/span><span class=\"ubtn-data ubtn-text \" >La Villa<\/span><\/button><\/a><\/div>[\/vc_column][\/vc_row][vc_row bg_type=\u00bbbg_color\u00bb bg_override=\u00bbex-full\u00bb bg_color_value=\u00bb#352f2d\u00bb css=\u00bb.vc_custom_1739920478387{background-color: #352f2d !important;}\u00bb][vc_column css=\u00bb.vc_custom_1739486320209{padding-top: 55px !important;}\u00bb][vc_row_inner el_class=\u00bbkey_info\u00bb css=\u00bb.vc_custom_1739977966612{padding-top: 10px !important;padding-bottom: 55px !important;}\u00bb][vc_column_inner width=\u00bb1\/4&#8243;]<div id=\"ultimate-heading-333369e89506eb771\" class=\"uvc-heading ult-adjust-bottom-margin ultimate-heading-333369e89506eb771 uvc-3285  uvc-heading-default-font-sizes\" data-hspacer=\"icon_only\"  data-halign=\"center\" style=\"text-align:center\"><div class=\"uvc-heading-spacer icon_only\" style=\"top\"><div class=\"ult-just-icon-wrapper  \"><div class=\"align-icon\" style=\"text-align:center;\">\n<div class=\"aio-icon none \"  style=\"color:#ffffff;font-size:20px;display:inline-block;\">\n\t<i class=\"Defaults-group users\"><\/i>\n<\/div><\/div><\/div><\/div><div class=\"uvc-main-heading ult-responsive\"  data-ultimate-target='.uvc-heading.ultimate-heading-333369e89506eb771 h2'  data-responsive-json-new='{\"font-size\":\"\",\"line-height\":\"\"}' ><h2 style=\"--font-weight:theme;\">Capacidad<\/h2><\/div><\/div>[vc_column_text css=\u00bb\u00bb]16 plazas<br \/>\n7 dormitorios<br \/>\n8 ba\u00f1os[\/vc_column_text][\/vc_column_inner][vc_column_inner width=\u00bb1\/4&#8243;]<div id=\"ultimate-heading-118169e89506eb8b8\" class=\"uvc-heading ult-adjust-bottom-margin ultimate-heading-118169e89506eb8b8 uvc-4084  uvc-heading-default-font-sizes\" data-hspacer=\"icon_only\"  data-halign=\"center\" style=\"text-align:center\"><div class=\"uvc-heading-spacer icon_only\" style=\"top\"><div class=\"ult-just-icon-wrapper  \"><div class=\"align-icon\" style=\"text-align:center;\">\n<div class=\"aio-icon none \"  style=\"color:#ffffff;font-size:20px;display:inline-block;\">\n\t<i class=\"fas fa-water\"><\/i>\n<\/div><\/div><\/div><\/div><div class=\"uvc-main-heading ult-responsive\"  data-ultimate-target='.uvc-heading.ultimate-heading-118169e89506eb8b8 h2'  data-responsive-json-new='{\"font-size\":\"\",\"line-height\":\"\"}' ><h2 style=\"--font-weight:theme;\">Piscina privada<\/h2><\/div><\/div>[vc_column_text css=\u00bb\u00bb]12 x 3 metros<br \/>\nclimatizada\/cerrada<br \/>\nba\u00f1era de hidromasaje[\/vc_column_text][\/vc_column_inner][vc_column_inner width=\u00bb1\/4&#8243;]<div id=\"ultimate-heading-953269e89506eb9b6\" class=\"uvc-heading ult-adjust-bottom-margin ultimate-heading-953269e89506eb9b6 uvc-5221  uvc-heading-default-font-sizes\" data-hspacer=\"icon_only\"  data-halign=\"center\" style=\"text-align:center\"><div class=\"uvc-heading-spacer icon_only\" style=\"top\"><div class=\"ult-just-icon-wrapper  \"><div class=\"align-icon\" style=\"text-align:center;\">\n<div class=\"aio-icon none \"  style=\"color:#ffffff;font-size:20px;display:inline-block;\">\n\t<i class=\"fas fa-fire-alt\"><\/i>\n<\/div><\/div><\/div><\/div><div class=\"uvc-main-heading ult-responsive\"  data-ultimate-target='.uvc-heading.ultimate-heading-953269e89506eb9b6 h2'  data-responsive-json-new='{\"font-size\":\"\",\"line-height\":\"\"}' ><h2 style=\"--font-weight:theme;\">Comodidades<\/h2><\/div><\/div>[vc_column_text css=\u00bb\u00bb]gran barbacoa de piedra<br \/>\nmesa de billar\/tenis de mesa<br \/>\nwifi[\/vc_column_text][\/vc_column_inner][vc_column_inner width=\u00bb1\/4&#8243;]<div id=\"ultimate-heading-124269e89506ebaa6\" class=\"uvc-heading ult-adjust-bottom-margin ultimate-heading-124269e89506ebaa6 uvc-8248  uvc-heading-default-font-sizes\" data-hspacer=\"icon_only\"  data-halign=\"center\" style=\"text-align:center\"><div class=\"uvc-heading-spacer icon_only\" style=\"top\"><div class=\"ult-just-icon-wrapper  \"><div class=\"align-icon\" style=\"text-align:center;\">\n<div class=\"aio-icon none \"  style=\"color:#ffffff;font-size:20px;display:inline-block;\">\n\t<i class=\"icomoon-the7-font-the7-map-03\"><\/i>\n<\/div><\/div><\/div><\/div><div class=\"uvc-main-heading ult-responsive\"  data-ultimate-target='.uvc-heading.ultimate-heading-124269e89506ebaa6 h2'  data-responsive-json-new='{\"font-size\":\"\",\"line-height\":\"\"}' ><h2 style=\"--font-weight:theme;\">Ubicaci\u00f3n<\/h2><\/div><\/div>[vc_column_text css=\u00bb\u00bb]M\u00e1cher<br \/>\nA 10 minutos de la costa<br \/>\nA 15 minutos del aeropuerto[\/vc_column_text][\/vc_column_inner][\/vc_row_inner][\/vc_column][\/vc_row][vc_row][vc_column css=\u00bb.vc_custom_1739985494507{padding-top: 55px !important;}\u00bb]<div id=\"ultimate-heading-528969e89506ebb06\" class=\"uvc-heading ult-adjust-bottom-margin ultimate-heading-528969e89506ebb06 uvc-980  uvc-heading-default-font-sizes\" data-hspacer=\"no_spacer\"  data-halign=\"center\" style=\"text-align:center\"><div class=\"uvc-heading-spacer no_spacer\" style=\"top\"><\/div><div class=\"uvc-main-heading ult-responsive\"  data-ultimate-target='.uvc-heading.ultimate-heading-528969e89506ebb06 h2'  data-responsive-json-new='{\"font-size\":\"\",\"line-height\":\"\"}' ><h2 style=\"--font-weight:theme;\">Disponibilidad<\/h2><\/div><\/div>\n<div id=\"b24_widget_69e89506ebbc2\"><span style=\"color:#fff\">Booking widget b24_widget_69e89506ebbc2<\/span><\/div>\n\n<!-- jquery widget code -->\n<script>\njQuery(document).ready(function() {var b24Attr={widgettype:\"AvailabilityCalendar\",propid:\"31286\",alignment:\"center\",backgroundColor:\"#F3EEE9\",borderColor:\"#F3EEE9\",buttonBackgroundColor:\"#DD3333\",buttonColor:\"#FFFFFF\",color:\"#000000\",defaultNumAdult:\"2\",defaultNumNight:\"5\",fontSize:\"18px\",formAction:\"https:\/\/villaalcaldelanzarote.com\/es\/reserva-ahora\/\",formTarget:\"_parent\",numMonth:\"4\",pastBackgroundColor:\"#DDD5CA\",pastColor:\"#978B87\",peopleSelection:\"1\",requestBackgroundColor:\"#DDD5CA\",requestColor:\"#352F2D\",weekFirstDay:\"1\",widgetLang:\"es\",widgetType:\"AvailabilityCalendar\",width:\"100%\",unavailableBackgroundColor:\"#A75B3F\",unavailableColor:\"#FFFFFF\",};jQuery('#b24_widget_69e89506ebbc2').bookWidget(b24Attr);});\n<\/script>\n\n<div class=\" vc_custom_1752679533828 ubtn-ctn-center cta_button\"><a class=\"ubtn-link ult-adjust-bottom-margin ubtn-center ubtn-normal cta_button\" href=\"https:\/\/villaalcaldelanzarote.com\/book-now\/\" title=\"Book Now\" ><button type=\"button\" id=\"ubtn-8822\"  class=\"ubtn ult-adjust-bottom-margin ult-responsive ubtn-normal ubtn-fade-bg  none  ubtn-center   tooltip-69e89506ebc73\"  data-hover=\"\" data-border-color=\"\" data-bg=\"\" data-hover-bg=\"#dfd5c9\" data-border-hover=\"\" data-shadow-hover=\"\" data-shadow-click=\"none\" data-shadow=\"\" data-shd-shadow=\"\"  data-ultimate-target='#ubtn-8822'  data-responsive-json-new='{\"font-size\":\"\",\"line-height\":\"\"}'  style=\"font-weight:normal;border-radius:0px;border-width:1px;border-color:;border-style:solid;\"><span class=\"ubtn-hover\" style=\"background-color:#dfd5c9\"><\/span><span class=\"ubtn-data ubtn-text \" >Reserva Ahora<\/span><\/button><\/a><\/div>[vc_separator color=\"black\" css=\".vc_custom_1739985475133{padding-top: 55px !important;}\"][\/vc_column][\/vc_row][vc_row full_width=\"stretch_row\" rtl_reverse=\"yes\" type=\"vc_default\" el_id=\"Lanzarote\" el_class=\"main_row\"][vc_column css=\".vc_custom_1739455195922{padding-top: 55px !important;}\"][vc_row_inner equal_height=\"yes\" content_placement=\"middle\"][vc_column_inner el_class=\"swap_text_image\" width=\"1\/2\" css=\".vc_custom_1739743456271{padding-right: 30px !important;padding-left: 40px !important;}\"][vc_column_text css=\".vc_custom_1739985665619{margin-bottom: 0px !important;border-radius: 1px !important;}\"]<\/p>\n<h2>Lanzarote<\/h2>\n<p>Lanzarote es mucho m\u00e1s que simplemente el mejor clima de Europa. La cobertura reciente de los medios de comunicaci\u00f3n, que exploran los caminos menos \"trillados\", la han destacado como un para\u00edso de cultura y belleza. O como dijo el London Evening Standard, el nuevo \"destino hipster\".<\/p>\n<p>El Paisaje de Lanzarote ofrece 213km de costa, de los cuales 10 km son arena, 16,5 km son playa, y el resto es rocoso.[\/vc_column_text]<div class=\" vc_custom_1739999761494 ubtn-ctn-left cta_button\"><a class=\"ubtn-link ult-adjust-bottom-margin ubtn-left ubtn-small cta_button\" href=\"https:\/\/villaalcaldelanzarote.com\/lanzarote\/\" title=\"Book Now\" ><button type=\"button\" id=\"ubtn-9022\"  class=\"ubtn ult-adjust-bottom-margin ult-responsive ubtn-small ubtn-fade-bg  none  ubtn-left   tooltip-69e89506ebd19\"  data-hover=\"\" data-border-color=\"\" data-bg=\"\" data-hover-bg=\"#dfd5c9\" data-border-hover=\"\" data-shadow-hover=\"\" data-shadow-click=\"none\" data-shadow=\"\" data-shd-shadow=\"\"  data-ultimate-target='#ubtn-9022'  data-responsive-json-new='{\"font-size\":\"\",\"line-height\":\"\"}'  style=\"font-weight:normal;border-radius:0px;border-width:1px;border-color:;border-style:solid;\"><span class=\"ubtn-hover\" style=\"background-color:#dfd5c9\"><\/span><span class=\"ubtn-data ubtn-text \" >Leer m\u00e1s<\/span><\/button><\/a><\/div>[\/vc_column_inner][vc_column_inner width=\"1\/2\" css=\".vc_custom_1739455493146{padding-left: 30px !important;}\"][vc_single_image image=\"5370\" img_size=\"full\" css=\"\"][\/vc_column_inner][\/vc_row_inner][\/vc_column][\/vc_row][vc_row full_width=\"stretch_row\" type=\"vc_default\" el_id=\"extras\" el_class=\"main_row\"][vc_column css=\".vc_custom_1742911860497{padding-top: 55px !important;padding-bottom: 85px !important;}\"][vc_row_inner equal_height=\"yes\" content_placement=\"middle\"][vc_column_inner width=\"1\/2\" css=\".vc_custom_1739456563499{padding-right: 30px !important;}\"][vc_single_image image=\"5371\" img_size=\"full\" css=\"\"][\/vc_column_inner][vc_column_inner width=\"1\/2\" css=\".vc_custom_1739490754542{padding-right: 40px !important;padding-left: 30px !important;}\"][vc_column_text css=\".vc_custom_1739985883889{margin-bottom: 0px !important;border-radius: 1px !important;}\"]<\/p>\n<h2>Servicios adicionales<\/h2>\n<p>En Villa Alcalde somos mucho m\u00e1s que los proveedores de una propiedad de lujo para tu uso: estamos aqu\u00ed para ayudarte en todo lo que podamos. \u00a1Lo que podemos ayudarte a planificar s\u00f3lo est\u00e1 limitado por tu imaginaci\u00f3n para divertirte! <\/p>\n<p>Estamos aqu\u00ed para ayudarte y proporcionarte un conocimiento local inigualable, as\u00ed que no dudes en solicitar nuestra ayuda.[\/vc_column_text]<div class=\" vc_custom_1739999772210 ubtn-ctn-left cta_button\"><a class=\"ubtn-link ult-adjust-bottom-margin ubtn-left ubtn-small cta_button\" href=\"https:\/\/villaalcaldelanzarote.com\/extra-services\/\" title=\"Book Now\" ><button type=\"button\" id=\"ubtn-2268\"  class=\"ubtn ult-adjust-bottom-margin ult-responsive ubtn-small ubtn-fade-bg  none  ubtn-left   tooltip-69e89506ebda7\"  data-hover=\"\" data-border-color=\"\" data-bg=\"\" data-hover-bg=\"#dfd5c9\" data-border-hover=\"\" data-shadow-hover=\"\" data-shadow-click=\"none\" data-shadow=\"\" data-shd-shadow=\"\"  data-ultimate-target='#ubtn-2268'  data-responsive-json-new='{\"font-size\":\"\",\"line-height\":\"\"}'  style=\"font-weight:normal;border-radius:0px;border-width:1px;border-color:;border-style:solid;\"><span class=\"ubtn-hover\" style=\"background-color:#dfd5c9\"><\/span><span class=\"ubtn-data ubtn-text \" >Leer m\u00e1s<\/span><\/button><\/a><\/div>[\/vc_column_inner][\/vc_row_inner][\/vc_column][\/vc_row][vc_row full_width=\"stretch_row\" bg_type=\"bg_color\" bg_override=\"ex-full\" type=\"vc_default\" el_id=\"kiposhi\" el_class=\"main_row last_row\" css=\".vc_custom_1742942642213{padding-top: 20px !important;padding-bottom: 20px !important;background-color: #DDD5CA !important;}\" bg_color_value=\"#DDD5CA\"][vc_column css=\".vc_custom_1742942651666{padding-top: 35px !important;padding-right: 30px !important;padding-bottom: 35px !important;padding-left: 30px !important;}\"][vc_row_inner equal_height=\"yes\" content_placement=\"middle\"][vc_column_inner el_class=\"swap_text_image\" width=\"2\/3\" css=\".vc_custom_1742942567122{padding-right: 30px !important;}\"][vc_column_text css=\".vc_custom_1744989800639{margin-bottom: 0px !important;border-radius: 1px !important;}\"]<\/p>\n<h2><span style=\"font-weight: 800;\">Nuevas propiedades:<\/span><br \/>\nApartamentos Kiposhi junto a la playa, Punta Mujeres<\/h2>\n<p>Dos apartamentos nuevos junto a la playa, en un lugar tranquilo y rural, junto a los tradicionales pueblos pesqueros canarios de Punta Mujeres y Arrieta. El mar cristalino, virgen del turismo de masas, te espera a pocos pasos de tu apartamento.[\/vc_column_text]<div class=\" vc_custom_1740407704110 ubtn-ctn-left cta_button\"><a class=\"ubtn-link ult-adjust-bottom-margin ubtn-left ubtn-small cta_button\" href=\"https:\/\/villaalcaldelanzarote.com\/kiposhi-apartments\/\" title=\"Read more\" ><button type=\"button\" id=\"ubtn-3221\"  class=\"ubtn ult-adjust-bottom-margin ult-responsive ubtn-small ubtn-fade-bg  none  ubtn-left   tooltip-69e89506ebe28\"  data-hover=\"\" data-border-color=\"\" data-bg=\"\" data-hover-bg=\"#dfd5c9\" data-border-hover=\"\" data-shadow-hover=\"\" data-shadow-click=\"none\" data-shadow=\"\" data-shd-shadow=\"\"  data-ultimate-target='#ubtn-3221'  data-responsive-json-new='{\"font-size\":\"\",\"line-height\":\"\"}'  style=\"font-weight:normal;border-radius:0px;border-width:1px;border-color:;border-style:solid;\"><span class=\"ubtn-hover\" style=\"background-color:#dfd5c9\"><\/span><span class=\"ubtn-data ubtn-text \" >Leer m\u00e1s<\/span><\/button><\/a><\/div>[\/vc_column_inner][vc_column_inner width=\"1\/3\" css=\".vc_custom_1742912278264{margin-bottom: 10px !important;padding-left: 30px !important;}\"][vc_single_image image=\"5643\" img_size=\"full\" css=\"\" lazy_loading=\"true\"][\/vc_column_inner][\/vc_row_inner][\/vc_column][\/vc_row]<\/p>\n<\/div>","protected":false},"excerpt":{"rendered":"<p>[vc_row full_width=\u00bbstretch_row\u00bb type=\u00bbvc_default\u00bb css=\u00bb.vc_custom_1740073822132{margin-top: -152px !important;}\u00bb el_class=\u00bbcustom-row-2&#8243;][vc_column css=\u00bb.vc_custom_1492705329900{padding-top: 0px !important;}\u00bb][vc_row_inner css=\u00bb.vc_custom_1492705400904{padding-top: 0px !important;}\u00bb][vc_column_inner width=\u00bb1\/2&#8243; css=\u00bb.vc_custom_1489252094501{padding-top: 70px !important;padding-right: 0px !important;}\u00bb][\/vc_column_inner][vc_column_inner width=\u00bb1\/2&#8243; css=\u00bb.vc_custom_1739205492688{padding-right: 0px !important;padding-left: 0px !important;}\u00bb][vc_column_text css=\u00bb.vc_custom_1740135096788{margin-bottom: 0px !important;padding-top: 30px !important;padding-right: 30px !important;padding-bottom: 30px !important;padding-left: 30px !important;background-color: #f3eee9 !important;}\u00bb] Villa Alcalde &#8211; Lanzarote [\/vc_column_text][vc_separator color=\u00bbblack\u00bb el_width=\u00bb90&#8243; css=\u00bb\u00bb][\/vc_column_inner][\/vc_row_inner][\/vc_column][\/vc_row][vc_row full_width=\u00bbstretch_row\u00bb type=\u00bbvc_default\u00bb el_id=\u00bbintroducci\u00f3n\u00bb el_class=\u00bbmain_row\u00bb][vc_column css=\u00bb.vc_custom_1739400473438{padding-top: 30px !important;}\u00bb][vc_row_inner equal_height=\u00bbyes\u00bb content_placement=\u00bbmiddle\u00bb][vc_column_inner&hellip;<\/p>\n","protected":false},"author":1,"featured_media":0,"parent":0,"menu_order":0,"comment_status":"closed","ping_status":"closed","template":"","meta":{"footnotes":""},"class_list":["post-5978","page","type-page","status-publish","hentry","description-off"],"acf":[],"_links":{"self":[{"href":"https:\/\/villaalcaldelanzarote.com\/es\/wp-json\/wp\/v2\/pages\/5978","targetHints":{"allow":["GET"]}}],"collection":[{"href":"https:\/\/villaalcaldelanzarote.com\/es\/wp-json\/wp\/v2\/pages"}],"about":[{"href":"https:\/\/villaalcaldelanzarote.com\/es\/wp-json\/wp\/v2\/types\/page"}],"author":[{"embeddable":true,"href":"https:\/\/villaalcaldelanzarote.com\/es\/wp-json\/wp\/v2\/users\/1"}],"replies":[{"embeddable":true,"href":"https:\/\/villaalcaldelanzarote.com\/es\/wp-json\/wp\/v2\/comments?post=5978"}],"version-history":[{"count":3,"href":"https:\/\/villaalcaldelanzarote.com\/es\/wp-json\/wp\/v2\/pages\/5978\/revisions"}],"predecessor-version":[{"id":6092,"href":"https:\/\/villaalcaldelanzarote.com\/es\/wp-json\/wp\/v2\/pages\/5978\/revisions\/6092"}],"wp:attachment":[{"href":"https:\/\/villaalcaldelanzarote.com\/es\/wp-json\/wp\/v2\/media?parent=5978"}],"curies":[{"name":"wp","href":"https:\/\/api.w.org\/{rel}","templated":true}]}}